{"id":11270,"date":"2023-01-23T12:31:37","date_gmt":"2023-01-23T10:31:37","guid":{"rendered":"https:\/1666371845243\/?post_type=product&#038;p=11270"},"modified":"2023-12-07T13:01:57","modified_gmt":"2023-12-07T11:01:57","slug":"naryste","status":"publish","type":"product","link":"https:\/\/vaa.lt\/en\/product\/naryste\/","title":{"rendered":"Nario mokestis pagal Asociacijos 2021-04-29 visuotinio nari\u0173 susirinkimo protokol\u0105"},"content":{"rendered":"<div class=\"wpb-content-wrapper\"><div class=\"vc_row wpb_row row top-row wpb_custom_034b39d9bc6c6b310d69e39f0ccf274f\"><div class=\"vc_column_container col-md-12\"><div class=\"wpb_wrapper vc_column-inner\">\r\n\t<div class=\"wpb_text_column wpb_content_element wpb_custom_7c91d232724f73626cc933bd95b25ff0\" >\r\n\t\t<div class=\"wpb_wrapper\">\r\n\t\t\t<p style=\"text-align: justify;\">Naujiems VAA nariams, \u012fstojusiems \u012f VAA nuo sausio 1 d. iki rugs\u0117jo 30 d. sumok\u0117tas mokestis \u012fskaitomas u\u017e einamuosius metus. Naujiems VAA nariams, \u012fstojusiems \u012f VAA nuo spalio 1 d. iki gruod\u017eio 31 d., sumok\u0117tas nario mokestis \u012fskaitomas u\u017e einamuosius ir ateinan\u010dius metus. V\u0117liau VAA nariai einam\u0105j\u012f mokest\u012f moka vien\u0105 kart\u0105 per metus u\u017e ateinan\u010dius kalendorinius metus. Mokestis privalo b\u016bti sumok\u0117tas iki einam\u0173j\u0173 met\u0173 gruod\u017eio 31 d. ir \u012fskaitomas u\u017e laikotarp\u012f nuo ateinan\u010di\u0173 met\u0173 sausio 1 d. iki gruod\u017eio 31 d.<\/p>\n\r\n\t\t<\/div>\r\n\t<\/div>\r\n<\/div><\/div><\/div>\n<\/div>","protected":false},"excerpt":{"rendered":"<p>Metin\u0117 naryst\u0117 Vidaus auditori\u0173 asociacijoje<\/p>\n<p style=\"text-align: justify;\"><strong>Svarbu! <\/strong>Naryst\u0117s mokes\u010diai yra pelno nesiekian\u010di\u0173 organizacij\u0173 \u016bkin\u0117ms komercin\u0117ms pajamoms nepriskiriami finansavimo \u0161altiniai, tod\u0117l <strong>s\u0105skaitos-fakt\u016bros<\/strong> <strong>nei\u0161ra\u0161omos<\/strong>. \u012emon\u0117ms, kurios vykdys mok\u0117jimus, nurodytu el. pa\u0161tu bus pateiktas naryst\u0117s s\u0105naudas patvirtinantis mok\u0117jimo dokumentas<strong>, <\/strong>kuris yra ir i\u0161ankstin\u0117, ir galutin\u0117 s\u0105skaita.<\/p>","protected":false},"featured_media":11852,"template":"","meta":[],"product_brand":[],"product_cat":[249],"product_tag":[],"class_list":{"0":"post-11270","1":"product","2":"type-product","3":"status-publish","4":"has-post-thumbnail","6":"product_cat-donations","8":"first","9":"instock","10":"virtual","11":"purchasable","12":"product-type-simple"},"_links":{"self":[{"href":"https:\/\/vaa.lt\/en\/wp-json\/wp\/v2\/product\/11270","targetHints":{"allow":["GET"]}}],"collection":[{"href":"https:\/\/vaa.lt\/en\/wp-json\/wp\/v2\/product"}],"about":[{"href":"https:\/\/vaa.lt\/en\/wp-json\/wp\/v2\/types\/product"}],"wp:featuredmedia":[{"embeddable":true,"href":"https:\/\/vaa.lt\/en\/wp-json\/wp\/v2\/media\/11852"}],"wp:attachment":[{"href":"https:\/\/vaa.lt\/en\/wp-json\/wp\/v2\/media?parent=11270"}],"wp:term":[{"taxonomy":"product_brand","embeddable":true,"href":"https:\/\/vaa.lt\/en\/wp-json\/wp\/v2\/product_brand?post=11270"},{"taxonomy":"product_cat","embeddable":true,"href":"https:\/\/vaa.lt\/en\/wp-json\/wp\/v2\/product_cat?post=11270"},{"taxonomy":"product_tag","embeddable":true,"href":"https:\/\/vaa.lt\/en\/wp-json\/wp\/v2\/product_tag?post=11270"}],"curies":[{"name":"wp","href":"https:\/\/api.w.org\/{rel}","templated":true}]}}