{"id":7747,"date":"2018-12-30T17:44:16","date_gmt":"2018-12-30T15:44:16","guid":{"rendered":"https:\/?page_id=7747"},"modified":"2026-01-08T09:00:16","modified_gmt":"2026-01-08T07:00:16","slug":"kvalifikaciniai-mokymai","status":"publish","type":"page","link":"https:\/\/vaa.lt\/en\/kvalifikaciniai-mokymai\/","title":{"rendered":"Kvalifikaciniai mokymai"},"content":{"rendered":"<div class=\"wpb-content-wrapper\"><div data-vc-full-width=\"true\" data-vc-full-width-temp=\"true\" data-vc-full-width-init=\"false\" class=\"vc_row wpb_row row top-row vc_custom_1546192799524 wpb_custom_034b39d9bc6c6b310d69e39f0ccf274f\"><div class=\"vc_column_container col-md-8 col-xl-8 col-lg-12 col-12 vc_custom_1519744878939\"><div class=\"wpb_wrapper vc_column-inner\">\r\n\t<div class=\"wpb_text_column wpb_content_element wpb_custom_7c91d232724f73626cc933bd95b25ff0\" >\r\n\t\t<div class=\"wpb_wrapper\">\r\n\t\t\t<p style=\"text-align: justify;\"><strong>Vidaus auditori\u0173 asociacija organizuoja 6 dien\u0173 kvalifikacinius vidaus auditori\u0173 mokymus, kurie yra rengiami pagal Vidaus auditori\u0173 asociacijos valdybos patvirtint\u0105 kvalifikacini\u0173 vidaus auditori\u0173 mokym\u0173 program\u0105.<\/strong><\/p>\n<p style=\"text-align: justify;\"><strong>VAA organizuojam\u0173 vidaus auditori\u0173 mokym\u0173 tikslas<\/strong>\u00a0\u2013 pad\u0117ti suprasti vidaus audito teorijos, vidaus kontrol\u0117s ir rizikos valdymo, valdysenos, vidaus audito planavimo, atlikimo, ataskait\u0173 ruo\u0161imo\u00a0<strong>pagrindus<\/strong> tiek vie\u0161ajame, tiek ir priva\u010diame sektoriuose, susipa\u017einti su Pasaulini\u0173 vidaus audito standart\u0173 reikalavimais ir pasirengti baigiamajam testui.<\/p>\n<p style=\"text-align: justify;\"><strong>Mokym\u0173 metu d\u0117stomos temos:<\/strong><\/p>\n<ul style=\"text-align: justify;\">\n<li>Pasauliniai vidaus audito standartai ir vidaus audito specifika \u012fvairiuose sektoriuose.<\/li>\n<li>Vidaus audito funkcija ir vidaus audito paslaug\u0173 teikimas.<\/li>\n<li>Valdysenos, vidaus kontrol\u0117s ir rizik\u0173 valdymo sistema.<\/li>\n<li>Apgavys\u010di\u0173 ir suk\u010diavimo rizika ir specifika \u012fvairiuose sektoriuose.<\/li>\n<li>Veiklos, valdymo, projekt\u0173, atitikties, finans\u0173 auditai.<\/li>\n<li>IT auditas<\/li>\n<\/ul>\n<p style=\"text-align: justify;\">Mokym\u0173 metu pristatoma teorin\u0117 med\u017eiaga, atvejo analiz\u0117s, atliekamos u\u017eduotys grup\u0117se, diskutuojama tarp dalyvi\u0173. Temas pristato lektoriai praktikai, savo sri\u010di\u0173 profesionalai.<\/p>\n<p><strong><a href=\"http:\/\/vaa.lt\/wp-content\/uploads\/2024\/06\/Programa-1.pdf\">Kvalifikacini\u0173 mokym\u0173 programa<\/a><\/strong><\/p>\n<p style=\"text-align: justify;\"><strong>Vidaus auditoriaus pa\u017eym\u0117jimas<\/strong><\/p>\n<p style=\"text-align: justify;\">I\u0161klausius kvalifikacini\u0173 vidaus auditori\u0173 mokym\u0173 program\u0105 yra laikomas baigiamasis testas. S\u0117kmingai i\u0161laikius test\u0105, i\u0161duodamas kurs\u0173 baigimo pa\u017eym\u0117jimas, kurio \u012fteikimas patvirtina asmens \u017einias, \u012fgytas mokantis pagal Vidaus auditori\u0173 asociacijos valdybos patvirtint\u0105 vidaus auditori\u0173 mokymo program\u0105, konsultuoti vidaus kontrol\u0117s ir rizikos valdymo klausimais, organizuoti vidaus auditori\u0173 grup\u0117s, vidaus audito tarnybos veikl\u0105.<\/p>\n<p style=\"text-align: justify;\"><strong>Mokym\u0173 trukm\u0117:<\/strong>\u00a048 akademin\u0117s valandos, 6 darbo dienos, dvi savaites i\u0161 eil\u0117s po tris dienas nuo antradienio iki ketvirtadienio, nuo 8.30 val. iki 16.30 val.<\/p>\n<p style=\"text-align: justify;\"><strong>Testo laikymas:<\/strong>\u00a0testas laikomas nuotoliniu b\u016bdu. Nelankius mokym\u0173 \u2013 testo laikyti n\u0117ra galimyb\u0117s. Nei\u0161laikius i\u0161 pirmo karto, test\u0105 galima perlaikyti dar 2 kartus (sumok\u0117jus papildom\u0105 mokest\u012f).<\/p>\n<p style=\"text-align: justify;\"><strong>Mokym\u0173 vieta: <\/strong>nuotoliniu b\u016bdu, Microsoft Teams platforma.<\/p>\n<p style=\"text-align: justify;\"><strong>Mokym\u0173 kaina:<\/strong> mokym\u0173 ir baigiamojo testo kaina &#8211;\u00a0 <strong>800 Eur\u00a0<\/strong>VAA nariams ir\u00a0<strong>900 Eur<\/strong>\u00a0ne nariams.<\/p>\n<p style=\"text-align: justify;\">Testo perlaikymas \u2013\u00a0<strong>80 Eur<\/strong>\u00a0VAA nariams ir\u00a0<strong>90 Eur<\/strong>\u00a0ne nariams.<\/p>\n<p style=\"text-align: justify;\">Vieta mokymuose garantuojama tik sumok\u0117jus piln\u0105 sum\u0105 per nurodyt\u0105 termin\u0105 (kitu atveju registracija at\u0161aukiama).<\/p>\n<p style=\"text-align: justify;\">Mokym\u0173 kurso med\u017eiaga dalyviams pateikiama po mokym\u0173\u00a0(metodin\u0117 med\u017eiaga atskirai neparduodama).<\/p>\n<p style=\"text-align: justify;\"><strong>Mokym\u0173 datos 2026 metais:<\/strong><\/p>\n<p style=\"text-align: justify;\">2026 m. baland\u017eio m\u0117n.\u00a0 14, 15, 16, 21, 22, 23 dienomis.<\/p>\n<p style=\"text-align: justify;\">Baigiamojo testo laikymas \u2013 2026 m. gegu\u017e\u0117s m\u0117n. 05 d.<\/p>\n<p style=\"text-align: justify;\"><strong>Registracijos tvarka:<\/strong><\/p>\n<p>Registracija vykdoma \u012fsigyjant biliet\u0105, pasirenkant tinkam\u0105 variant\u0105.<\/p>\n<p><u>Pastaba<\/u>. Kad b\u016btum\u0117te \u012ftraukti \u012f grup\u0117s dalyvi\u0173 s\u0105ra\u0161\u0105, s\u0105skaita turi b\u016bti visi\u0161kai apmok\u0117ta ne v\u0117liau kaip prie\u0161 14 kalendorini\u0173 dien\u0173 iki numatytos mokym\u0173 prad\u017eios.<\/p>\n<p><a href=\"https:\/\/vaa.lt\/en\/renginiai\/vidaus-auditoriu-kvalifikaciniai-mokymai-2\/\"><span style=\"text-decoration: underline;\"><strong>Registruotis \u010dia<\/strong><\/span><\/a><\/p>\n<p style=\"text-align: justify;\">Jei turite klausim\u0173 \u2013 ra\u0161ykite\u00a0<a href=\"mailto:kvalifikaciniai@\">kvalifikaciniai@vaa.lt<\/a><\/p>\n<p style=\"text-align: justify;\">Vidaus auditoriaus pa\u017eym\u0117jimas (suteikiamas Vidaus auditori\u0173 asociacijos) n\u0117ra tapatus CIA\u00ae<\/p>\n<table>\n<tbody>\n<tr>\n<td width=\"312\"><strong>Tarptautinis vidaus auditori\u0173 institutas, JAV \/ The Institute of Internal Auditors (IIA), USA (\u012fsteigtas 1941 m.)<\/strong><\/td>\n<td width=\"312\"><strong>Vidaus auditori\u0173 asociacija (VAA), oficialus IIA skyrius Lietuvoje nuo 2000 met\u0173<\/strong><\/td>\n<\/tr>\n<tr>\n<td width=\"312\"><\/td>\n<td width=\"312\"><\/td>\n<\/tr>\n<tr>\n<td width=\"312\"><strong>Certified Internal Auditor\u00ae\u00a0(CIA\u00ae)\u00a0\u2013 Sertifikuotas vidaus auditorius \u00ae<\/strong><\/td>\n<td width=\"312\"><strong>Pa\u017eym\u0117jimas<\/strong>, kad i\u0161klaus\u0117 VAA organizuotus mokymus apie vidaus audit\u0105, atitikt\u012f, rizik\u0173 valdym\u0105, vidaus kontrol\u0119 bei IT auditus.<\/td>\n<\/tr>\n<tr>\n<td width=\"312\"><\/td>\n<td width=\"312\"><\/td>\n<\/tr>\n<tr>\n<td width=\"312\">\n<p>CIA\u00ae \u2013\u00a0<strong>vienintelis<\/strong>\u00a0 visame pasaulyje pripa\u017e\u012fstamas\u00a0<strong>vidaus audito sertifikatas<\/strong>, \u012frodantis turimas \u017einias, \u012fg\u016bd\u017eius ir kompetencij\u0105, kad b\u016bt\u0173 galima efektyviai atlikti profesines pareigas atliekant bet kok\u012f vidaus audit\u0105 bet kurioje pasaulio vietoje. Pasaulyje yra apie aktyvi\u0173 170 000 CIA auditori\u0173 i\u0161 daugiau nei 170 \u0161ali\u0173.<\/p>\n<p>&nbsp;<\/p>\n<p><strong>Sertifikavimo \u012fgijimas yra profesionalumo apibr\u0117\u017eimas.<\/strong><\/p>\n<p>&nbsp;<\/p>\n<p>Yra \u0161ie specializuoti vidaus audito funkcijos \u00a0sertifikatai, atpa\u017e\u012fstami visame pasaulyje:<\/p>\n<p>\u2013\u00a0\u00a0\u00a0\u00a0\u00a0\u00a0\u00a0 CIA\u00ae \u2013 Certified Internal Auditor \u00ae<\/p>\n<p>\u2013\u00a0\u00a0\u00a0\u00a0\u00a0\u00a0\u00a0 CRMA\u00ae \u2013 Certification in Risk Management Assurance\u00ae<\/p>\n<p>\u2013\u00a0\u00a0\u00a0\u00a0\u00a0\u00a0\u00a0 Internal Audit Practitioner<\/td>\n<td width=\"312\">\n<p><strong>Pa\u017eym\u0117jimas<\/strong>\u00a0\u2013 atsi\u017evelgiant \u012f tai, jog CIA laikymui reikalauja nema\u017eai laiko (3 egzaminai) bei\u00a0 finansini\u0173 resurs\u0173, vyksta ENG kalba, VAA yra pri\u0117mus sprendim\u0105 parengti bendro pob\u016bd\u017eio mokom\u0105j\u0105 program\u0105, kuri b\u016bt\u0173 skirta skleisti ger\u0105j\u0105 praktik\u0105 apie vidaus audito profesij\u0105, standartus, valdysen\u0105, rizik\u0173 valdym\u0105, vidaus kontrol\u0119, skirtingo tipo vidaus auditus (atitikties, IT, veiklos ir kt.) \u012fvairiuose sektoriuose (privatus, vie\u0161asis). \u0160i mokomoji programa yra pritaikyta Lietuvos teisinei bazei.<\/p>\n<p>&nbsp;<\/p>\n<p>I\u0161duodamas pa\u017eym\u0117jimas parodo, jog buvo i\u0161klausyta 48 ak.val. (praeityje, iki 2020 m. \u2013 80 ak.val.) ir patvirtina asmens \u017einias, \u012fgytas mokantis pagal Vidaus auditori\u0173 asociacijos valdybos patvirtint\u0105 vidaus auditori\u0173 mokymo program\u0105, konsultuoti vidaus kontrol\u0117s ir rizikos valdymo klausimais, organizuoti vidaus auditori\u0173 grup\u0117s, vidaus audito tarnybos veikl\u0105.<\/p>\n<p>&nbsp;<\/p>\n<p>Nors praeityje pavadinime\u00a0 buvo naudojamas \u017eodis \u201e<em>Sertifikatas<\/em>\u201c, ta\u010diau VAA i\u0161duodamas pa\u017eym\u0117jimas n\u0117ra ir niekada nebuvo tapatus Sertifikuotam vidaus auditoriui\u00a0<strong>(CIA\u00ae)<\/strong><\/td>\n<\/tr>\n<tr>\n<td width=\"312\"><\/td>\n<td width=\"312\"><\/td>\n<\/tr>\n<tr>\n<td width=\"312\"><strong>SVARBU<\/strong> \u2013 net registruojantis bet kuriam i\u0161 auk\u0161\u010diau nurodyt\u0173 sertifikat\u0173 laikymui yra keliami gana auk\u0161ti minimal\u016bs profesiniai, patirties, kvalifikaciniai reikalavimai.<\/td>\n<td width=\"312\"><strong>SVARBU<\/strong>\u00a0\u2013 VAA mokym\u0173 programos klausytojams n\u0117ra keliami jokie minimal\u016bs profesiniai, patirties, kvalifikaciniai reikalavimai.<\/td>\n<\/tr>\n<\/tbody>\n<\/table>\n\r\n\t\t<\/div>\r\n\t<\/div>\r\n<\/div><\/div><div class=\"vc_column_container col-md-4 col-xl-4 col-lg-12 col-12\"><div class=\"wpb_wrapper vc_column-inner\"><div  class=\"wpb_widgetised_column wpb_content_element\">\n\t\t<div class=\"wpb_wrapper\">\n\t\t\t\n\t\t\t<aside id=\"block-2\" class=\"widget widget_block\">\n<h2 class=\"wp-block-heading has-primary-color has-text-color\" style=\"font-style:normal;font-weight:400\">Artimiausi renginiai<\/h2>\n<\/aside><aside id=\"block-3\" class=\"widget widget_block\"><div class=\"mec-wrap mec-skin-list-container\" id=\"mec_skin_11396\">\r\n\r\n    \r\n            <div class=\"mec-skin-list-events-container\" id=\"mec_skin_events_11396\">\r\n        <div class=\"mec-wrap colorskin-custom\">\r\n\t<div class=\"mec-event-list-classic\">\r\n\t\t\r\n                        <div class=\"mec-month-divider\" data-toggle-divider=\"mec-toggle-202604-11396\"><h5 style=\"display: inline;\">April 2026<\/h5><i class=\"mec-sl-arrow-down\"><\/i><\/div>\r\n            \r\n                        <article class=\"mec-event-article  mec-clear  mec-divider-toggle mec-toggle-202604-11396\" itemscope>\r\n                                                        <div class=\"mec-event-image\"><a class=\"mec-color-hover\" data-event-id=\"16377\" href=\"https:\/\/vaa.lt\/en\/renginiai\/vidaus-auditoriu-kvalifikaciniai-mokymai-2\/\" target=\"_self\" rel=\"noopener\"><img decoding=\"async\" width=\"150\" height=\"150\" src=\"https:\/\/vaa.lt\/wp-content\/uploads\/2025\/07\/Kvalifikaciniai111-150x150.jpg\" class=\"attachment-thumbnail size-thumbnail wp-post-image\" alt=\"\" data-mec-postid=\"16377\" \/><\/a><\/div>\r\n                                            <div class=\"mec-event-date mec-color\"><i class=\"mec-sl-calendar\"><\/i> <span class=\"mec-start-date-label\">Apr 14 - 23 2026<\/span><\/div>\r\n                        <div class=\"mec-event-time mec-color\"><\/div>\r\n                                                                                <h4 class=\"mec-event-title\"><a class=\"mec-color-hover\" data-event-id=\"16377\" href=\"https:\/\/vaa.lt\/en\/renginiai\/vidaus-auditoriu-kvalifikaciniai-mokymai-2\/\" target=\"_self\" rel=\"noopener\">Vidaus auditori\u0173 kvalifikaciniai mokymai<\/a> <span class=\"mec-event-title-soldout mec-few-tickets\"><span class=\"soldout\">Last Few Tickets<\/span><\/span> <\/h4>\r\n                    <div class=\"mec-event-detail\"><div class=\"mec-event-loc-place\"><i class=\"mec-sl-map-marker\"><\/i> Nuotolinis renginys (Microsoft Teams)<\/div><\/div>                                                                                                                                <\/article>\r\n            \t\t\r\n            \r\n                        <article class=\"mec-event-article  mec-clear  mec-divider-toggle mec-toggle-202604-11396\" itemscope>\r\n                                                        <div class=\"mec-event-image\"><a class=\"mec-color-hover\" data-event-id=\"16896\" href=\"https:\/\/www.eciia.eu\/2026\/03\/webinar-the-human-factor-in-ai-governance-from-policy-to-practice\/\" target=\"_self\" rel=\"noopener\"><img decoding=\"async\" width=\"150\" height=\"150\" src=\"https:\/\/vaa.lt\/wp-content\/uploads\/2026\/03\/LINKEDIN-1080x1080-17-150x150.png\" class=\"attachment-thumbnail size-thumbnail wp-post-image\" alt=\"\" data-mec-postid=\"16896\" \/><\/a><\/div>\r\n                                            <div class=\"mec-event-date mec-color\"><i class=\"mec-sl-calendar\"><\/i> <span class=\"mec-start-date-label\">Apr 21 2026<\/span><\/div>\r\n                        <div class=\"mec-event-time mec-color\"><\/div>\r\n                                                                                <h4 class=\"mec-event-title\"><a class=\"mec-color-hover\" data-event-id=\"16896\" href=\"https:\/\/www.eciia.eu\/2026\/03\/webinar-the-human-factor-in-ai-governance-from-policy-to-practice\/\" target=\"_self\" rel=\"noopener\">ECIIA: Webinar: The human factor in AI Governance: From policy to practice<\/a><span class=\"event-color\" style=\"background: #d30c41\"><\/span><\/h4>\r\n                    <div class=\"mec-event-detail\"><div class=\"mec-event-loc-place\"><i class=\"mec-sl-map-marker\"><\/i> Online<\/div><\/div>                                                                                                                                <\/article>\r\n            \t\t\r\n            \r\n                        <article class=\"mec-event-article  mec-clear  mec-divider-toggle mec-toggle-202604-11396\" itemscope>\r\n                                                        <div class=\"mec-event-image\"><a class=\"mec-color-hover\" data-event-id=\"16433\" href=\"https:\/\/vaa.lt\/en\/renginiai\/baltic-risk-and-audit-forum-2026-transitioning-together\/\" target=\"_self\" rel=\"noopener\"><img decoding=\"async\" width=\"150\" height=\"150\" src=\"https:\/\/vaa.lt\/wp-content\/uploads\/2026\/01\/Conference_final_web-150x150.webp\" class=\"attachment-thumbnail size-thumbnail wp-post-image\" alt=\"\" data-mec-postid=\"16433\" \/><\/a><\/div>\r\n                                            <div class=\"mec-event-date mec-color\"><i class=\"mec-sl-calendar\"><\/i> <span class=\"mec-start-date-label\">Apr 30 2026<\/span><\/div>\r\n                        <div class=\"mec-event-time mec-color\"><\/div>\r\n                                                                                <h4 class=\"mec-event-title\"><a class=\"mec-color-hover\" data-event-id=\"16433\" href=\"https:\/\/vaa.lt\/en\/renginiai\/baltic-risk-and-audit-forum-2026-transitioning-together\/\" target=\"_self\" rel=\"noopener\">Baltic Risk and Audit Forum 2026: Transitioning Together<\/a><\/h4>\r\n                    <div class=\"mec-event-detail\"><div class=\"mec-event-loc-place\"><i class=\"mec-sl-map-marker\"><\/i> AC HOTEL Vilnius<\/div><\/div>                                                                                                                                <\/article>\r\n            \t\t\r\n                        <div class=\"mec-month-divider\" data-toggle-divider=\"mec-toggle-202605-11396\"><h5 style=\"display: inline;\">May 2026<\/h5><i class=\"mec-sl-arrow-down\"><\/i><\/div>\r\n            \r\n                        <article class=\"mec-event-article  mec-clear  mec-divider-toggle mec-toggle-202605-11396\" itemscope>\r\n                                                        <div class=\"mec-event-image\"><a class=\"mec-color-hover\" data-event-id=\"16849\" href=\"https:\/\/vaa.lt\/en\/renginiai\/metodologine-programa-rizika-gristam-sprendimu-priemimui-ir-organizaciju-atsparumui-stiprin\/\" target=\"_self\" rel=\"noopener\"><\/a><\/div>\r\n                                            <div class=\"mec-event-date mec-color\"><i class=\"mec-sl-calendar\"><\/i> <span class=\"mec-start-date-label\">May 19 2026<\/span><\/div>\r\n                        <div class=\"mec-event-time mec-color\"><\/div>\r\n                                                                                <h4 class=\"mec-event-title\"><a class=\"mec-color-hover\" data-event-id=\"16849\" href=\"https:\/\/vaa.lt\/en\/renginiai\/metodologine-programa-rizika-gristam-sprendimu-priemimui-ir-organizaciju-atsparumui-stiprin\/\" target=\"_self\" rel=\"noopener\">Metodologin\u0117 programa rizika gr\u012fstam sprendim\u0173 pri\u0117mimui ir organizacij\u0173 atsparumui stiprinti<\/a><span class=\"event-color\" style=\"background: #d30c41\"><\/span><\/h4>\r\n                    <div class=\"mec-event-detail\"><div class=\"mec-event-loc-place\"><i class=\"mec-sl-map-marker\"><\/i> Online<\/div><\/div>                                                                                                                                <\/article>\r\n            \t\t\r\n                        <div class=\"mec-month-divider\" data-toggle-divider=\"mec-toggle-202606-11396\"><h5 style=\"display: inline;\">June 2026<\/h5><i class=\"mec-sl-arrow-down\"><\/i><\/div>\r\n            \r\n                        <article class=\"mec-event-article  mec-clear  mec-divider-toggle mec-toggle-202606-11396\" itemscope>\r\n                                                        <div class=\"mec-event-image\"><a class=\"mec-color-hover\" data-event-id=\"16279\" href=\"https:\/\/vaa.lt\/en\/renginiai\/bicg-good-corporate-governance-and-board-work-essentials\/\" target=\"_self\" rel=\"noopener\"><img decoding=\"async\" width=\"150\" height=\"150\" src=\"https:\/\/vaa.lt\/wp-content\/uploads\/2025\/12\/Boardroom-2-150x150.jpg\" class=\"attachment-thumbnail size-thumbnail wp-post-image\" alt=\"\" data-mec-postid=\"16279\" \/><\/a><\/div>\r\n                                            <div class=\"mec-event-date mec-color\"><i class=\"mec-sl-calendar\"><\/i> <span class=\"mec-start-date-label\">Jun 04 - 05 2026<\/span><\/div>\r\n                        <div class=\"mec-event-time mec-color\"><\/div>\r\n                                                                                <h4 class=\"mec-event-title\"><a class=\"mec-color-hover\" data-event-id=\"16279\" href=\"https:\/\/vaa.lt\/en\/renginiai\/bicg-good-corporate-governance-and-board-work-essentials\/\" target=\"_self\" rel=\"noopener\">BICG: Good Corporate Governance and Board Work Essentials<\/a><span class=\"event-color\" style=\"background: #d30c41\"><\/span><\/h4>\r\n                                                                                                                                                    <\/article>\r\n            \t\t\t<\/div>\r\n<\/div>\r\n\r\n    <\/div>\r\n    <div class=\"mec-skin-list-no-events-container mec-util-hidden\" id=\"mec_skin_no_events_11396\">\r\n        No event found!    <\/div>\r\n    \r\n    \r\n<\/div>\n<\/aside>\n\t\t<\/div>\n\t<\/div>\n<\/div><\/div><\/div><div class=\"vc_row-full-width vc_clearfix\"><\/div>\n<\/div>","protected":false},"excerpt":{"rendered":"Good Corporate Governance and Board Work Essentials is a program, which discusses key good corporate governance and board work principles, outlining how to implement them in practice and what value can be created by following them. \u00a0 Benefits of the program: \u25cf Learn about creating strong company governance foundations \u25cf Study practical frameworks for effective [...]","protected":false},"author":1,"featured_media":0,"parent":0,"menu_order":0,"comment_status":"closed","ping_status":"closed","template":"","meta":{"footnotes":""},"class_list":["post-7747","page","type-page","status-publish","hentry"],"_links":{"self":[{"href":"https:\/\/vaa.lt\/en\/wp-json\/wp\/v2\/pages\/7747","targetHints":{"allow":["GET"]}}],"collection":[{"href":"https:\/\/vaa.lt\/en\/wp-json\/wp\/v2\/pages"}],"about":[{"href":"https:\/\/vaa.lt\/en\/wp-json\/wp\/v2\/types\/page"}],"author":[{"embeddable":true,"href":"https:\/\/vaa.lt\/en\/wp-json\/wp\/v2\/users\/1"}],"replies":[{"embeddable":true,"href":"https:\/\/vaa.lt\/en\/wp-json\/wp\/v2\/comments?post=7747"}],"version-history":[{"count":11,"href":"https:\/\/vaa.lt\/en\/wp-json\/wp\/v2\/pages\/7747\/revisions"}],"predecessor-version":[{"id":16379,"href":"https:\/\/vaa.lt\/en\/wp-json\/wp\/v2\/pages\/7747\/revisions\/16379"}],"wp:attachment":[{"href":"https:\/\/vaa.lt\/en\/wp-json\/wp\/v2\/media?parent=7747"}],"curies":[{"name":"wp","href":"https:\/\/api.w.org\/{rel}","templated":true}]}}