{"id":6727,"date":"2018-12-02T12:54:26","date_gmt":"2018-12-02T10:54:26","guid":{"rendered":"https:\/?page_id=6727"},"modified":"2025-12-19T01:03:55","modified_gmt":"2025-12-18T23:03:55","slug":"profesiniai-dokumentai-ir-gaires","status":"publish","type":"page","link":"https:\/\/vaa.lt\/en\/profesiniai-dokumentai-ir-gaires\/","title":{"rendered":"Profesiniai dokumentai ir gair\u0117s"},"content":{"rendered":"<div class=\"wpb-content-wrapper\"><div data-vc-full-width=\"true\" data-vc-full-width-temp=\"true\" data-vc-full-width-init=\"false\" data-vc-stretch-content=\"true\" class=\"vc_row wpb_row row top-row custom-section-svg no-padding wpb_custom_034b39d9bc6c6b310d69e39f0ccf274f\"><div class=\"vc_column_container col-md-12\"><div class=\"wpb_wrapper vc_column-inner\">\n\t<div class=\"wpb_raw_code wpb_raw_html wpb_content_element vc_custom_1594861239440 bg-attach-fixed-lg mb-0\" >\n\t\t<div class=\"wpb_wrapper\">\n\t\t\t<svg\n   xmlns=\"http:\/\/www.w3.org\/2000\/svg\"\n   width=\"1820\"\n   height=\"840\"\n   viewbox=\"0 0 481.54166 222.25\"\n   version=\"1.1\">\n\n    <g transform=\"translate(0,-74.749984)\">\n        <path style=\"fill:#0053ce;fill-opacity:0.83417089;stroke-width:0.26458332\" d=\"M -37.41942,65.027063 V 297.04648 h 555.625 V 65.027063 Z m 385.24418,26.073343 c 5.16568,-0.06559 10.30682,1.828283 14.17588,5.697327 l 22.51077,22.510767 c 2.81369,2.8137 7.10706,1.33438 7.86464,-2.23708 2.21908,-6.43973 5.15977,-13.60111 8.76741,-17.208757 10.10198,-10.101963 25.7768,-10.300582 35.62522,-0.452167 9.84843,9.848414 9.64978,25.523244 -0.45217,35.625204 -3.60765,3.60766 -10.76936,6.54852 -17.20929,8.76743 -3.57201,0.75699 -4.34764,5.75355 -2.23655,7.86463 l 29.54549,29.54549 c 7.73808,7.73808 7.57481,20.56352 -0.36227,28.50058 l -17.31727,17.31729 c -4.32922,4.32922 -12.15765,3.7166 -14.93552,-1.94717 -2.07338,-4.96117 -4.86992,-9.19938 -6.98047,-11.3099 -9.8484,-9.84841 -25.52375,-9.64979 -35.62572,0.45217 -10.10177,10.10177 -10.3006,25.77732 -0.45218,35.62573 2.11053,2.11053 6.34937,4.90595 11.30941,6.98045 4.94276,3.49888 6.27689,10.60629 1.94767,14.93552 l -17.31729,17.31729 c -7.93724,7.93726 -20.76249,8.09984 -28.50057,0.36174 l -84.41553,-84.41552 c -7.7381,-7.7381 -7.57482,-20.56301 0.36225,-28.50007 l 79.37139,-79.371375 v -5.16e-4 c 3.96862,-3.968627 9.15901,-5.993473 14.3247,-6.059063 z\" \/>\n        <path style=\"fill:#ffffff;fill-opacity:1;stroke:none;stroke-width:0.26052347;stroke-opacity:1\" d=\"m 314.90636,266.1817 0.0512,0.0512 h 71.61114 v 0 c -23.89724,-0.003 -47.7139,0.007 -71.61114,0 z m 71.66229,0.0512 c 0,0 -0.0376,2.36455 -1.54522,4.09644 -5.94783,6.83282 -18.34141,18.62228 -18.34141,18.62228 -7.93727,7.93727 -20.76199,8.23348 -28.50007,0.49537 L 314.95751,266.23286 H -43.089358 v 31.34279 H 521.98518 v -31.34279 z\"\n       id=\"rect857\" \/>\n    <\/g>\n<\/svg>\n\t\t<\/div>\n\t<\/div>\n<div class=\"porto-container container z-index-1 porto-ibanner-layer pc-inner-container\"><div class=\"vc_row wpb_row vc_inner row\"><div class=\"vc_column_container col-md-7 col-lg-6\"><div class=\"wpb_wrapper vc_column-inner\"><h2 style=\"font-size: 3.9375em;line-height: 1.1;font-weight:800;letter-spacing:-.016em\" data-appear-animation=\"fadeInUp\" data-appear-animation-delay=\"300\" class=\"vc_custom_heading vc_do_custom_heading pb-2 mb-2 mb-xl-4 wpb_custom_aa365bd5046e8294520b4e73732b9d15 align-left text-uppercase heading-light\" >Naudingos nuorodos<\/h2><\/div><\/div><\/div><\/div><\/div><\/div><\/div><div class=\"vc_row-full-width vc_clearfix\"><\/div><div class=\"vc_row wpb_row row top-row wpb_custom_034b39d9bc6c6b310d69e39f0ccf274f\"><div class=\"vc_column_container col-md-8 col-xl-8 col-lg-12 col-12 vc_custom_1519733751676\"><div class=\"wpb_wrapper vc_column-inner\"><div class=\"vc_row wpb_row vc_inner row\"><div class=\"vc_column_container col-md-12\"><div class=\"wpb_wrapper vc_column-inner\"><div class=\"porto-u-heading  wpb_custom_95aa9a11c17ad45cfabaf210d84ee7cc porto-u-ad87e2eaf3f9c495180fe0156ddf3eb0\"><div class=\"porto-u-main-heading\"><h4  >Vidaus audito veikl\u0105 reglamentuojantys dokumentai ir profesin\u0117s gair\u0117s<\/h4><\/div><div class=\"porto-u-heading-spacer line_only\" style=\"height:4px;\"><span class=\"porto-u-headings-line\" style=\"border-style:solid;border-bottom-width:4px;border-color:#9aca3c;width:250px;\"><\/span><\/div><style>.porto-u-ad87e2eaf3f9c495180fe0156ddf3eb0.porto-u-heading{text-align:left} .porto-u-ad87e2eaf3f9c495180fe0156ddf3eb0 .porto-u-headings-line{float: left;}<\/style><\/div><div class=\"vc_empty_space\"   style=\"height: 32px\"><span class=\"vc_empty_space_inner\"><\/span><\/div>\r\n\t<div class=\"wpb_text_column wpb_content_element wpb_custom_7c91d232724f73626cc933bd95b25ff0\" >\r\n\t\t<div class=\"wpb_wrapper\">\r\n\t\t\t<p style=\"text-align: justify;\"><strong>Standartai ir gair\u0117s<\/strong><\/p>\n<ul style=\"text-align: justify;\">\n<li>Pasauliniai Vidaus audito standartai 2024 m. <a href=\"http:\/\/vaa.lt\/wp-content\/uploads\/2024\/04\/Global-internal-audit-standards-lithuanian.pdf\">lietuvi\u0173 k.<\/a> \/ <a href=\"https:\/\/www.theiia.org\/globalassets\/site\/standards\/globalinternalauditstandards_2024january9_printable.pdf\">angl\u0173 k<\/a>. (\u012fsigalioja nuo 2025 m. sausio m\u0117n.)<\/li>\n<li>Tarptautiniai Vidaus audito profesin\u0117s praktikos\u00a0<a href=\"http:\/\/vaa.lt\/wp-content\/uploads\/2022\/02\/IPPF-Standards-2017-Lithuanian.pdf\">standartai<\/a> (galioja nuo 2017 m. iki 2025 m.)<\/li>\n<li>Kibernetinis saugumas.\n<ul style=\"text-align: justify;\">\n<li>Teminis reikalavimas <a href=\"http:\/\/vaa.lt\/wp-content\/uploads\/2025\/02\/Kibernetinis-saugumas_Teminis-reikalavimas.pdf\">lietuvi\u0173 k.<\/a> \/ <a href=\"https:\/\/www.theiia.org\/globalassets\/site\/standards\/topical-requirements\/cybersecurity\/cybersecurity_topical_requirement.pdf\">angl\u0173 k.<\/a><\/li>\n<li>Teminis reikalavimas. Naudotojo vadovas <a href=\"http:\/\/vaa.lt\/wp-content\/uploads\/2025\/02\/Kibernetinis-saugumas_Teminis-reikalavimas_Naudotojo-vadovas.pdf\">lietuvi\u0173 k.<\/a> \/ <a href=\"https:\/\/www.theiia.org\/globalassets\/site\/standards\/topical-requirements\/cybersecurity\/cybersecurity_tr_user_guide.pdf\">angl\u0173 k.<\/a><\/li>\n<\/ul>\n<\/li>\n<li>Tre\u010dioji \u0161alis.\n<ul style=\"text-align: justify;\">\n<li>Teminis reikalavimas <a href=\"https:\/\/www.theiia.org\/globalassets\/site\/standards\/topical-requirements\/third-party\/third_party_topical_requirement_lithuanian.pdf\">lietuvi\u0173 k.<\/a> \/<a href=\"https:\/\/www.theiia.org\/globalassets\/site\/standards\/topical-requirements\/third-party\/third_party_topical_requirement_english.pdf\"> angl\u0173 k.<\/a><\/li>\n<li>Teminis reikalavimas. Naudotojo vadovas <a href=\"https:\/\/vaa.lt\/wp-content\/uploads\/2025\/11\/third_party_tr_user_guide_lithuanian.pdf\">lietuvi\u0173 k.<\/a> \/ <a href=\"https:\/\/vaa.lt\/wp-content\/uploads\/2025\/11\/third_party_tr_user_guide_english.pdf\">angl\u0173 k.<\/a><\/li>\n<\/ul>\n<\/li>\n<li>Organizacin\u0117 elgsena.\n<ul style=\"text-align: justify;\">\n<li>Teminis reikalavimas <a href=\"https:\/\/www.theiia.org\/globalassets\/site\/standards\/tr\/ob\/org_behav_topical_requirement_lt.pdf\">lietuvi\u0173 k.<\/a> \/ <a href=\"https:\/\/www.theiia.org\/globalassets\/site\/standards\/tr\/ob\/org_behav_topical_requirement_en.pdf\">angl\u0173 k.<\/a><\/li>\n<\/ul>\n<\/li>\n<li>Trij\u0173 linij\u0173 modelis\u00a0<a href=\"http:\/\/vaa.lt\/wp-content\/uploads\/2020\/09\/Trij%C5%B3-linij%C5%B3-modelis.pdf\">lietuvi\u0173 k.<\/a>\u00a0\/\u00a0<a href=\"http:\/\/vaa.lt\/wp-content\/uploads\/2020\/09\/The-IIAS-three-lines-model.pdf\">angl\u0173 k.<\/a>\n<ul style=\"text-align: justify;\">\n<li>Konferencijos &#8220;Trij\u0173 linij\u0173 modelio atnaujinimas&#8221;<a href=\"https:\/\/www.youtube.com\/watch?v=fzJJ_qoQ5Z0&amp;list=PLkSbsz-ydMkhKIqkRQIVFe2z7VR737Ul0&amp;index=1&amp;ab_channel=IIALithuania\">\u00a0\u012fra\u0161ai<\/a>.<\/li>\n<li>Konferencijos skaidr\u0117s:<a href=\"http:\/\/vaa.lt\/wp-content\/uploads\/2020\/09\/2020-10-29-Triju-liniju-modelio-atnaujinimas-Nomeda-Patackiene.pdf\"> I dalis<\/a>; <a href=\"http:\/\/vaa.lt\/wp-content\/uploads\/2020\/09\/2020-10-29-Finans%C5%B3-ministerijos-3LM-Rolandas-Pauza.pdf\">II dalis<\/a>, <a href=\"http:\/\/vaa.lt\/wp-content\/uploads\/2020\/09\/2020-10-29-Pirmoji-linija-ir-kolegiali%C5%B3-organ%C5%B3-vaidmuo-bei-pareigos-Rytis-Ambrazevi%C4%8Dius.pdf\">III dalis,<\/a> <a href=\"http:\/\/vaa.lt\/wp-content\/uploads\/2020\/09\/2020-10-29-Antra-linija-Vytenis-Kraujelis.pdf\">IV dalis<\/a>, <a href=\"http:\/\/vaa.lt\/wp-content\/uploads\/2020\/09\/2020-10-29-Tre%C4%8Dioji-linija-ir-vidaus-auditori%C5%B3-rol%C4%97-Laura-Garben%C4%8Di%C5%ABt%C4%97-Bakien%C4%97.pdf\">V dalis<\/a>.<\/li>\n<\/ul>\n<\/li>\n<li>Pavyzdiniai Vidaus audito skyriaus nuostatai <a href=\"https:\/\/www.theiia.org\/globalassets\/documents\/content\/articles\/guidance\/practice-guides\/model-internal-audit-activity-charter\/sg-model-internal-audit-charter-lithuanian.pdf\">lietuvi\u0173 k.<\/a> \/ <a href=\"https:\/\/www.theiia.org\/en\/content\/guidance\/recommended\/supplemental\/practice-guides\/model-internal-audit-activity-charter\/\">angl\u0173 k<\/a>.<\/li>\n<\/ul>\n<p>&nbsp;<\/p>\n<p><strong>Vie\u0161asis sektorius<\/strong><\/p>\n<ul style=\"text-align: justify;\">\n<li>Efektyvaus vidaus audito veiklos organizavimo vie\u0161ajame sektoriuje gair\u0117s <a href=\"http:\/\/vaa.lt\/wp-content\/uploads\/2022\/10\/PG_Building_an_Effective_IAA_in_the_Public-Sector_FINAL_LT.pdf\">lietuvi\u0173 k.<\/a>. (galioja nuo 2022 m. iki 2024 m.)<\/li>\n<li>Efektyvaus vidaus audito veiklos organizavimo vie\u0161ajame sektoriuje gair\u0117s <a href=\"https:\/\/www.theiia.org\/en\/content\/guidance\/recommended\/supplemental\/practice-guides\/global-practice-guide-building-an-effective-internal-audit-function-in-the-public-sector\/\">angl\u0173 k<\/a>. (galioja nuo 2024 m.)<\/li>\n<li>Vie\u0161ojo sektoriaus valdymo strukt\u016br\u0173 suderinimas su trij\u0173 linij\u0173 modeliu <a href=\"https:\/\/www.theiia.org\/globalassets\/site\/content\/articles\/applying_the_three_lines_model_in_the_public_sector.pdf\">angl\u0173 k<\/a>.<\/li>\n<li>Lietuvos Respublikos finans\u0173 ministerijos rengiami teis\u0117s aktai bei\u00a0<a href=\"https:\/\/finmin.lrv.lt\/lt\/veiklos-sritys\/vidaus-kontrole-ir-vidaus-auditas\/vidaus-auditas\">rekomendacijos.<\/a><\/li>\n<li>Vie\u0161ojo sektoriaus vidaus kontrol\u0117s sistemos vertinimas.\u00a0<a href=\"http:\/\/vaa.lt\/wp-content\/uploads\/2024\/01\/Vieso-sektoriaus-vidaus-kontroles-sistemos-vertinimo-metodika.pdf\">Metodika<\/a>, <a href=\"http:\/\/vaa.lt\/wp-content\/uploads\/2024\/01\/Vieso-sektoriaus-vidaus-kontroles-sistemos-analizes-irankio-rekomendacine-forma.xlsx\">analiz\u0117s \u012frankio rekomendacin\u0117 forma<\/a> , <a href=\"http:\/\/vaa.lt\/wp-content\/uploads\/2024\/01\/Vieso-sektoriaus-vidaus-kontroles-sistemos-vertinimas.-Daznai-uzduodami-klausimai.pdf\">D.U.K.<\/a><\/li>\n<\/ul>\n<p>&nbsp;<\/p>\n<p style=\"text-align: justify;\"><strong>Bankinis ir finansinis sektorius<\/strong><\/p>\n<ul style=\"text-align: justify;\">\n<li>Privalomi nurodymai draudimo \u012fmon\u0117s vidaus\u00a0<a href=\"https:\/\/www.e-tar.lt\/portal\/lt\/legalAct\/TAR.01C13188B9DC\">auditui<\/a>.<\/li>\n<li>Vidaus kontrol\u0117s ir rizikos vertinimo (valdymo) organizavimo nuostatos bankiniam\u00a0<a href=\"https:\/\/www.e-tar.lt\/portal\/lt\/legalAct\/TAR.2E636440A883\/ThmCIrQoGe\">sektoriui<\/a>.<\/li>\n<li>Vidaus kontrol\u0117s ir rizikos valdymo sistemos, vidaus audito reikalavimai elektronini\u0173 pinig\u0173 ir mok\u0117jim\u0173 <a href=\"https:\/\/e-seimas.lrs.lt\/portal\/legalAct\/lt\/TAD\/a248366ed03f11ea8f4ce1816a470b26\">\u012fstaigoms.<\/a><\/li>\n<\/ul>\n<ul>\n<li style=\"list-style-type: none;\"><\/li>\n<\/ul>\n\r\n\t\t<\/div>\r\n\t<\/div>\r\n<\/div><\/div><\/div><\/div><\/div><div class=\"vc_column_container col-md-4 col-xl-4 col-lg-12 col-12\"><div class=\"wpb_wrapper vc_column-inner\"><div  class=\"wpb_widgetised_column wpb_content_element\">\n\t\t<div class=\"wpb_wrapper\">\n\t\t\t\n\t\t\t<aside id=\"block-2\" class=\"widget widget_block\">\n<h2 class=\"wp-block-heading has-primary-color has-text-color\" style=\"font-style:normal;font-weight:400\">Artimiausi renginiai<\/h2>\n<\/aside><aside id=\"block-3\" class=\"widget widget_block\"><div class=\"mec-wrap mec-skin-list-container\" id=\"mec_skin_11396\">\r\n\r\n    \r\n            <div class=\"mec-skin-list-events-container\" id=\"mec_skin_events_11396\">\r\n        <div class=\"mec-wrap colorskin-custom\">\r\n\t<div class=\"mec-event-list-classic\">\r\n\t\t\r\n                        <div class=\"mec-month-divider\" data-toggle-divider=\"mec-toggle-202604-11396\"><h5 style=\"display: inline;\">April 2026<\/h5><i class=\"mec-sl-arrow-down\"><\/i><\/div>\r\n            \r\n                        <article class=\"mec-event-article  mec-clear  mec-divider-toggle mec-toggle-202604-11396\" itemscope>\r\n                                                        <div class=\"mec-event-image\"><a class=\"mec-color-hover\" data-event-id=\"16377\" href=\"https:\/\/vaa.lt\/en\/renginiai\/vidaus-auditoriu-kvalifikaciniai-mokymai-2\/\" target=\"_self\" rel=\"noopener\"><img decoding=\"async\" width=\"150\" height=\"150\" src=\"https:\/\/vaa.lt\/wp-content\/uploads\/2025\/07\/Kvalifikaciniai111-150x150.jpg\" class=\"attachment-thumbnail size-thumbnail wp-post-image\" alt=\"\" data-mec-postid=\"16377\" \/><\/a><\/div>\r\n                                            <div class=\"mec-event-date mec-color\"><i class=\"mec-sl-calendar\"><\/i> <span class=\"mec-start-date-label\">Apr 14 - 23 2026<\/span><\/div>\r\n                        <div class=\"mec-event-time mec-color\"><\/div>\r\n                                                                                <h4 class=\"mec-event-title\"><a class=\"mec-color-hover\" data-event-id=\"16377\" href=\"https:\/\/vaa.lt\/en\/renginiai\/vidaus-auditoriu-kvalifikaciniai-mokymai-2\/\" target=\"_self\" rel=\"noopener\">Vidaus auditori\u0173 kvalifikaciniai mokymai<\/a> <span class=\"mec-event-title-soldout mec-few-tickets\"><span class=\"soldout\">Last Few Tickets<\/span><\/span> <\/h4>\r\n                    <div class=\"mec-event-detail\"><div class=\"mec-event-loc-place\"><i class=\"mec-sl-map-marker\"><\/i> Nuotolinis renginys (Microsoft Teams)<\/div><\/div>                                                                                                                                <\/article>\r\n            \t\t\r\n            \r\n                        <article class=\"mec-event-article  mec-clear  mec-divider-toggle mec-toggle-202604-11396\" itemscope>\r\n                                                        <div class=\"mec-event-image\"><a class=\"mec-color-hover\" data-event-id=\"16896\" href=\"https:\/\/www.eciia.eu\/2026\/03\/webinar-the-human-factor-in-ai-governance-from-policy-to-practice\/\" target=\"_self\" rel=\"noopener\"><img decoding=\"async\" width=\"150\" height=\"150\" src=\"https:\/\/vaa.lt\/wp-content\/uploads\/2026\/03\/LINKEDIN-1080x1080-17-150x150.png\" class=\"attachment-thumbnail size-thumbnail wp-post-image\" alt=\"\" data-mec-postid=\"16896\" \/><\/a><\/div>\r\n                                            <div class=\"mec-event-date mec-color\"><i class=\"mec-sl-calendar\"><\/i> <span class=\"mec-start-date-label\">Apr 21 2026<\/span><\/div>\r\n                        <div class=\"mec-event-time mec-color\"><\/div>\r\n                                                                                <h4 class=\"mec-event-title\"><a class=\"mec-color-hover\" data-event-id=\"16896\" href=\"https:\/\/www.eciia.eu\/2026\/03\/webinar-the-human-factor-in-ai-governance-from-policy-to-practice\/\" target=\"_self\" rel=\"noopener\">ECIIA: Webinar: The human factor in AI Governance: From policy to practice<\/a><span class=\"event-color\" style=\"background: #d30c41\"><\/span><\/h4>\r\n                    <div class=\"mec-event-detail\"><div class=\"mec-event-loc-place\"><i class=\"mec-sl-map-marker\"><\/i> Online<\/div><\/div>                                                                                                                                <\/article>\r\n            \t\t\r\n            \r\n                        <article class=\"mec-event-article  mec-clear  mec-divider-toggle mec-toggle-202604-11396\" itemscope>\r\n                                                        <div class=\"mec-event-image\"><a class=\"mec-color-hover\" data-event-id=\"16433\" href=\"https:\/\/vaa.lt\/en\/renginiai\/baltic-risk-and-audit-forum-2026-transitioning-together\/\" target=\"_self\" rel=\"noopener\"><img decoding=\"async\" width=\"150\" height=\"150\" src=\"https:\/\/vaa.lt\/wp-content\/uploads\/2026\/01\/Conference_final_web-150x150.webp\" class=\"attachment-thumbnail size-thumbnail wp-post-image\" alt=\"\" data-mec-postid=\"16433\" \/><\/a><\/div>\r\n                                            <div class=\"mec-event-date mec-color\"><i class=\"mec-sl-calendar\"><\/i> <span class=\"mec-start-date-label\">Apr 30 2026<\/span><\/div>\r\n                        <div class=\"mec-event-time mec-color\"><\/div>\r\n                                                                                <h4 class=\"mec-event-title\"><a class=\"mec-color-hover\" data-event-id=\"16433\" href=\"https:\/\/vaa.lt\/en\/renginiai\/baltic-risk-and-audit-forum-2026-transitioning-together\/\" target=\"_self\" rel=\"noopener\">Baltic Risk and Audit Forum 2026: Transitioning Together<\/a><\/h4>\r\n                    <div class=\"mec-event-detail\"><div class=\"mec-event-loc-place\"><i class=\"mec-sl-map-marker\"><\/i> AC HOTEL Vilnius<\/div><\/div>                                                                                                                                <\/article>\r\n            \t\t\r\n                        <div class=\"mec-month-divider\" data-toggle-divider=\"mec-toggle-202605-11396\"><h5 style=\"display: inline;\">May 2026<\/h5><i class=\"mec-sl-arrow-down\"><\/i><\/div>\r\n            \r\n                        <article class=\"mec-event-article  mec-clear  mec-divider-toggle mec-toggle-202605-11396\" itemscope>\r\n                                                        <div class=\"mec-event-image\"><a class=\"mec-color-hover\" data-event-id=\"16849\" href=\"https:\/\/vaa.lt\/en\/renginiai\/metodologine-programa-rizika-gristam-sprendimu-priemimui-ir-organizaciju-atsparumui-stiprin\/\" target=\"_self\" rel=\"noopener\"><\/a><\/div>\r\n                                            <div class=\"mec-event-date mec-color\"><i class=\"mec-sl-calendar\"><\/i> <span class=\"mec-start-date-label\">May 19 2026<\/span><\/div>\r\n                        <div class=\"mec-event-time mec-color\"><\/div>\r\n                                                                                <h4 class=\"mec-event-title\"><a class=\"mec-color-hover\" data-event-id=\"16849\" href=\"https:\/\/vaa.lt\/en\/renginiai\/metodologine-programa-rizika-gristam-sprendimu-priemimui-ir-organizaciju-atsparumui-stiprin\/\" target=\"_self\" rel=\"noopener\">Metodologin\u0117 programa rizika gr\u012fstam sprendim\u0173 pri\u0117mimui ir organizacij\u0173 atsparumui stiprinti<\/a><span class=\"event-color\" style=\"background: #d30c41\"><\/span><\/h4>\r\n                    <div class=\"mec-event-detail\"><div class=\"mec-event-loc-place\"><i class=\"mec-sl-map-marker\"><\/i> Online<\/div><\/div>                                                                                                                                <\/article>\r\n            \t\t\r\n                        <div class=\"mec-month-divider\" data-toggle-divider=\"mec-toggle-202606-11396\"><h5 style=\"display: inline;\">June 2026<\/h5><i class=\"mec-sl-arrow-down\"><\/i><\/div>\r\n            \r\n                        <article class=\"mec-event-article  mec-clear  mec-divider-toggle mec-toggle-202606-11396\" itemscope>\r\n                                                        <div class=\"mec-event-image\"><a class=\"mec-color-hover\" data-event-id=\"16279\" href=\"https:\/\/vaa.lt\/en\/renginiai\/bicg-good-corporate-governance-and-board-work-essentials\/\" target=\"_self\" rel=\"noopener\"><img decoding=\"async\" width=\"150\" height=\"150\" src=\"https:\/\/vaa.lt\/wp-content\/uploads\/2025\/12\/Boardroom-2-150x150.jpg\" class=\"attachment-thumbnail size-thumbnail wp-post-image\" alt=\"\" data-mec-postid=\"16279\" \/><\/a><\/div>\r\n                                            <div class=\"mec-event-date mec-color\"><i class=\"mec-sl-calendar\"><\/i> <span class=\"mec-start-date-label\">Jun 04 - 05 2026<\/span><\/div>\r\n                        <div class=\"mec-event-time mec-color\"><\/div>\r\n                                                                                <h4 class=\"mec-event-title\"><a class=\"mec-color-hover\" data-event-id=\"16279\" href=\"https:\/\/vaa.lt\/en\/renginiai\/bicg-good-corporate-governance-and-board-work-essentials\/\" target=\"_self\" rel=\"noopener\">BICG: Good Corporate Governance and Board Work Essentials<\/a><span class=\"event-color\" style=\"background: #d30c41\"><\/span><\/h4>\r\n                                                                                                                                                    <\/article>\r\n            \t\t\t<\/div>\r\n<\/div>\r\n\r\n    <\/div>\r\n    <div class=\"mec-skin-list-no-events-container mec-util-hidden\" id=\"mec_skin_no_events_11396\">\r\n        No event found!    <\/div>\r\n    \r\n    \r\n<\/div>\n<\/aside>\n\t\t<\/div>\n\t<\/div>\n<\/div><\/div><\/div>\n<\/div>","protected":false},"excerpt":{"rendered":"Good Corporate Governance and Board Work Essentials is a program, which discusses key good corporate governance and board work principles, outlining how to implement them in practice and what value can be created by following them. \u00a0 Benefits of the program: \u25cf Learn about creating strong company governance foundations \u25cf Study practical frameworks for effective [...]","protected":false},"author":1,"featured_media":6916,"parent":0,"menu_order":0,"comment_status":"closed","ping_status":"closed","template":"","meta":{"footnotes":""},"class_list":["post-6727","page","type-page","status-publish","has-post-thumbnail","hentry"],"_links":{"self":[{"href":"https:\/\/vaa.lt\/en\/wp-json\/wp\/v2\/pages\/6727","targetHints":{"allow":["GET"]}}],"collection":[{"href":"https:\/\/vaa.lt\/en\/wp-json\/wp\/v2\/pages"}],"about":[{"href":"https:\/\/vaa.lt\/en\/wp-json\/wp\/v2\/types\/page"}],"author":[{"embeddable":true,"href":"https:\/\/vaa.lt\/en\/wp-json\/wp\/v2\/users\/1"}],"replies":[{"embeddable":true,"href":"https:\/\/vaa.lt\/en\/wp-json\/wp\/v2\/comments?post=6727"}],"version-history":[{"count":7,"href":"https:\/\/vaa.lt\/en\/wp-json\/wp\/v2\/pages\/6727\/revisions"}],"predecessor-version":[{"id":16303,"href":"https:\/\/vaa.lt\/en\/wp-json\/wp\/v2\/pages\/6727\/revisions\/16303"}],"wp:featuredmedia":[{"embeddable":true,"href":"https:\/\/vaa.lt\/en\/wp-json\/"}],"wp:attachment":[{"href":"https:\/\/vaa.lt\/en\/wp-json\/wp\/v2\/media?parent=6727"}],"curies":[{"name":"wp","href":"https:\/\/api.w.org\/{rel}","templated":true}]}}