{"id":6233,"date":"2018-01-22T11:20:40","date_gmt":"2018-01-22T11:20:40","guid":{"rendered":"https:\/\/keydesign-themes.com\/leadengine\/?page_id=6233"},"modified":"2023-02-10T10:53:14","modified_gmt":"2023-02-10T08:53:14","slug":"duk","status":"publish","type":"page","link":"https:\/\/vaa.lt\/en\/duk\/","title":{"rendered":"Da\u017eniausiai u\u017eduodami klausimai"},"content":{"rendered":"<div class=\"wpb-content-wrapper\"><div data-vc-full-width=\"true\" data-vc-full-width-temp=\"true\" data-vc-full-width-init=\"false\" class=\"vc_row wpb_row row top-row vc_column-gap-35 vc_row-o-full-height vc_row-o-columns-middle vc_row-flex wpb_custom_034b39d9bc6c6b310d69e39f0ccf274f\"><div class=\"vc_column_container col-md-8 vc_custom_1515752309734\"><div class=\"wpb_wrapper vc_column-inner\"><div class=\"vc_tta-container\" data-vc-action=\"collapse\"><div class=\"vc_general vc_tta vc_tta-accordion vc_tta-color-grey vc_tta-style-modern vc_tta-shape-rounded vc_tta-o-shape-group vc_tta-gap-20 vc_tta-controls-align-default\"><div class=\"vc_tta-panels-container\"><div class=\"vc_tta-panels\"><div class=\"vc_tta-panel vc_active\" id=\"1676017616875-65f77da7-dd15\" data-vc-content=\".vc_tta-panel-body\"><div class=\"vc_tta-panel-heading\"><h4 class=\"vc_tta-panel-title vc_tta-controls-icon-position-left\"><a href=\"#1676017616875-65f77da7-dd15\" data-vc-accordion data-vc-container=\".vc_tta-container\"><span class=\"vc_tta-title-text\">1. Kaip \u012fstoti \u012f Vidaus auditori\u0173 asociacij\u0105?<\/span><i class=\"vc_tta-controls-icon vc_tta-controls-icon-plus\"><\/i><\/a><\/h4><\/div><div class=\"vc_tta-panel-body\">\r\n\t<div class=\"wpb_text_column wpb_content_element wpb_custom_7c91d232724f73626cc933bd95b25ff0\" >\r\n\t\t<div class=\"wpb_wrapper\">\r\n\t\t\t<section class=\"toggle active\">\n<div class=\"toggle-content\">\n<p>Kaip \u012fstoti \u012f Vidaus auditori\u0173 asociacij\u0105, rasite skyriuje\u00a0<a href=\"https:\/\/\/en\/kaip-tapti-nariu\/\">Naryst\u0117<\/a>.<\/p>\n<\/div>\n<\/section>\n<section class=\"toggle\"><\/section>\n\r\n\t\t<\/div>\r\n\t<\/div>\r\n<\/div><\/div><div class=\"vc_tta-panel\" id=\"1676017616888-af79548a-3405\" data-vc-content=\".vc_tta-panel-body\"><div class=\"vc_tta-panel-heading\"><h4 class=\"vc_tta-panel-title vc_tta-controls-icon-position-left\"><a href=\"#1676017616888-af79548a-3405\" data-vc-accordion data-vc-container=\".vc_tta-container\"><span class=\"vc_tta-title-text\">2. Kokia tvarka Vidaus auditori\u0173 asociacija organizuoja vidaus auditori\u0173 kvalifikacinius mokymus? Ar Vidaus auditori\u0173 asociacija i\u0161duoda Vidaus auditoriaus pa\u017eym\u0117jim\u0105?<\/span><i class=\"vc_tta-controls-icon vc_tta-controls-icon-plus\"><\/i><\/a><\/h4><\/div><div class=\"vc_tta-panel-body\">\r\n\t<div class=\"wpb_text_column wpb_content_element wpb_custom_7c91d232724f73626cc933bd95b25ff0\" >\r\n\t\t<div class=\"wpb_wrapper\">\r\n\t\t\t<section class=\"toggle active\">\n<div class=\"toggle-content\">\n<p>Informacij\u0105 apie kvalifikacinius vidaus auditori\u0173 mokymus ir pa\u017eym\u0117jimo i\u0161davimo tvark\u0105 rasite \u0161iuo\u00a0<strong><a href=\"https:\/\/\/en\/kvalifikaciniai-mokymai\/\">adresu<\/a><\/strong>.<\/p>\n<\/div>\n<\/section>\n<section class=\"toggle\"><\/section>\n\r\n\t\t<\/div>\r\n\t<\/div>\r\n<\/div><\/div><div class=\"vc_tta-panel\" id=\"1676017758062-90f4d84f-35eb\" data-vc-content=\".vc_tta-panel-body\"><div class=\"vc_tta-panel-heading\"><h4 class=\"vc_tta-panel-title vc_tta-controls-icon-position-left\"><a href=\"#1676017758062-90f4d84f-35eb\" data-vc-accordion data-vc-container=\".vc_tta-container\"><span class=\"vc_tta-title-text\">3. Ar suteikiami CPE u\u017e dalyvavim\u0105 Vidaus auditori\u0173 asociacijos organizuojamuose mokymuose?<\/span><i class=\"vc_tta-controls-icon vc_tta-controls-icon-plus\"><\/i><\/a><\/h4><\/div><div class=\"vc_tta-panel-body\">\r\n\t<div class=\"wpb_text_column wpb_content_element wpb_custom_7c91d232724f73626cc933bd95b25ff0\" >\r\n\t\t<div class=\"wpb_wrapper\">\r\n\t\t\t<section class=\"toggle active\">\n<div class=\"toggle-content\">\n<p style=\"text-align: justify;\">Mokym\u0173 dalyviams suteikiamas 1 CPE kreditas u\u017e 50 min mokym\u0173 trukm\u0117s. CPE suteikimas patvirtinamas Vidaus auditori\u0173 asociacijos i\u0161duodamais dalyvavimo mokymuose pa\u017eym\u0117jimais.<\/p>\n<\/div>\n<\/section>\n<section class=\"toggle\"><\/section>\n\r\n\t\t<\/div>\r\n\t<\/div>\r\n<\/div><\/div><div class=\"vc_tta-panel\" id=\"1676017759773-625dd58c-3f6c\" data-vc-content=\".vc_tta-panel-body\"><div class=\"vc_tta-panel-heading\"><h4 class=\"vc_tta-panel-title vc_tta-controls-icon-position-left\"><a href=\"#1676017759773-625dd58c-3f6c\" data-vc-accordion data-vc-container=\".vc_tta-container\"><span class=\"vc_tta-title-text\">4. Kaip galiu \u012fgyti tarptautin\u012f vidaus auditoriaus sertifikat\u0105 (CIA)?<\/span><i class=\"vc_tta-controls-icon vc_tta-controls-icon-plus\"><\/i><\/a><\/h4><\/div><div class=\"vc_tta-panel-body\">\r\n\t<div class=\"wpb_text_column wpb_content_element wpb_custom_7c91d232724f73626cc933bd95b25ff0\" >\r\n\t\t<div class=\"wpb_wrapper\">\r\n\t\t\t<p style=\"text-align: justify;\">CIA sertifikavimo organizatorius \u2013 Tarptautinis vidaus auditori\u0173 institutas (IIA). Lietuvos vidaus auditori\u0173 asociacija \u0161iame procese nedalyvauja.<\/p>\n<p style=\"text-align: justify;\">Kandidatas, siekiantis \u012fgyti CIA, turi atitikti tam tikrus reikalavimus ir pateikti pra\u0161ym\u0105 IIA: pildoma nustatyta forma, pridedami pagrind\u017eiantys dokumentai, kt.. Kai pra\u0161ymas yra patvirtintas, galima registruotis egzaminui. Egzaminas laikomas Lietuvoje, Vilniuje esan\u010diame egzaminavimo centre (konkretus adresas nurodomas registruojantis). Dat\u0105 ir laik\u0105 galima rinktis laisvai, jis priklauso tik nuo centro u\u017eimtumo.<\/p>\n<p style=\"text-align: justify;\">Pilna informacija: <a href=\"https:\/\/www.theiia.org\/en\/content\/certifications\/certification-candidate-handbook\/\">https:\/\/www.theiia.org\/en\/content\/certifications\/certification-candidate-handbook\/<\/a><\/p>\n\r\n\t\t<\/div>\r\n\t<\/div>\r\n<\/div><\/div><div class=\"vc_tta-panel\" id=\"1676017760582-8c470a4a-992b\" data-vc-content=\".vc_tta-panel-body\"><div class=\"vc_tta-panel-heading\"><h4 class=\"vc_tta-panel-title vc_tta-controls-icon-position-left\"><a href=\"#1676017760582-8c470a4a-992b\" data-vc-accordion data-vc-container=\".vc_tta-container\"><span class=\"vc_tta-title-text\">5. Kaip galiu pasiruo\u0161ti CIA egzaminams?<\/span><i class=\"vc_tta-controls-icon vc_tta-controls-icon-plus\"><\/i><\/a><\/h4><\/div><div class=\"vc_tta-panel-body\">\r\n\t<div class=\"wpb_text_column wpb_content_element wpb_custom_7c91d232724f73626cc933bd95b25ff0\" >\r\n\t\t<div class=\"wpb_wrapper\">\r\n\t\t\t<p style=\"text-align: justify;\">Kandidatai CIA egzaminams ruo\u0161iasi savaranki\u0161kai. IIA si\u016blo ruo\u0161tis naudojant j\u0173 paruo\u0161t\u0105 <a href=\"https:\/\/\/en\/cia-mokymosi-medziaga\/\">med\u017eiag\u0105<\/a>.<\/p>\n\r\n\t\t<\/div>\r\n\t<\/div>\r\n<\/div><\/div><div class=\"vc_tta-panel\" id=\"1676017761474-4fe36a99-fb21\" data-vc-content=\".vc_tta-panel-body\"><div class=\"vc_tta-panel-heading\"><h4 class=\"vc_tta-panel-title vc_tta-controls-icon-position-left\"><a href=\"#1676017761474-4fe36a99-fb21\" data-vc-accordion data-vc-container=\".vc_tta-container\"><span class=\"vc_tta-title-text\">6. Kokie CIA egzamin\u0173 mokes\u010diai?<\/span><i class=\"vc_tta-controls-icon vc_tta-controls-icon-plus\"><\/i><\/a><\/h4><\/div><div class=\"vc_tta-panel-body\">\r\n\t<div class=\"wpb_text_column wpb_content_element wpb_custom_7c91d232724f73626cc933bd95b25ff0\" >\r\n\t\t<div class=\"wpb_wrapper\">\r\n\t\t\t<section class=\"toggle active\">\n<div class=\"toggle-content\">\n<p style=\"text-align: justify;\">Mokes\u010diai skelbiami \u0161ioje nuorodoje <a href=\"https:\/\/www.theiia.org\/en\/certifications\/new-to-certification\/eligibility-pricing\/\">https:\/\/www.theiia.org\/en\/certifications\/new-to-certification\/eligibility-pricing\/<\/a>.<\/p>\n<\/div>\n<\/section>\n<section class=\"toggle\"><\/section>\n\r\n\t\t<\/div>\r\n\t<\/div>\r\n<\/div><\/div><div class=\"vc_tta-panel\" id=\"1676017854856-1e37cc1b-164d\" data-vc-content=\".vc_tta-panel-body\"><div class=\"vc_tta-panel-heading\"><h4 class=\"vc_tta-panel-title vc_tta-controls-icon-position-left\"><a href=\"#1676017854856-1e37cc1b-164d\" data-vc-accordion data-vc-container=\".vc_tta-container\"><span class=\"vc_tta-title-text\">7. Ar privaloma kelti kvalifikacij\u0105 sertifikuotiems vidaus auditoriams?<\/span><i class=\"vc_tta-controls-icon vc_tta-controls-icon-plus\"><\/i><\/a><\/h4><\/div><div class=\"vc_tta-panel-body\">\r\n\t<div class=\"wpb_text_column wpb_content_element wpb_custom_7c91d232724f73626cc933bd95b25ff0\" >\r\n\t\t<div class=\"wpb_wrapper\">\r\n\t\t\t<p>Tiems, kurie turi \u012fgij\u0119 Tarptautinio vidaus auditori\u0173 instituto (IIA) i\u0161duotus sertifikatus (CIA, CRMA, CGAP, kt.), kvalifikacijos k\u0117limas yra privalomas. Reikalavimus \u0161i\u0173 sertifikat\u0173 tur\u0117tojams nustato IIA, privalom\u0173 surinkti kredit\u0173 (CPE) skai\u010dius priklauso nuo sertifikato r\u016b\u0161ies, pvz. CIA tur\u0117tojams \u2013 40 CPE per metus, CRMA tur\u0117tojams \u2013 20 CPE\u00a0per metus. Kiekvienais metais iki gruod\u017eio 31 d. tarptautini\u0173 sertifikat\u0173 tur\u0117tojai privalo deklaruoti kvalifikacijos k\u0117limo reikalavim\u0173 atitikim\u0105 Institutui.<\/p>\n<p>Detalesn\u0117 informacija apie kvalifikacijos k\u0117limo reikalavimus <a href=\"https:\/\/www.theiia.org\/globalassets\/site\/certifications\/annual-certification-renewal-policy_effective-1-september-2023.pdf\">\u010dia<\/a>.<\/p>\n\r\n\t\t<\/div>\r\n\t<\/div>\r\n<\/div><\/div><div class=\"vc_tta-panel\" id=\"1676017857197-27cd8fd5-e496\" data-vc-content=\".vc_tta-panel-body\"><div class=\"vc_tta-panel-heading\"><h4 class=\"vc_tta-panel-title vc_tta-controls-icon-position-left\"><a href=\"#1676017857197-27cd8fd5-e496\" data-vc-accordion data-vc-container=\".vc_tta-container\"><span class=\"vc_tta-title-text\">8. Ar privaloma kelti kvalifikacij\u0105 asmenims, turintiems Vidaus auditori\u0173 asociacijos i\u0161duot\u0105 pa\u017eym\u0117jim\u0105?<\/span><i class=\"vc_tta-controls-icon vc_tta-controls-icon-plus\"><\/i><\/a><\/h4><\/div><div class=\"vc_tta-panel-body\">\r\n\t<div class=\"wpb_text_column wpb_content_element wpb_custom_7c91d232724f73626cc933bd95b25ff0\" >\r\n\t\t<div class=\"wpb_wrapper\">\r\n\t\t\t<div class=\"vc_column_container col-md-8 col-xl-8 col-lg-12 vc_custom_1519744772531\">\n<div class=\"wpb_wrapper vc_column-inner\">\n<section class=\"toggle active\">\n<div class=\"toggle-content\">\n<div id=\"primary\">\n<section id=\"content\" role=\"main\">\n<div id=\"content-wrap\">\n<div class=\"region region-content\">\n<div id=\"block-system-main\" class=\"block block-system\">\n<div class=\"content\">\n<div class=\"content\">\n<div class=\"field field-name-body field-type-text-with-summary field-label-hidden\">\n<div class=\"field-items\">\n<div class=\"field-item even\">\n<p style=\"text-align: justify;\">Asmenims, turintiems Vidaus auditori\u0173 asociacijos i\u0161duot\u0105 pa\u017eym\u0117jim\u0105 (\u201elietuvi\u0161k\u0105\u201c), kvalifikacijos k\u0117limas yra ne privalomas, o rekomenduojamas.<\/p>\n<\/div>\n<\/div>\n<\/div>\n<\/div>\n<footer><\/footer>\n<\/div>\n<\/div>\n<\/div>\n<\/div>\n<\/section>\n<\/div>\n<aside id=\"sidebar\" role=\"complementary\">\n<div class=\"region region-sidebar-first\">\n<div id=\"block-block-2\" class=\"block block-block\">\n<div class=\"content\"><\/div>\n<\/div>\n<\/div>\n<\/aside>\n<\/div>\n<\/section>\n<\/div>\n<\/div>\n<div class=\"vc_column_container col-md-4 col-xl-4 col-lg-12 vc_custom_1519744777514\">\n<div class=\"wpb_wrapper vc_column-inner\">\n<div class=\"wpb_widgetised_column wpb_content_element\">\n<div class=\"wpb_wrapper\">\n<aside id=\"evofc_widget-6\" class=\"widget evoFC_Widget\">\n<div id=\"evcal_widget\" class=\"evo_fc_widget evo_widget\">\n<div id=\"evcal_calendar_evo_fc_63b6b78276b83\" class=\"ajde_evcal_calendar sev cev color esty_2 evoFC\">\n<div id=\"evcal_head\" class=\"calendar_header\">\n<div class=\"evo_cal_above\" style=\"text-align: justify;\"><\/div>\n<div class=\"evo_cal_above_content\" style=\"text-align: justify;\"><\/div>\n<div class=\"evo_header_title\" style=\"text-align: justify;\"><\/div>\n<\/div>\n<\/div>\n<\/div>\n<\/aside>\n<\/div>\n<\/div>\n<\/div>\n<\/div>\n\r\n\t\t<\/div>\r\n\t<\/div>\r\n<\/div><\/div><div class=\"vc_tta-panel\" id=\"1676017903076-840da428-fbd1\" data-vc-content=\".vc_tta-panel-body\"><div class=\"vc_tta-panel-heading\"><h4 class=\"vc_tta-panel-title vc_tta-controls-icon-position-left\"><a href=\"#1676017903076-840da428-fbd1\" data-vc-accordion data-vc-container=\".vc_tta-container\"><span class=\"vc_tta-title-text\">9. Kaip i\u0161stoti i\u0161 Asociacijos nari\u0173?<\/span><i class=\"vc_tta-controls-icon vc_tta-controls-icon-plus\"><\/i><\/a><\/h4><\/div><div class=\"vc_tta-panel-body\">\r\n\t<div class=\"wpb_text_column wpb_content_element wpb_custom_7c91d232724f73626cc933bd95b25ff0\" >\r\n\t\t<div class=\"wpb_wrapper\">\r\n\t\t\t<p>Narys, nutar\u0119s i\u0161stoti i\u0161 Asociacijos, apie tai privalo <strong>ra\u0161tu<\/strong> prane\u0161ti Asociacijos valdybos pirmininkui el. pa\u0161tu <a href=\"mailto:info@\">info@<\/a>.\u00a0 Jeigu narys neturi joki\u0173 ne\u012fvykdyt\u0173 prievoli\u0173 Asociacijai, Asociacijos valdybos pirmininkas informuoja nar\u012f apie jo pa\u0161alinim\u0105 i\u0161 Asociacijos nari\u0173 s\u0105ra\u0161o. Jeigu narys turi ne\u012fvykdyt\u0173 prievoli\u0173 Asociacijai, Asociacijos valdybos pirmininkas informuoja nar\u012f apie jo pa\u0161alinim\u0105 i\u0161 Asociacijos nari\u0173 s\u0105ra\u0161o ir kartu nurodo atsiskaitymo su Asociacija tvark\u0105 ir terminus. Visos Asociacijos nario teis\u0117s pasibaigia pa\u0161alinimo i\u0161 Asociacijos nari\u0173 s\u0105ra\u0161o dien\u0105.<\/p>\n\r\n\t\t<\/div>\r\n\t<\/div>\r\n<\/div><\/div><\/div><\/div><\/div><\/div><\/div><\/div><div class=\"vc_column_container col-md-4\"><div class=\"wpb_wrapper vc_column-inner\"><div  class=\"wpb_widgetised_column wpb_content_element\">\n\t\t<div class=\"wpb_wrapper\">\n\t\t\t\n\t\t\t<aside id=\"block-2\" class=\"widget widget_block\">\n<h2 class=\"wp-block-heading has-primary-color has-text-color\" style=\"font-style:normal;font-weight:400\">Artimiausi renginiai<\/h2>\n<\/aside><aside id=\"block-3\" class=\"widget widget_block\"><div class=\"mec-wrap mec-skin-list-container\" id=\"mec_skin_11396\">\r\n\r\n    \r\n            <div class=\"mec-skin-list-events-container\" id=\"mec_skin_events_11396\">\r\n        <div class=\"mec-wrap colorskin-custom\">\r\n\t<div class=\"mec-event-list-classic\">\r\n\t\t\r\n                        <div class=\"mec-month-divider\" data-toggle-divider=\"mec-toggle-202604-11396\"><h5 style=\"display: inline;\">April 2026<\/h5><i class=\"mec-sl-arrow-down\"><\/i><\/div>\r\n            \r\n                        <article class=\"mec-event-article  mec-clear  mec-divider-toggle mec-toggle-202604-11396\" itemscope>\r\n                                                        <div class=\"mec-event-image\"><a class=\"mec-color-hover\" data-event-id=\"16377\" href=\"https:\/\/vaa.lt\/en\/renginiai\/vidaus-auditoriu-kvalifikaciniai-mokymai-2\/\" target=\"_self\" rel=\"noopener\"><img decoding=\"async\" width=\"150\" height=\"150\" src=\"https:\/\/vaa.lt\/wp-content\/uploads\/2025\/07\/Kvalifikaciniai111-150x150.jpg\" class=\"attachment-thumbnail size-thumbnail wp-post-image\" alt=\"\" data-mec-postid=\"16377\" \/><\/a><\/div>\r\n                                            <div class=\"mec-event-date mec-color\"><i class=\"mec-sl-calendar\"><\/i> <span class=\"mec-start-date-label\">Apr 14 - 23 2026<\/span><\/div>\r\n                        <div class=\"mec-event-time mec-color\"><\/div>\r\n                                                                                <h4 class=\"mec-event-title\"><a class=\"mec-color-hover\" data-event-id=\"16377\" href=\"https:\/\/vaa.lt\/en\/renginiai\/vidaus-auditoriu-kvalifikaciniai-mokymai-2\/\" target=\"_self\" rel=\"noopener\">Vidaus auditori\u0173 kvalifikaciniai mokymai<\/a> <span class=\"mec-event-title-soldout\"><span class=\"soldout\">Sale has ended<\/span><\/span> <\/h4>\r\n                    <div class=\"mec-event-detail\"><div class=\"mec-event-loc-place\"><i class=\"mec-sl-map-marker\"><\/i> Nuotolinis renginys (Microsoft Teams)<\/div><\/div>                                                                                                                                <\/article>\r\n            \t\t\r\n            \r\n                        <article class=\"mec-event-article  mec-clear  mec-divider-toggle mec-toggle-202604-11396\" itemscope>\r\n                                                        <div class=\"mec-event-image\"><a class=\"mec-color-hover\" data-event-id=\"16896\" href=\"https:\/\/www.eciia.eu\/2026\/03\/webinar-the-human-factor-in-ai-governance-from-policy-to-practice\/\" target=\"_self\" rel=\"noopener\"><img decoding=\"async\" width=\"150\" height=\"150\" src=\"https:\/\/vaa.lt\/wp-content\/uploads\/2026\/03\/LINKEDIN-1080x1080-17-150x150.png\" class=\"attachment-thumbnail size-thumbnail wp-post-image\" alt=\"\" data-mec-postid=\"16896\" \/><\/a><\/div>\r\n                                            <div class=\"mec-event-date mec-color\"><i class=\"mec-sl-calendar\"><\/i> <span class=\"mec-start-date-label\">Apr 21 2026<\/span><\/div>\r\n                        <div class=\"mec-event-time mec-color\"><\/div>\r\n                                                                                <h4 class=\"mec-event-title\"><a class=\"mec-color-hover\" data-event-id=\"16896\" href=\"https:\/\/www.eciia.eu\/2026\/03\/webinar-the-human-factor-in-ai-governance-from-policy-to-practice\/\" target=\"_self\" rel=\"noopener\">ECIIA: Webinar: The human factor in AI Governance: From policy to practice<\/a><span class=\"event-color\" style=\"background: #d30c41\"><\/span><\/h4>\r\n                    <div class=\"mec-event-detail\"><div class=\"mec-event-loc-place\"><i class=\"mec-sl-map-marker\"><\/i> Online<\/div><\/div>                                                                                                                                <\/article>\r\n            \t\t\r\n            \r\n                        <article class=\"mec-event-article  mec-clear  mec-divider-toggle mec-toggle-202604-11396\" itemscope>\r\n                                                        <div class=\"mec-event-image\"><a class=\"mec-color-hover\" data-event-id=\"16433\" href=\"https:\/\/vaa.lt\/en\/renginiai\/baltic-risk-and-audit-forum-2026-transitioning-together\/\" target=\"_self\" rel=\"noopener\"><img decoding=\"async\" width=\"150\" height=\"150\" src=\"https:\/\/vaa.lt\/wp-content\/uploads\/2026\/01\/Conference_final_web-150x150.webp\" class=\"attachment-thumbnail size-thumbnail wp-post-image\" alt=\"\" data-mec-postid=\"16433\" \/><\/a><\/div>\r\n                                            <div class=\"mec-event-date mec-color\"><i class=\"mec-sl-calendar\"><\/i> <span class=\"mec-start-date-label\">Apr 30 2026<\/span><\/div>\r\n                        <div class=\"mec-event-time mec-color\"><\/div>\r\n                                                                                <h4 class=\"mec-event-title\"><a class=\"mec-color-hover\" data-event-id=\"16433\" href=\"https:\/\/vaa.lt\/en\/renginiai\/baltic-risk-and-audit-forum-2026-transitioning-together\/\" target=\"_self\" rel=\"noopener\">Baltic Risk and Audit Forum 2026: Transitioning Together<\/a><\/h4>\r\n                    <div class=\"mec-event-detail\"><div class=\"mec-event-loc-place\"><i class=\"mec-sl-map-marker\"><\/i> AC HOTEL Vilnius<\/div><\/div>                                                                                                                                <\/article>\r\n            \t\t\r\n                        <div class=\"mec-month-divider\" data-toggle-divider=\"mec-toggle-202605-11396\"><h5 style=\"display: inline;\">May 2026<\/h5><i class=\"mec-sl-arrow-down\"><\/i><\/div>\r\n            \r\n                        <article class=\"mec-event-article  mec-clear  mec-divider-toggle mec-toggle-202605-11396\" itemscope>\r\n                                                        <div class=\"mec-event-image\"><a class=\"mec-color-hover\" data-event-id=\"16849\" href=\"https:\/\/vaa.lt\/en\/renginiai\/metodologine-programa-rizika-gristam-sprendimu-priemimui-ir-organizaciju-atsparumui-stiprin\/\" target=\"_self\" rel=\"noopener\"><\/a><\/div>\r\n                                            <div class=\"mec-event-date mec-color\"><i class=\"mec-sl-calendar\"><\/i> <span class=\"mec-start-date-label\">May 19 2026<\/span><\/div>\r\n                        <div class=\"mec-event-time mec-color\"><\/div>\r\n                                                                                <h4 class=\"mec-event-title\"><a class=\"mec-color-hover\" data-event-id=\"16849\" href=\"https:\/\/vaa.lt\/en\/renginiai\/metodologine-programa-rizika-gristam-sprendimu-priemimui-ir-organizaciju-atsparumui-stiprin\/\" target=\"_self\" rel=\"noopener\">Metodologin\u0117 programa rizika gr\u012fstam sprendim\u0173 pri\u0117mimui ir organizacij\u0173 atsparumui stiprinti<\/a><span class=\"event-color\" style=\"background: #d30c41\"><\/span><\/h4>\r\n                    <div class=\"mec-event-detail\"><div class=\"mec-event-loc-place\"><i class=\"mec-sl-map-marker\"><\/i> Online<\/div><\/div>                                                                                                                                <\/article>\r\n            \t\t\r\n                        <div class=\"mec-month-divider\" data-toggle-divider=\"mec-toggle-202606-11396\"><h5 style=\"display: inline;\">June 2026<\/h5><i class=\"mec-sl-arrow-down\"><\/i><\/div>\r\n            \r\n                        <article class=\"mec-event-article  mec-clear  mec-divider-toggle mec-toggle-202606-11396\" itemscope>\r\n                                                        <div class=\"mec-event-image\"><a class=\"mec-color-hover\" data-event-id=\"16279\" href=\"https:\/\/vaa.lt\/en\/renginiai\/bicg-good-corporate-governance-and-board-work-essentials\/\" target=\"_self\" rel=\"noopener\"><img decoding=\"async\" width=\"150\" height=\"150\" src=\"https:\/\/vaa.lt\/wp-content\/uploads\/2025\/12\/Boardroom-2-150x150.jpg\" class=\"attachment-thumbnail size-thumbnail wp-post-image\" alt=\"\" data-mec-postid=\"16279\" \/><\/a><\/div>\r\n                                            <div class=\"mec-event-date mec-color\"><i class=\"mec-sl-calendar\"><\/i> <span class=\"mec-start-date-label\">Jun 04 - 05 2026<\/span><\/div>\r\n                        <div class=\"mec-event-time mec-color\"><\/div>\r\n                                                                                <h4 class=\"mec-event-title\"><a class=\"mec-color-hover\" data-event-id=\"16279\" href=\"https:\/\/vaa.lt\/en\/renginiai\/bicg-good-corporate-governance-and-board-work-essentials\/\" target=\"_self\" rel=\"noopener\">BICG: Good Corporate Governance and Board Work Essentials<\/a><span class=\"event-color\" style=\"background: #d30c41\"><\/span><\/h4>\r\n                                                                                                                                                    <\/article>\r\n            \t\t\t<\/div>\r\n<\/div>\r\n\r\n    <\/div>\r\n    <div class=\"mec-skin-list-no-events-container mec-util-hidden\" id=\"mec_skin_no_events_11396\">\r\n        No event found!    <\/div>\r\n    \r\n    \r\n<\/div>\n<\/aside>\n\t\t<\/div>\n\t<\/div>\n<\/div><\/div><\/div><div class=\"vc_row-full-width vc_clearfix\"><\/div>\n<\/div>","protected":false},"excerpt":{"rendered":"Good Corporate Governance and Board Work Essentials is a program, which discusses key good corporate governance and board work principles, outlining how to implement them in practice and what value can be created by following them. \u00a0 Benefits of the program: \u25cf Learn about creating strong company governance foundations \u25cf Study practical frameworks for effective [...]","protected":false},"author":1,"featured_media":0,"parent":0,"menu_order":0,"comment_status":"closed","ping_status":"closed","template":"","meta":{"footnotes":""},"class_list":["post-6233","page","type-page","status-publish","hentry"],"_links":{"self":[{"href":"https:\/\/vaa.lt\/en\/wp-json\/wp\/v2\/pages\/6233","targetHints":{"allow":["GET"]}}],"collection":[{"href":"https:\/\/vaa.lt\/en\/wp-json\/wp\/v2\/pages"}],"about":[{"href":"https:\/\/vaa.lt\/en\/wp-json\/wp\/v2\/types\/page"}],"author":[{"embeddable":true,"href":"https:\/\/vaa.lt\/en\/wp-json\/wp\/v2\/users\/1"}],"replies":[{"embeddable":true,"href":"https:\/\/vaa.lt\/en\/wp-json\/wp\/v2\/comments?post=6233"}],"version-history":[{"count":0,"href":"https:\/\/vaa.lt\/en\/wp-json\/wp\/v2\/pages\/6233\/revisions"}],"wp:attachment":[{"href":"https:\/\/vaa.lt\/en\/wp-json\/wp\/v2\/media?parent=6233"}],"curies":[{"name":"wp","href":"https:\/\/api.w.org\/{rel}","templated":true}]}}