{"id":6226,"date":"2018-01-22T11:19:51","date_gmt":"2018-01-22T11:19:51","guid":{"rendered":"https:\/\/keydesign-themes.com\/leadengine\/?page_id=6226"},"modified":"2025-04-22T10:51:01","modified_gmt":"2025-04-22T07:51:01","slug":"kontaktai","status":"publish","type":"page","link":"https:\/\/vaa.lt\/en\/kontaktai\/","title":{"rendered":"Kontaktai"},"content":{"rendered":"<div class=\"wpb-content-wrapper\"><div data-vc-full-width=\"true\" data-vc-full-width-temp=\"true\" data-vc-full-width-init=\"false\" data-vc-parallax=\"1.5\" data-vc-parallax-image=\"https:\/\/vaa.lt\/wp-content\/uploads\/2023\/01\/back-scaled.jpg\" class=\"vc_row wpb_row top-row vc_custom_1673886561703 vc_row-has-fill vc_general vc_parallax vc_parallax-content-moving porto-inner-container wpb_custom_034b39d9bc6c6b310d69e39f0ccf274f\" data-plugin=\"scroll-parallax\" data-sp-options=\"{&quot;cssValueStart&quot;:40,&quot;cssValueUnit&quot;:&quot;%&quot;}\"><div class=\"porto-wrap-container container\"><div class=\"row align-items-center\"><div class=\"vc_column_container col-md-12 vc_custom_1543888239030\"><div class=\"wpb_wrapper vc_column-inner\"><h2 style=\"font-size: 3.9375em;color: #006197;line-height: 1.1;text-align: center;font-weight:800;letter-spacing:-.016em\" data-appear-animation=\"fadeInUp\" data-appear-animation-delay=\"300\" class=\"vc_custom_heading vc_do_custom_heading pb-2 mb-2 mb-xl-4 wpb_custom_aa365bd5046e8294520b4e73732b9d15 text-uppercase heading-light\" >Vidaus auditori\u0173 asociacija<\/h2><p style=\"font-size: 1.3125em;color: #ffffff;line-height: 1.5;text-align: center\" data-appear-animation=\"fadeInUp\" data-appear-animation-delay=\"500\" class=\"vc_custom_heading vc_do_custom_heading pr-5 pb-3 mb-2 mb-xl-4 wpb_custom_aa365bd5046e8294520b4e73732b9d15\" >Kontaktai ir rekvizitai<\/p><\/div><\/div><\/div><\/div><\/div><div class=\"vc_row-full-width vc_clearfix\"><\/div><div class=\"vc_row wpb_row row top-row vc_custom_1673808057628 vc_row-o-equal-height vc_row-flex wpb_custom_034b39d9bc6c6b310d69e39f0ccf274f\"><div class=\"vc_column_container col-md-3\"><div class=\"wpb_wrapper vc_column-inner\"><div class=\"porto-u-heading  wpb_custom_82f46bf5b2217e4441e93b3f3cdb46e4 porto-u-ad87e2eaf3f9c495180fe0156ddf3eb0\"><div class=\"porto-u-main-heading\"><h3  >Registracijos adresas<\/h3><\/div><style>.porto-u-ad87e2eaf3f9c495180fe0156ddf3eb0.porto-u-heading{text-align:left}<\/style><\/div><\/div><\/div><div class=\"vc_column_container col-md-9\"><div class=\"wpb_wrapper vc_column-inner\"><div class=\"porto-u-heading  wpb_custom_36e4e2c4daa2eb1562d78a3c99187604 porto-u-ad87e2eaf3f9c495180fe0156ddf3eb0\"><div class=\"porto-u-main-heading\"><h3  >V. Nagevi\u010diaus g. 3, Vilnius<\/h3><\/div><style>.porto-u-ad87e2eaf3f9c495180fe0156ddf3eb0.porto-u-heading{text-align:left}<\/style><\/div><\/div><\/div><\/div><div class=\"vc_row wpb_row row top-row vc_custom_1673808089119 vc_row-o-equal-height vc_row-flex wpb_custom_034b39d9bc6c6b310d69e39f0ccf274f\"><div class=\"vc_column_container col-md-3\"><div class=\"wpb_wrapper vc_column-inner\"><div class=\"porto-u-heading  wpb_custom_82f46bf5b2217e4441e93b3f3cdb46e4 porto-u-ad87e2eaf3f9c495180fe0156ddf3eb0\"><div class=\"porto-u-main-heading\"><h3  >Adresas korespondencijai<\/h3><\/div><style>.porto-u-ad87e2eaf3f9c495180fe0156ddf3eb0.porto-u-heading{text-align:left}<\/style><\/div><\/div><\/div><div class=\"vc_column_container col-md-9\"><div class=\"wpb_wrapper vc_column-inner\"><div class=\"porto-u-heading  wpb_custom_36e4e2c4daa2eb1562d78a3c99187604 porto-u-ad87e2eaf3f9c495180fe0156ddf3eb0\"><div class=\"porto-u-main-heading\"><h3  >Ukmerg\u0117s g. 223, 4 auk\u0161tas, \"FINORDER\", Vilnius<\/h3><\/div><style>.porto-u-ad87e2eaf3f9c495180fe0156ddf3eb0.porto-u-heading{text-align:left}<\/style><\/div><\/div><\/div><\/div><div class=\"vc_row wpb_row row top-row vc_custom_1673808106200 vc_row-o-equal-height vc_row-flex wpb_custom_034b39d9bc6c6b310d69e39f0ccf274f\"><div class=\"vc_column_container col-md-3\"><div class=\"wpb_wrapper vc_column-inner\"><div class=\"porto-u-heading  wpb_custom_82f46bf5b2217e4441e93b3f3cdb46e4 porto-u-ad87e2eaf3f9c495180fe0156ddf3eb0\"><div class=\"porto-u-main-heading\"><h3  >Banko s\u0105skaita<\/h3><\/div><style>.porto-u-ad87e2eaf3f9c495180fe0156ddf3eb0.porto-u-heading{text-align:left}<\/style><\/div><\/div><\/div><div class=\"vc_column_container col-md-9\"><div class=\"wpb_wrapper vc_column-inner\"><div class=\"porto-u-heading  wpb_custom_36e4e2c4daa2eb1562d78a3c99187604 porto-u-ad87e2eaf3f9c495180fe0156ddf3eb0\"><div class=\"porto-u-main-heading\"><h3  >LT367044060001624879<\/h3><\/div><style>.porto-u-ad87e2eaf3f9c495180fe0156ddf3eb0.porto-u-heading{text-align:left}<\/style><\/div><\/div><\/div><\/div><div class=\"vc_row wpb_row row top-row vc_custom_1673808106200 vc_row-o-equal-height vc_row-flex wpb_custom_034b39d9bc6c6b310d69e39f0ccf274f\"><div class=\"vc_column_container col-md-3\"><div class=\"wpb_wrapper vc_column-inner\"><div class=\"porto-u-heading  wpb_custom_82f46bf5b2217e4441e93b3f3cdb46e4 porto-u-ad87e2eaf3f9c495180fe0156ddf3eb0\"><div class=\"porto-u-main-heading\"><h3  >Bendrieji klausimai:<\/h3><\/div><style>.porto-u-ad87e2eaf3f9c495180fe0156ddf3eb0.porto-u-heading{text-align:left}<\/style><\/div><\/div><\/div><div class=\"vc_column_container col-md-9\"><div class=\"wpb_wrapper vc_column-inner\"><div class=\"porto-u-heading  wpb_custom_d01af78462f7976d2b39f64b123bf584 porto-u-ad87e2eaf3f9c495180fe0156ddf3eb0\"><div class=\"porto-u-sub-heading\" style=\"color: #006198;\"><a href=\"mailto:info@vaa.lt\">info@vaa.lt<\/a><\/div><style>.porto-u-ad87e2eaf3f9c495180fe0156ddf3eb0.porto-u-heading{text-align:left}<\/style><\/div><\/div><\/div><\/div><div class=\"vc_row wpb_row row top-row vc_custom_1673886717450 vc_row-o-equal-height vc_row-flex wpb_custom_034b39d9bc6c6b310d69e39f0ccf274f\"><div class=\"vc_column_container col-md-3\"><div class=\"wpb_wrapper vc_column-inner\"><div class=\"porto-u-heading  wpb_custom_82f46bf5b2217e4441e93b3f3cdb46e4 porto-u-ad87e2eaf3f9c495180fe0156ddf3eb0\"><div class=\"porto-u-main-heading\"><h3  >Su mokymais ir administravimu susij\u0119 klausimai:<\/h3><\/div><style>.porto-u-ad87e2eaf3f9c495180fe0156ddf3eb0.porto-u-heading{text-align:left}<\/style><\/div><\/div><\/div><div class=\"vc_column_container col-md-9\"><div class=\"wpb_wrapper vc_column-inner\"><div class=\"porto-u-heading  wpb_custom_d01af78462f7976d2b39f64b123bf584 porto-u-ad87e2eaf3f9c495180fe0156ddf3eb0\"><div class=\"porto-u-sub-heading\" style=\"color: #006198;\"><a href=\"mailto:administravimas@vaa.lt\">administravimas@vaa.lt<\/a><\/div><style>.porto-u-ad87e2eaf3f9c495180fe0156ddf3eb0.porto-u-heading{text-align:left}<\/style><\/div><\/div><\/div><\/div>\n<\/div>","protected":false},"excerpt":{"rendered":"Vidaus auditori\u0173 asociacijaKontaktai ir rekvizitaiRegistracijos adresasV. Nagevi\u010diaus g. 3, VilniusAdresas korespondencijaiUkmerg\u0117s g. 223, 4 auk\u0161tas, \"FINORDER\", VilniusBanko s\u0105skaitaLT367044060001624879Bendrieji klausimai:info@vaa.ltSu mokymais ir administravimu susij\u0119 klausimai:administravimas@vaa.lt","protected":false},"author":1,"featured_media":0,"parent":0,"menu_order":0,"comment_status":"closed","ping_status":"closed","template":"","meta":{"footnotes":""},"class_list":["post-6226","page","type-page","status-publish","hentry"],"_links":{"self":[{"href":"https:\/\/vaa.lt\/en\/wp-json\/wp\/v2\/pages\/6226","targetHints":{"allow":["GET"]}}],"collection":[{"href":"https:\/\/vaa.lt\/en\/wp-json\/wp\/v2\/pages"}],"about":[{"href":"https:\/\/vaa.lt\/en\/wp-json\/wp\/v2\/types\/page"}],"author":[{"embeddable":true,"href":"https:\/\/vaa.lt\/en\/wp-json\/wp\/v2\/users\/1"}],"replies":[{"embeddable":true,"href":"https:\/\/vaa.lt\/en\/wp-json\/wp\/v2\/comments?post=6226"}],"version-history":[{"count":4,"href":"https:\/\/vaa.lt\/en\/wp-json\/wp\/v2\/pages\/6226\/revisions"}],"predecessor-version":[{"id":15309,"href":"https:\/\/vaa.lt\/en\/wp-json\/wp\/v2\/pages\/6226\/revisions\/15309"}],"wp:attachment":[{"href":"https:\/\/vaa.lt\/en\/wp-json\/wp\/v2\/media?parent=6226"}],"curies":[{"name":"wp","href":"https:\/\/api.w.org\/{rel}","templated":true}]}}