{"id":6212,"date":"2018-01-22T11:18:06","date_gmt":"2018-01-22T11:18:06","guid":{"rendered":"https:\/\/keydesign-themes.com\/leadengine\/?page_id=6212"},"modified":"2023-01-29T15:36:17","modified_gmt":"2023-01-29T13:36:17","slug":"narystes-privalumai","status":"publish","type":"page","link":"https:\/\/vaa.lt\/en\/narystes-privalumai\/","title":{"rendered":"Naryst\u0117s privalumai"},"content":{"rendered":"<div class=\"wpb-content-wrapper\"><div data-vc-full-width=\"true\" data-vc-full-width-temp=\"true\" data-vc-full-width-init=\"false\" class=\"vc_row wpb_row row top-row vc_custom_1673204267347 mt-0 pt-0 vc_row-has-fill vc_row-o-equal-height vc_row-flex wpb_custom_034b39d9bc6c6b310d69e39f0ccf274f\"><div class=\"vc_column_container col-md-6 d-xl-block d-none vc_custom_1519734224060\"><div class=\"wpb_wrapper vc_column-inner\"><div class=\"vc_row wpb_row vc_inner row vc_custom_1671362059980 vc_row-has-fill\"><div class=\"vc_column_container col-md-12 vc_custom_1511789291663\"><div class=\"wpb_wrapper vc_column-inner\"><div class=\"vc_empty_space\"   style=\"height: 100px\"><span class=\"vc_empty_space_inner\"><\/span><\/div><\/div><\/div><\/div><\/div><\/div><div class=\"vc_column_container col-md-6 col-xl-6 col-lg-12\"><div class=\"wpb_wrapper vc_column-inner\"><div class=\"vc_row wpb_row vc_inner row vc_custom_1542540948883\"><div class=\"vc_column_container col-md-12\"><div class=\"wpb_wrapper vc_column-inner\"><div class=\"porto-separator   custom-border customLineAnimation d-inline-block mr-3 mb-1\"><hr class=\"separator-line  wpb_content_element wpb_animate_when_almost_visible wpb_slideInLeft slideInLeft align_center solid\" style=\"background-color:#00a1cd;height:3px;\"><\/div><h4 style=\"font-size: 1.2em;color: #007fac;line-height: 1.3;font-weight:600\" data-appear-animation=\"fadeInLeft\" data-appear-animation-delay=\"1000\" class=\"vc_custom_heading vc_do_custom_heading mb-2 d-inline-block wpb_custom_aa365bd5046e8294520b4e73732b9d15 align-left text-uppercase\" >KOD\u0116L VERTA TAPTI<\/h4><h3 style=\"font-size: 2.3em;color: #006198;line-height: 24px;font-weight:700;letter-spacing:-.05em\" data-appear-animation=\"fadeInUp\" data-appear-animation-delay=\"1200\" class=\"vc_custom_heading vc_do_custom_heading mb-3 pb-1 wpb_custom_aa365bd5046e8294520b4e73732b9d15 align-left heading-secondary\" >Vidaus auditori\u0173 asociacijos nariu?<\/h3><div class=\"porto-u-heading  wpb_custom_ac568c7a8339c0f9d3d179be9f9e9c06 porto-u-55ca8359258f9a412be7e73af65d2aac\"><div class=\"porto-u-heading-spacer line_only\" style=\"height:4px;\"><span class=\"porto-u-headings-line\" style=\"border-style:solid;border-bottom-width:4px;border-color:#9aca3c;width:250px;\"><\/span><\/div><div class=\"porto-u-sub-heading\" style=\"color: #006198;\">\n<h2 style=\"text-align: center;\"><span style=\"font-size: 22px; color: #006198;\">Vidaus auditori\u0173 asociacijos nariai:<\/span><\/h2>\n<p><\/div><style>.porto-u-55ca8359258f9a412be7e73af65d2aac.porto-u-heading{text-align:center} .porto-u-55ca8359258f9a412be7e73af65d2aac .porto-u-headings-line{float: unset;}<\/style><\/div><\/div><\/div><\/div><div class=\"vc_row wpb_row vc_inner row\"><div class=\"vc_column_container col-md-12 vc_custom_1546767127926\"><div class=\"wpb_wrapper vc_column-inner\"><div class=\"porto-carousel owl-carousel has-ccols has-ccols-spacing ccols-xl-1 ccols-lg-1 ccols-md-1 ccols-sm-1 ccols-1 stage-margin wpb_custom_70a89e142ccf56dcd4c7bfc4b40db368 big-nav\" data-plugin-options=\"{&quot;themeConfig&quot;:true,&quot;stagePadding&quot;:40,&quot;margin&quot;:10,&quot;autoplay&quot;:&quot;yes&quot;,&quot;mouseDrag&quot;:true,&quot;touchDrag&quot;:true,&quot;autoplayTimeout&quot;:8000,&quot;autoplayHoverPause&quot;:&quot;true&quot;,&quot;items&quot;:1,&quot;xl&quot;:1,&quot;lg&quot;:1,&quot;md&quot;:1,&quot;sm&quot;:1,&quot;xs&quot;:1,&quot;nav&quot;:&quot;yes&quot;,&quot;dots&quot;:&quot;yes&quot;,&quot;animateIn&quot;:&quot;&quot;,&quot;animateOut&quot;:&quot;&quot;,&quot;loop&quot;:false,&quot;center&quot;:false,&quot;video&quot;:false,&quot;lazyLoad&quot;:false,&quot;fullscreen&quot;:false}\"><div class=\"porto-testimonial wpb_content_element   wpb_custom_4760b66c0cbf51ec9a7673f3785bca75\"><div class=\"testimonial\"><blockquote><p>\n<p style=\"text-align: justify;\">gali tapti VAA elektronin\u0117s konferencijos nariais, kur gali dalintis patirtimi ir \u012fvairiais klausimais konsultuotis bei diskutuoti su Lietuvos vidaus auditoriais<\/p>\n<p><\/p><\/blockquote><div class=\"testimonial-arrow-down\"><\/div><div class=\"testimonial-author\"><p><strong><\/strong><span><\/span><\/p><\/div><\/div><\/div><div class=\"porto-testimonial wpb_content_element   wpb_custom_4760b66c0cbf51ec9a7673f3785bca75\"><div class=\"testimonial\"><blockquote><p>\n<p style=\"text-align: justify;\">gauna naujausias \u017einias apie vidaus audit\u0105 i\u0161 IIA bei VAA<\/p>\n<p><\/p><\/blockquote><div class=\"testimonial-arrow-down\"><\/div><div class=\"testimonial-author\"><p><strong><\/strong><span><\/span><\/p><\/div><\/div><\/div><div class=\"porto-testimonial wpb_content_element   wpb_custom_4760b66c0cbf51ec9a7673f3785bca75\"><div class=\"testimonial\"><blockquote><p>\n<p style=\"text-align: justify;\">dalyvauja LR teisini\u0173 akt\u0173, tiesiogiai ar netiesiogiai lie\u010dian\u010di\u0173 vidaus audit\u0105, svarstyme<\/p>\n<p><\/p><\/blockquote><div class=\"testimonial-arrow-down\"><\/div><div class=\"testimonial-author\"><p><strong><\/strong><span><\/span><\/p><\/div><\/div><\/div><div class=\"porto-testimonial wpb_content_element   wpb_custom_4760b66c0cbf51ec9a7673f3785bca75\"><div class=\"testimonial\"><blockquote><p>\n<p style=\"text-align: justify;\">Vidaus auditori\u0173 asociacijos nariai automati\u0161kai tampa did\u017eiausio pasaulyje vidaus auditori\u0173 susivienijimo \u2013 Vidaus auditori\u0173 instituto (Institute of Internal Auditors \u2013 IIA) \u2013 nariais ir naudojasi naryst\u0117s privalumais. \u00a0<span style=\"text-decoration: underline;\"><span style=\"color: #ffffff;\"><a style=\"color: #ffffff;\" href=\"https:\/\/www.theiia.org\/en\/membership\/member-benefits\/\"><strong>Daugiau informacijos \u010dia<\/strong><\/a><\/span><\/span><\/p>\n<p><\/p><\/blockquote><div class=\"testimonial-arrow-down\"><\/div><div class=\"testimonial-author\"><p><strong><\/strong><span><\/span><\/p><\/div><\/div><\/div><div class=\"porto-testimonial wpb_content_element   wpb_custom_4760b66c0cbf51ec9a7673f3785bca75\"><div class=\"testimonial\"><blockquote><p>\n<p style=\"text-align: justify;\">gauna pri\u0117jim\u0105 prie IIA profesin\u0117s informacijos i\u0161tekli\u0173, esan\u010di\u0173 IIA internetiniame tinklapyje www.theiia.org<\/p>\n<p><\/p><\/blockquote><div class=\"testimonial-arrow-down\"><\/div><div class=\"testimonial-author\"><p><strong><\/strong><span><\/span><\/p><\/div><\/div><\/div><div class=\"porto-testimonial wpb_content_element   wpb_custom_4760b66c0cbf51ec9a7673f3785bca75\"><div class=\"testimonial\"><blockquote><p>\n<p style=\"text-align: justify;\">gauna IIA naryst\u0117s mokes\u010dio nuolaid\u0105 (iki 85%); bendrai metinis nario mokestis, u\u017etikrinantis naryst\u0119 tiek VAA, tiek ir IIA, yra 80 EUR<\/p>\n<p><\/p><\/blockquote><div class=\"testimonial-arrow-down\"><\/div><div class=\"testimonial-author\"><p><strong><\/strong><span><\/span><\/p><\/div><\/div><\/div><div class=\"porto-testimonial wpb_content_element   wpb_custom_4760b66c0cbf51ec9a7673f3785bca75\"><div class=\"testimonial\"><blockquote><p>\n<p style=\"text-align: justify;\">gauna pasi\u016blymus tobulinti savo \u017einias bei \u012fg\u016bd\u017eius \u012fvairiose \u0161alyse arba nuotolinio mokymosi metodais<\/p>\n<p><\/p><\/blockquote><div class=\"testimonial-arrow-down\"><\/div><div class=\"testimonial-author\"><p><strong><\/strong><span><\/span><\/p><\/div><\/div><\/div><\/div><\/div><\/div><\/div><\/div><\/div><\/div><div class=\"vc_row-full-width vc_clearfix\"><\/div>\n<\/div>","protected":false},"excerpt":{"rendered":"KOD\u0116L VERTA TAPTIVidaus auditori\u0173 asociacijos nariu? Vidaus auditori\u0173 asociacijos nariai: gali tapti VAA elektronin\u0117s konferencijos nariais, kur gali dalintis patirtimi ir \u012fvairiais klausimais konsultuotis bei diskutuoti su Lietuvos vidaus auditoriais gauna naujausias \u017einias apie vidaus audit\u0105 i\u0161 IIA bei VAA dalyvauja LR teisini\u0173 akt\u0173, tiesiogiai ar netiesiogiai lie\u010dian\u010di\u0173 vidaus audit\u0105, svarstyme Vidaus auditori\u0173 asociacijos nariai [...]","protected":false},"author":1,"featured_media":0,"parent":0,"menu_order":0,"comment_status":"closed","ping_status":"closed","template":"","meta":{"footnotes":""},"class_list":["post-6212","page","type-page","status-publish","hentry"],"_links":{"self":[{"href":"https:\/\/vaa.lt\/en\/wp-json\/wp\/v2\/pages\/6212","targetHints":{"allow":["GET"]}}],"collection":[{"href":"https:\/\/vaa.lt\/en\/wp-json\/wp\/v2\/pages"}],"about":[{"href":"https:\/\/vaa.lt\/en\/wp-json\/wp\/v2\/types\/page"}],"author":[{"embeddable":true,"href":"https:\/\/vaa.lt\/en\/wp-json\/wp\/v2\/users\/1"}],"replies":[{"embeddable":true,"href":"https:\/\/vaa.lt\/en\/wp-json\/wp\/v2\/comments?post=6212"}],"version-history":[{"count":0,"href":"https:\/\/vaa.lt\/en\/wp-json\/wp\/v2\/pages\/6212\/revisions"}],"wp:attachment":[{"href":"https:\/\/vaa.lt\/en\/wp-json\/wp\/v2\/media?parent=6212"}],"curies":[{"name":"wp","href":"https:\/\/api.w.org\/{rel}","templated":true}]}}