{"id":6182,"date":"2018-01-22T10:30:17","date_gmt":"2018-01-22T10:30:17","guid":{"rendered":"https:\/\/keydesign-themes.com\/leadengine\/?page_id=6182"},"modified":"2019-01-03T19:54:30","modified_gmt":"2019-01-03T17:54:30","slug":"biblioteka","status":"publish","type":"page","link":"https:\/\/vaa.lt\/en\/biblioteka\/","title":{"rendered":"Biblioteka"},"content":{"rendered":"<div class=\"wpb-content-wrapper\"><div class=\"vc_row wpb_row row top-row wpb_custom_034b39d9bc6c6b310d69e39f0ccf274f\"><div class=\"vc_column_container col-md-8 col-xl-8 col-lg-12 col-12 vc_custom_1519733751676\"><div class=\"wpb_wrapper vc_column-inner\"><div class=\"vc_row wpb_row vc_inner row\"><div class=\"vc_column_container col-md-12\"><div class=\"wpb_wrapper vc_column-inner\"><div class=\"porto-u-heading  wpb_custom_95aa9a11c17ad45cfabaf210d84ee7cc porto-u-55ca8359258f9a412be7e73af65d2aac\"><div class=\"porto-u-main-heading\"><h2  >VAA ir Lietuvos technikos bibliotekos bendradarbiavimo sutartis<\/h2><\/div><style>.porto-u-55ca8359258f9a412be7e73af65d2aac.porto-u-heading{text-align:center}<\/style><\/div>\r\n\t<div class=\"wpb_single_image wpb_content_element vc_align_center wpb_content_element  wpb_custom_81a4f7ef9830bf958462581aa01150fb\"><div class=\"wpb_wrapper\">\r\n\t\t\t\r\n\t\t\t<div class=\"vc_single_image-wrapper   vc_box_border_grey\"><img decoding=\"async\" width=\"1024\" height=\"497\" src=\"https:\/\/vaa.lt\/wp-content\/uploads\/2019\/01\/risk-topics-1024x497.png\" class=\"vc_single_image-img attachment-large\" alt=\"\" title=\"risk-topics\" srcset=\"https:\/\/vaa.lt\/wp-content\/uploads\/2019\/01\/risk-topics-1024x497.png 1024w, https:\/\/vaa.lt\/wp-content\/uploads\/2019\/01\/risk-topics-600x291.png 600w, https:\/\/vaa.lt\/wp-content\/uploads\/2019\/01\/risk-topics-768x373.png 768w\" sizes=\"(max-width: 1024px) 100vw, 1024px\" \/><\/div>\r\n\t\t<\/div>\r\n\t<\/div>\r\n<\/div><\/div><\/div><div class=\"vc_row wpb_row vc_inner row vc_custom_1516631752444\"><div class=\"vc_column_container col-md-12 vc_custom_1516631738939\"><div class=\"wpb_wrapper vc_column-inner\">\r\n\t<div class=\"wpb_text_column wpb_content_element wpb_custom_7c91d232724f73626cc933bd95b25ff0\" >\r\n\t\t<div class=\"wpb_wrapper\">\r\n\t\t\t<p style=\"text-align: justify;\">Bibliotekos paskirtis \u2013 formuoti specializuot\u0105 mokslin\u0117s technin\u0117s informacijos dokument\u0173 fond\u0105, kaupti ir saugoti patentus, standartus, techninius reglamentus ir kitus techninius dokumentus, kurie yra nacionalinio publikuot\u0173 dokument\u0173 spaudos archyvo dalis ir \/ar depozitinio fondo dalis, u\u017etikrinti pramonin\u0117s nuosavyb\u0117s informacijos sklaid\u0105 ir prieinamum\u0105 bibliotekos vartotojams ir lankytojams.<\/p>\n<p style=\"text-align: justify;\">2014 m. rugs\u0117jo 17 d. Lietuvos technikos biblioteka ir Vidaus auditori\u0173 asociacija pasira\u0161\u0117 bendradarbiavimo sutart\u012f, kurioje numatytas bibliotekos paslaug\u0173 teikimas Asociacijos nariams ir \u0161iai organizacijai priklausan\u010di\u0173 leidini\u0173 deponavimas bibliotekoje. Bendradarbiavimas bibliotekai naudingas visapusi\u0161kai \u2013 gautieji leidiniai yra vertinga kolekcija, kuria gal\u0117s naudotis bibliotekos vartotojai, prireikus \u0161ie leidiniai bus naudojami informacin\u0117ms paie\u0161koms ir bibliografiniams darbams. Temin\u0117 kolekcija atsispindi LIBIS suvestiniame kataloge. Pagal susitarim\u0105 ji kasmet bus papildoma naujais leidiniais.<\/p>\n<p style=\"text-align: justify;\">Asociacija vienija apie 200 nari\u0173, tod\u0117l j\u0173 informacin\u012f aptarnavim\u0105 galima \u012fvardinti kaip tikslin\u0117s vartotoj\u0173 grup\u0117s aptarnavim\u0105, kuris bus \u0161iek tiek kitoks nei \u012fmoni\u0173 ar organizacij\u0173 aptarnavimas. \u012emon\u0117s yra aptarnaujamos sutar\u010di\u0173 pagrindu per savo atstovus, o \u0161iuo atveju Asociacijos nariai gaus individualias paslaugas, kreipdamiesi \u012f paslaug\u0173 koordinatori\u0173 bibliotekoje. \u0160is asmuo priims ir pateiks u\u017esakymus nepriklausomai nuo to, koks skyrius juos vykdys, t.y., \u201evieno langelio\u201c principu. Bibliotekos skaitytojai Asociacijai priklausan\u010diais leidiniais gal\u0117s naudotis tik skaitykloje, o Asociacijos nariai gal\u0117s juos i\u0161sine\u0161ti ar gauti per tarpbibliotekin\u012f abonement\u0105 pa\u0161tu. Reikia pa\u017eym\u0117ti, kad Asociacijos valdyba labai atsakingai vertina \u0161\u012f projekt\u0105, tod\u0117l LTB stengsis, kad nesklandum\u0173 nekilt\u0173.<\/p>\n<p style=\"text-align: justify;\">LTB laiko \u0161\u012f projekt\u0105 svarbiu tuo, kad verting\u0173 leidini\u0173 kolekcija taps prieinama platesniam skaitytoj\u0173 ratui, bus naudojama \u012fvairiais informacinio darbo aspektais, tod\u0117l sieks, kad ir Asociacijos nariams \u0161is bendradarbiavimas b\u016bt\u0173 maksimaliai naudingas.<\/p>\n<p style=\"text-align: justify;\">LTB saugom\u0173\u00a0Asociacijos surinkt\u0173 leidini\u0173 s\u0105ra\u0161\u0105 rasite\u00a0<a href=\"https:\/\/\/en\/main\/sites\/default\/files\/VAA%20fondas%20Lietuvos%20technikos%20bibliotekoje.docx\/\">\u010dia<\/a>.<\/p>\n\r\n\t\t<\/div>\r\n\t<\/div>\r\n<\/div><\/div><\/div><div class=\"porto-u-heading  wpb_custom_95aa9a11c17ad45cfabaf210d84ee7cc porto-u-55ca8359258f9a412be7e73af65d2aac\"><div class=\"porto-u-main-heading\"><h2  >Bibliotekos paslaugos<\/h2><\/div><style>.porto-u-55ca8359258f9a412be7e73af65d2aac.porto-u-heading{text-align:center}<\/style><\/div>\r\n\t<div class=\"wpb_text_column wpb_content_element wpb_custom_7c91d232724f73626cc933bd95b25ff0\" >\r\n\t\t<div class=\"wpb_wrapper\">\r\n\t\t\t<p style=\"text-align: left;\">LTB si\u016blo informacines paslaugas \u201evieno langelio\u201c principu, t.y. Asociacijos nari\u0173 u\u017eklausas vykdys vienas atsakingas asmuo, i\u0161skyrus atvejus, kai reik\u0117s atvykti \u012f bibliotek\u0105 pasiimti leidinio.<\/p>\n<h4 style=\"text-align: left;\">Pateik\u0119 savo u\u017eklausas telefonu arba elektroniniu pa\u0161tu, J\u016bs gal\u0117site:<\/h4>\n<ul style=\"text-align: left;\">\n<li>u\u017esisakyti leidinius i\u0161 LTB ir kit\u0173 \u0161alies ar u\u017esienio bibliotek\u0173 fond\u0173;<\/li>\n<li>gauti bibliografinius leidini\u0173 s\u0105ra\u0161us atitinkamomis temomis,<\/li>\n<li>informacij\u0105 i\u0161 prenumeruojam\u0173 duomen\u0173 bazi\u0173 (taip pat ir pilnateks\u010dius dokumentus);<\/li>\n<li>u\u017esisakyti einam\u0105j\u0105 (nuolatin\u0119) informacij\u0105 apie naujai gautus leidinius ar specialiuosius dokumentus (standartus, pramoninius katalogus ir pan.<\/li>\n<li>u\u017esisakyti straipsni\u0173 kopijas ir gauti jas elektroniniu b\u016bdu.<\/li>\n<\/ul>\n<h4 style=\"text-align: left;\">Vis\u0105 informacij\u0105 gal\u0117site gauti:<\/h4>\n<ul style=\"text-align: left;\">\n<li>el. pa\u0161tu\u00a0<a href=\"mailto:katalogai@tb.lt\">katalogai@tb.lt<\/a><\/li>\n<li>tel.: 8 5 2610389 (konsultantas &#8211; paslaug\u0173 koordinatorius Virginija Domanskien\u0117)<\/li>\n<li>adresu:\u00a0 \u0160v. Ignoto g. 6, Vilnius<\/li>\n<li><a href=\"http:\/\/www.tb.lt\/\">www.tb.lt<\/a><\/li>\n<\/ul>\n<p style=\"text-align: left;\">Bibliotekos darbo laikas:\u00a0 I \u2013 V nuo 8\u00a0 iki 19 val.<\/p>\n<p style=\"text-align: left;\">Paskutinis m\u0117nesio tre\u010diadienis \u2013 \u0161varos diena (skaitytojai neaptarnaujami)<\/p>\n\r\n\t\t<\/div>\r\n\t<\/div>\r\n<div class=\"porto-u-heading  wpb_custom_95aa9a11c17ad45cfabaf210d84ee7cc porto-u-55ca8359258f9a412be7e73af65d2aac\"><div class=\"porto-u-main-heading\"><h2  >Lietuvos technikos bibliotekos filialai<\/h2><\/div><style>.porto-u-55ca8359258f9a412be7e73af65d2aac.porto-u-heading{text-align:center}<\/style><\/div>\r\n\t<div class=\"wpb_text_column wpb_content_element wpb_custom_7c91d232724f73626cc933bd95b25ff0\" >\r\n\t\t<div class=\"wpb_wrapper\">\r\n\t\t\t<h4>Kaunas:<\/h4>\n<ul>\n<li>L.Sapiegos g.12, Kaunas<\/li>\n<li>tel.:8 37 422681<\/li>\n<li><a href=\"mailto:kaunas.tb@gmail.com\">kaunas.tb@gmail.com<\/a><\/li>\n<\/ul>\n<h4>Klaip\u0117da:<\/h4>\n<ul>\n<li>Sukil\u0117li\u0173 g. 14, Klaip\u0117da<\/li>\n<li>tel.:8 46 410491<\/li>\n<li><a href=\"mailto:valentinas@tb.lt\">valentinas@tb.lt<\/a><\/li>\n<\/ul>\n<h4>Panev\u0117\u017eys:<\/h4>\n<ul>\n<li>Laisv\u0117s a. 23, Panev\u0117\u017eys<\/li>\n<li><a href=\"mailto:tb.panevezys@gmail.com\">tb.panevezys@gmail.com<\/a><\/li>\n<li>tel.:8 45 58 11 91<\/li>\n<\/ul>\n\r\n\t\t<\/div>\r\n\t<\/div>\r\n<\/div><\/div><div class=\"vc_column_container col-md-4 col-xl-4 col-lg-12 col-12\"><div class=\"wpb_wrapper vc_column-inner\"><div  class=\"wpb_widgetised_column wpb_content_element\">\n\t\t<div class=\"wpb_wrapper\">\n\t\t\t\n\t\t\t<aside id=\"block-2\" class=\"widget widget_block\">\n<h2 class=\"wp-block-heading has-primary-color has-text-color\" style=\"font-style:normal;font-weight:400\">Artimiausi renginiai<\/h2>\n<\/aside><aside id=\"block-3\" class=\"widget widget_block\"><div class=\"mec-wrap mec-skin-list-container\" id=\"mec_skin_11396\">\r\n\r\n    \r\n            <div class=\"mec-skin-list-events-container\" id=\"mec_skin_events_11396\">\r\n        <div class=\"mec-wrap colorskin-custom\">\r\n\t<div class=\"mec-event-list-classic\">\r\n\t\t\r\n                        <div class=\"mec-month-divider\" data-toggle-divider=\"mec-toggle-202604-11396\"><h5 style=\"display: inline;\">April 2026<\/h5><i class=\"mec-sl-arrow-down\"><\/i><\/div>\r\n            \r\n                        <article class=\"mec-event-article  mec-clear  mec-divider-toggle mec-toggle-202604-11396\" itemscope>\r\n                                                        <div class=\"mec-event-image\"><a class=\"mec-color-hover\" data-event-id=\"16433\" href=\"https:\/\/vaa.lt\/en\/renginiai\/baltic-risk-and-audit-forum-2026-transitioning-together\/\" target=\"_self\" rel=\"noopener\"><img decoding=\"async\" width=\"150\" height=\"150\" src=\"https:\/\/vaa.lt\/wp-content\/uploads\/2026\/01\/Conference_final_web-150x150.webp\" class=\"attachment-thumbnail size-thumbnail wp-post-image\" alt=\"\" data-mec-postid=\"16433\" \/><\/a><\/div>\r\n                                            <div class=\"mec-event-date mec-color\"><i class=\"mec-sl-calendar\"><\/i> <span class=\"mec-start-date-label\">Apr 30 2026<\/span><\/div>\r\n                        <div class=\"mec-event-time mec-color\"><\/div>\r\n                                                                                <h4 class=\"mec-event-title\"><a class=\"mec-color-hover\" data-event-id=\"16433\" href=\"https:\/\/vaa.lt\/en\/renginiai\/baltic-risk-and-audit-forum-2026-transitioning-together\/\" target=\"_self\" rel=\"noopener\">Baltic Risk and Audit Forum 2026: Transitioning Together<\/a> <span class=\"mec-event-title-soldout mec-few-tickets\"><span class=\"soldout\">Last Few Tickets<\/span><\/span> <\/h4>\r\n                    <div class=\"mec-event-detail\"><div class=\"mec-event-loc-place\"><i class=\"mec-sl-map-marker\"><\/i> AC HOTEL Vilnius<\/div><\/div>                                                                                                                                <\/article>\r\n            \t\t\r\n                        <div class=\"mec-month-divider\" data-toggle-divider=\"mec-toggle-202605-11396\"><h5 style=\"display: inline;\">May 2026<\/h5><i class=\"mec-sl-arrow-down\"><\/i><\/div>\r\n            \r\n                        <article class=\"mec-event-article  mec-clear  mec-divider-toggle mec-toggle-202605-11396\" itemscope>\r\n                                                        <div class=\"mec-event-image\"><a class=\"mec-color-hover\" data-event-id=\"16849\" href=\"https:\/\/vaa.lt\/en\/renginiai\/metodologine-programa-rizika-gristam-sprendimu-priemimui-ir-organizaciju-atsparumui-stiprin\/\" target=\"_self\" rel=\"noopener\"><\/a><\/div>\r\n                                            <div class=\"mec-event-date mec-color\"><i class=\"mec-sl-calendar\"><\/i> <span class=\"mec-start-date-label\">May 19 2026<\/span><\/div>\r\n                        <div class=\"mec-event-time mec-color\"><\/div>\r\n                                                                                <h4 class=\"mec-event-title\"><a class=\"mec-color-hover\" data-event-id=\"16849\" href=\"https:\/\/vaa.lt\/en\/renginiai\/metodologine-programa-rizika-gristam-sprendimu-priemimui-ir-organizaciju-atsparumui-stiprin\/\" target=\"_self\" rel=\"noopener\">Metodologin\u0117 programa rizika gr\u012fstam sprendim\u0173 pri\u0117mimui ir organizacij\u0173 atsparumui stiprinti<\/a><span class=\"event-color\" style=\"background: #d30c41\"><\/span><\/h4>\r\n                    <div class=\"mec-event-detail\"><div class=\"mec-event-loc-place\"><i class=\"mec-sl-map-marker\"><\/i> Online<\/div><\/div>                                                                                                                                <\/article>\r\n            \t\t\r\n                        <div class=\"mec-month-divider\" data-toggle-divider=\"mec-toggle-202606-11396\"><h5 style=\"display: inline;\">June 2026<\/h5><i class=\"mec-sl-arrow-down\"><\/i><\/div>\r\n            \r\n                        <article class=\"mec-event-article  mec-clear  mec-divider-toggle mec-toggle-202606-11396\" itemscope>\r\n                                                        <div class=\"mec-event-image\"><a class=\"mec-color-hover\" data-event-id=\"16279\" href=\"https:\/\/vaa.lt\/en\/renginiai\/bicg-good-corporate-governance-and-board-work-essentials\/\" target=\"_self\" rel=\"noopener\"><img decoding=\"async\" width=\"150\" height=\"150\" src=\"https:\/\/vaa.lt\/wp-content\/uploads\/2025\/12\/Boardroom-2-150x150.jpg\" class=\"attachment-thumbnail size-thumbnail wp-post-image\" alt=\"\" data-mec-postid=\"16279\" \/><\/a><\/div>\r\n                                            <div class=\"mec-event-date mec-color\"><i class=\"mec-sl-calendar\"><\/i> <span class=\"mec-start-date-label\">Jun 04 - 05 2026<\/span><\/div>\r\n                        <div class=\"mec-event-time mec-color\"><\/div>\r\n                                                                                <h4 class=\"mec-event-title\"><a class=\"mec-color-hover\" data-event-id=\"16279\" href=\"https:\/\/vaa.lt\/en\/renginiai\/bicg-good-corporate-governance-and-board-work-essentials\/\" target=\"_self\" rel=\"noopener\">BICG: Good Corporate Governance and Board Work Essentials<\/a><span class=\"event-color\" style=\"background: #d30c41\"><\/span><\/h4>\r\n                                                                                                                                                    <\/article>\r\n                        <article class=\"mec-event-article  mec-clear  mec-divider-toggle mec-toggle-202606-11396\" itemscope>\r\n                                                        <div class=\"mec-event-image\"><a class=\"mec-color-hover\" data-event-id=\"17028\" href=\"https:\/\/vaa.lt\/en\/renginiai\/vidaus-audito-funkcijos-isorinis-vertinimas\/\" target=\"_self\" rel=\"noopener\"><img decoding=\"async\" width=\"150\" height=\"150\" src=\"https:\/\/vaa.lt\/wp-content\/uploads\/2026\/04\/evaluation-150x150.jpg\" class=\"attachment-thumbnail size-thumbnail wp-post-image\" alt=\"\" data-mec-postid=\"17028\" \/><\/a><\/div>\r\n                                            <div class=\"mec-event-date mec-color\"><i class=\"mec-sl-calendar\"><\/i> <span class=\"mec-start-date-label\">Jun 04 2026<\/span><\/div>\r\n                        <div class=\"mec-event-time mec-color\"><\/div>\r\n                                                                                <h4 class=\"mec-event-title\"><a class=\"mec-color-hover\" data-event-id=\"17028\" href=\"https:\/\/vaa.lt\/en\/renginiai\/vidaus-audito-funkcijos-isorinis-vertinimas\/\" target=\"_self\" rel=\"noopener\">Vidaus audito funkcijos i\u0161orinis vertinimas<\/a><\/h4>\r\n                                                                                                                                                    <\/article>\r\n            \t\t\r\n                        <div class=\"mec-month-divider\" data-toggle-divider=\"mec-toggle-202610-11396\"><h5 style=\"display: inline;\">October 2026<\/h5><i class=\"mec-sl-arrow-down\"><\/i><\/div>\r\n            \r\n                        <article class=\"mec-event-article  mec-clear  mec-divider-toggle mec-toggle-202610-11396\" itemscope>\r\n                                                        <div class=\"mec-event-image\"><a class=\"mec-color-hover\" data-event-id=\"17090\" href=\"https:\/\/vaa.lt\/en\/renginiai\/audito-ir-rizikos-komiteto-veiklos-vertes-kurimas-kaip-priziureti-finansus-tvaruma-rizikas-ir-kontrole\/\" target=\"_self\" rel=\"noopener\"><img decoding=\"async\" width=\"150\" height=\"150\" src=\"https:\/\/vaa.lt\/wp-content\/uploads\/2026\/04\/Komitetetai-150x150.jpg\" class=\"attachment-thumbnail size-thumbnail wp-post-image\" alt=\"\" data-mec-postid=\"17090\" \/><\/a><\/div>\r\n                                            <div class=\"mec-event-date mec-color\"><i class=\"mec-sl-calendar\"><\/i> <span class=\"mec-start-date-label\">Oct 14 2026<\/span><\/div>\r\n                        <div class=\"mec-event-time mec-color\"><\/div>\r\n                                                                                <h4 class=\"mec-event-title\"><a class=\"mec-color-hover\" data-event-id=\"17090\" href=\"https:\/\/vaa.lt\/en\/renginiai\/audito-ir-rizikos-komiteto-veiklos-vertes-kurimas-kaip-priziureti-finansus-tvaruma-rizikas-ir-kontrole\/\" target=\"_self\" rel=\"noopener\">Audito ir rizikos komiteto veiklos vert\u0117s k\u016brimas: kaip pri\u017ei\u016br\u0117ti finansus, tvarum\u0105, rizikas ir kontrol\u0119?<\/a><\/h4>\r\n                                                                                                                                                    <\/article>\r\n            \t\t\r\n                        <div class=\"mec-month-divider\" data-toggle-divider=\"mec-toggle-202611-11396\"><h5 style=\"display: inline;\">November 2026<\/h5><i class=\"mec-sl-arrow-down\"><\/i><\/div>\r\n            \r\n                        <article class=\"mec-event-article  mec-clear  mec-divider-toggle mec-toggle-202611-11396\" itemscope>\r\n                                                        <div class=\"mec-event-image\"><a class=\"mec-color-hover\" data-event-id=\"17087\" href=\"https:\/\/vaa.lt\/en\/renginiai\/kibernetinio-saugumo-mokymai-vidaus-auditoriams-3\/\" target=\"_self\" rel=\"noopener\"><img decoding=\"async\" width=\"150\" height=\"150\" src=\"https:\/\/vaa.lt\/wp-content\/uploads\/2024\/12\/iStock-1448519280_1-150x150.jpg\" class=\"attachment-thumbnail size-thumbnail wp-post-image\" alt=\"\" data-mec-postid=\"17087\" \/><\/a><\/div>\r\n                                            <div class=\"mec-event-date mec-color\"><i class=\"mec-sl-calendar\"><\/i> <span class=\"mec-start-date-label\">Nov 17 - 26 2026<\/span><\/div>\r\n                        <div class=\"mec-event-time mec-color\"><\/div>\r\n                                                                                <h4 class=\"mec-event-title\"><a class=\"mec-color-hover\" data-event-id=\"17087\" href=\"https:\/\/vaa.lt\/en\/renginiai\/kibernetinio-saugumo-mokymai-vidaus-auditoriams-3\/\" target=\"_self\" rel=\"noopener\">Kibernetinio saugumo mokymai vidaus auditoriams<\/a><\/h4>\r\n                                                                                                                                                    <\/article>\r\n            \t\t\t<\/div>\r\n<\/div>\r\n\r\n    <\/div>\r\n    <div class=\"mec-skin-list-no-events-container mec-util-hidden\" id=\"mec_skin_no_events_11396\">\r\n        No event found!    <\/div>\r\n    \r\n    \r\n<\/div>\n<\/aside>\n\t\t<\/div>\n\t<\/div>\n<\/div><\/div><\/div>\n<\/div>","protected":false},"excerpt":{"rendered":"Vidaus auditori\u0173 asociacija (VAA), kartu su partneriais Kibernetinio saugumo ekspert\u0173 asociacija (KSEA) organizuoja 32 ak.v. Kibernetin\u0117s saugos mokymus vidaus auditoriams. Mokym\u0173 tikslas. \u012egyti \u017eini\u0173 apie kibernetin\u0119 saug\u0105, bei suprasti, kaip geriausiai atlikti vidaus auditus kibernetin\u0117s saugos srityje, atsi\u017evelgiant \u012f naujausius Pasaulini\u0173 vidaus audito standart\u0173 reikalavimus, susijusias kibernetin\u0117s saugos gaires bei Lietuvos Respublikos i\u0161or\u0117s teis\u0117s aktus. [...]","protected":false},"author":1,"featured_media":6916,"parent":0,"menu_order":0,"comment_status":"closed","ping_status":"closed","template":"","meta":{"footnotes":""},"class_list":["post-6182","page","type-page","status-publish","has-post-thumbnail","hentry"],"_links":{"self":[{"href":"https:\/\/vaa.lt\/en\/wp-json\/wp\/v2\/pages\/6182","targetHints":{"allow":["GET"]}}],"collection":[{"href":"https:\/\/vaa.lt\/en\/wp-json\/wp\/v2\/pages"}],"about":[{"href":"https:\/\/vaa.lt\/en\/wp-json\/wp\/v2\/types\/page"}],"author":[{"embeddable":true,"href":"https:\/\/vaa.lt\/en\/wp-json\/wp\/v2\/users\/1"}],"replies":[{"embeddable":true,"href":"https:\/\/vaa.lt\/en\/wp-json\/wp\/v2\/comments?post=6182"}],"version-history":[{"count":0,"href":"https:\/\/vaa.lt\/en\/wp-json\/wp\/v2\/pages\/6182\/revisions"}],"wp:featuredmedia":[{"embeddable":true,"href":"https:\/\/vaa.lt\/en\/wp-json\/"}],"wp:attachment":[{"href":"https:\/\/vaa.lt\/en\/wp-json\/wp\/v2\/media?parent=6182"}],"curies":[{"name":"wp","href":"https:\/\/api.w.org\/{rel}","templated":true}]}}