{"id":16111,"date":"2025-11-26T15:55:54","date_gmt":"2025-11-26T13:55:54","guid":{"rendered":"https:\/\/vaa.lt\/?page_id=16111"},"modified":"2025-11-26T15:55:54","modified_gmt":"2025-11-26T13:55:54","slug":"registracija_diskusijoms","status":"publish","type":"page","link":"https:\/\/vaa.lt\/en\/registracija_diskusijoms\/","title":{"rendered":"Registracija_diskusijoms"},"content":{"rendered":"<div class=\"wpb-content-wrapper\"><div class=\"vc_row wpb_row row top-row wpb_custom_034b39d9bc6c6b310d69e39f0ccf274f\"><div class=\"vc_column_container col-md-12\"><div class=\"wpb_wrapper vc_column-inner\"><div class=\"wpforms-container wpforms-container-full\" id=\"wpforms-16005\"><form id=\"wpforms-form-16005\" class=\"wpforms-validate wpforms-form\" data-formid=\"16005\" method=\"post\" enctype=\"multipart\/form-data\" action=\"\/en\/wp-json\/wp\/v2\/pages\/16111\" data-token=\"d999c872eb93cc9425f832e64e92ef9d\" data-token-time=\"1776049604\" data-trp-original-action=\"\/en\/wp-json\/wp\/v2\/pages\/16111\"><noscript class=\"wpforms-error-noscript\">Please enable JavaScript in your browser to complete this form.<\/noscript><div class=\"wpforms-field-container\"><div id=\"wpforms-16005-field_0-container\" class=\"wpforms-field wpforms-field-name\" data-field-id=\"0\"><label class=\"wpforms-field-label\" for=\"wpforms-16005-field_0\">Duomenys <span class=\"wpforms-required-label\">*<\/span><\/label><div class=\"wpforms-field-row wpforms-field-large\"><div class=\"wpforms-field-row-block wpforms-first wpforms-one-half\"><input type=\"text\" id=\"wpforms-16005-field_0\" class=\"wpforms-field-name-first wpforms-field-required\" name=\"wpforms[fields][0][first]\" placeholder=\"Vardas\" required><label for=\"wpforms-16005-field_0\" class=\"wpforms-field-sublabel after wpforms-sublabel-hide\">First<\/label><\/div><div class=\"wpforms-field-row-block wpforms-one-half\"><input type=\"text\" id=\"wpforms-16005-field_0-last\" class=\"wpforms-field-name-last wpforms-field-required\" name=\"wpforms[fields][0][last]\" placeholder=\"Pavard\u0117\" required><label for=\"wpforms-16005-field_0-last\" class=\"wpforms-field-sublabel after wpforms-sublabel-hide\">Last<\/label><\/div><\/div><\/div><div id=\"wpforms-16005-field_1-container\" class=\"wpforms-field wpforms-field-email\" data-field-id=\"1\"><label class=\"wpforms-field-label\" for=\"wpforms-16005-field_1\">El. pa\u0161tas <span class=\"wpforms-required-label\">*<\/span><\/label><input type=\"email\" id=\"wpforms-16005-field_1\" class=\"wpforms-field-large wpforms-field-required\" name=\"wpforms[fields][1]\" spellcheck=\"false\" required><\/div><div id=\"wpforms-16005-field_23-container\" class=\"wpforms-field wpforms-field-checkbox\" data-field-id=\"23\"><label class=\"wpforms-field-label\">Patvirtinu <span class=\"wpforms-required-label\">*<\/span><\/label><ul id=\"wpforms-16005-field_23\" class=\"wpforms-field-required\"><li class=\"choice-1 depth-1\"><input type=\"checkbox\" id=\"wpforms-16005-field_23_1\" name=\"wpforms[fields][23][]\" value=\"kad susipa\u017einau su Asociacijos Privatumo politika\" required><label class=\"wpforms-field-label-inline\" for=\"wpforms-16005-field_23_1\">kad susipa\u017einau su Asociacijos Privatumo politika<\/label><\/li><\/ul><div class=\"wpforms-field-description\"><a href=\"https:\/\/vaa.lt\/en\/privatumo-politika\/\" target=\"_blank\">Privatumo politika<\/a>\n<\/div><\/div><div id=\"wpforms-16005-field_18-container\" class=\"wpforms-field wpforms-field-checkbox\" data-field-id=\"18\"><label class=\"wpforms-field-label\">Patvirtinu <span class=\"wpforms-required-label\">*<\/span><\/label><ul id=\"wpforms-16005-field_18\" class=\"wpforms-field-required\"><li class=\"choice-1 depth-1\"><input type=\"checkbox\" id=\"wpforms-16005-field_18_1\" name=\"wpforms[fields][18][]\" value=\"kad susipa\u017einau su grup\u0117s taisykl\u0117mis:\" required><label class=\"wpforms-field-label-inline\" for=\"wpforms-16005-field_18_1\">kad susipa\u017einau su grup\u0117s taisykl\u0117mis:<\/label><\/li><\/ul><div class=\"wpforms-field-description\">Tai u\u017edara bendravimo ir bendradarbiavimo erdv\u0117, skirta Vidaus auditori\u0173 asociacijos nariams. \nGrup\u0117je dalijamasi aktualia informacija apie vidaus audito praktik\u0105, teis\u0117s akt\u0173 bei standart\u0173 poky\u010dius, aptariamos profesin\u0117s situacijos ir gerosios praktikos pavyzd\u017eiai. \n\u010cia nariai gali kelti klausimus, diskutuoti, dalintis patirtimi. Grup\u0117s tikslas \u2013 skatinti profesin\u012f tobul\u0117jim\u0105, stiprinti bendruomen\u0119 ir u\u017etikrinti skland\u017ei\u0105 nari\u0173 tarpusavio komunikacij\u0105. \nPagrindin\u0117s nuostatos: \n\u2022\tGrup\u0117 yra u\u017edara, prieinama tik Vidaus auditori\u0173 asociacijos nariams. \n\u2022\tDiskusijose laikomasi profesin\u0117s etikos ir pagarbaus bendravimo. \n\u2022\tJeigu neapibr\u0117\u017eta kitaip, visa informacija kuri platinama \u0161ioje grup\u0117je yra klasifikuojama kaip nevie\u0161o naudojimo. \u0160io punkto pa\u017eeidimas bus traktuojamas kaip neteis\u0117tas informacijos vie\u0161inimas ir asmuo bus \u0161alinamas i\u0161 grup\u0117s. \n\u2022\tDraud\u017eiama\u202fvie\u0161inti konfidenciali\u0105 informacij\u0105 apie organizacijas ar klientus.\u202fJeigu norite dalintis specifine informacija, privalote apie tai atsiklausti informacijos savininko. \n\u2022\tAdministratoriai gali be i\u0161ankstinio pa\u0161alinti netinkam\u0105 turin\u012f ar pa\u017eeid\u017eian\u010dius grup\u0117s taisykles narius.\n<\/div><\/div><\/div><!-- .wpforms-field-container --><div class=\"wpforms-field wpforms-field-hp\"><label for=\"wpforms-16005-field-hp\" class=\"wpforms-field-label\">Name<\/label><input type=\"text\" name=\"wpforms[hp]\" id=\"wpforms-16005-field-hp\" class=\"wpforms-field-medium\"><\/div><div class=\"wpforms-submit-container\" ><input type=\"hidden\" name=\"wpforms[id]\" value=\"16005\"><input type=\"hidden\" name=\"page_title\" value=\"\"><input type=\"hidden\" name=\"page_url\" value=\"https:\/\/vaa.lt\/en\/wp-json\/wp\/v2\/pages\/16111\"><input type=\"hidden\" name=\"url_referer\" value=\"\"><button type=\"submit\" name=\"wpforms[submit]\" id=\"wpforms-submit-16005\" class=\"wpforms-submit tt_button\" data-alt-text=\"Siun\u010diama\" data-submit-text=\"Registruotis\" aria-live=\"assertive\" value=\"wpforms-submit\">Registruotis<\/button><\/div><input type=\"hidden\" name=\"trp-form-language\" value=\"en\"\/><\/form><\/div>  <!-- .wpforms-container --><\/div><\/div><\/div>\n<\/div>","protected":false},"excerpt":{"rendered":"Please enable JavaScript in your browser to complete this form.Duomenys *FirstLastEl. pa\u0161tas *Patvirtinu *kad susipa\u017einau su Asociacijos Privatumo politikaPrivatumo politika Patvirtinu *kad susipa\u017einau su grup\u0117s taisykl\u0117mis:Tai u\u017edara bendravimo ir bendradarbiavimo erdv\u0117, skirta Vidaus auditori\u0173 asociacijos nariams. Grup\u0117je dalijamasi aktualia informacija apie vidaus audito praktik\u0105, teis\u0117s akt\u0173 bei standart\u0173 poky\u010dius, aptariamos profesin\u0117s situacijos ir gerosios praktikos [...]","protected":false},"author":8,"featured_media":0,"parent":0,"menu_order":0,"comment_status":"closed","ping_status":"closed","template":"","meta":{"footnotes":""},"class_list":["post-16111","page","type-page","status-publish","hentry"],"_links":{"self":[{"href":"https:\/\/vaa.lt\/en\/wp-json\/wp\/v2\/pages\/16111","targetHints":{"allow":["GET"]}}],"collection":[{"href":"https:\/\/vaa.lt\/en\/wp-json\/wp\/v2\/pages"}],"about":[{"href":"https:\/\/vaa.lt\/en\/wp-json\/wp\/v2\/types\/page"}],"author":[{"embeddable":true,"href":"https:\/\/vaa.lt\/en\/wp-json\/wp\/v2\/users\/8"}],"replies":[{"embeddable":true,"href":"https:\/\/vaa.lt\/en\/wp-json\/wp\/v2\/comments?post=16111"}],"version-history":[{"count":2,"href":"https:\/\/vaa.lt\/en\/wp-json\/wp\/v2\/pages\/16111\/revisions"}],"predecessor-version":[{"id":16115,"href":"https:\/\/vaa.lt\/en\/wp-json\/wp\/v2\/pages\/16111\/revisions\/16115"}],"wp:attachment":[{"href":"https:\/\/vaa.lt\/en\/wp-json\/wp\/v2\/media?parent=16111"}],"curies":[{"name":"wp","href":"https:\/\/api.w.org\/{rel}","templated":true}]}}