{"id":12351,"date":"2023-03-08T17:10:00","date_gmt":"2023-03-08T15:10:00","guid":{"rendered":"https:\/?page_id=12351"},"modified":"2025-01-26T20:48:30","modified_gmt":"2025-01-26T18:48:30","slug":"sutikimai","status":"publish","type":"page","link":"https:\/\/vaa.lt\/en\/sutikimai\/","title":{"rendered":"Sutikimai"},"content":{"rendered":"<div class=\"wpb-content-wrapper\"><div class=\"vc_row wpb_row row top-row wpb_custom_034b39d9bc6c6b310d69e39f0ccf274f\"><div class=\"vc_column_container col-md-12\"><div class=\"wpb_wrapper vc_column-inner\"><div class=\"wpforms-container wpforms-container-full\" id=\"wpforms-14788\"><form id=\"wpforms-form-14788\" class=\"wpforms-validate wpforms-form\" data-formid=\"14788\" method=\"post\" enctype=\"multipart\/form-data\" action=\"\/en\/wp-json\/wp\/v2\/pages\/12351\" data-token=\"d6b57107eae0b48659311aada3666350\" data-token-time=\"1776837819\" data-trp-original-action=\"\/en\/wp-json\/wp\/v2\/pages\/12351\"><noscript class=\"wpforms-error-noscript\">Please enable JavaScript in your browser to complete this form.<\/noscript><div class=\"wpforms-field-container\"><div id=\"wpforms-14788-field_7-container\" class=\"wpforms-field wpforms-field-name\" data-field-id=\"7\"><label class=\"wpforms-field-label\" for=\"wpforms-14788-field_7\">J\u016bs\u0173 duomenys <span class=\"wpforms-required-label\">*<\/span><\/label><div class=\"wpforms-field-row wpforms-field-large\"><div class=\"wpforms-field-row-block wpforms-first wpforms-one-half\"><input type=\"text\" id=\"wpforms-14788-field_7\" class=\"wpforms-field-name-first wpforms-field-required\" name=\"wpforms[fields][7][first]\" placeholder=\"Vardas\" required><label for=\"wpforms-14788-field_7\" class=\"wpforms-field-sublabel after wpforms-sublabel-hide\">First<\/label><\/div><div class=\"wpforms-field-row-block wpforms-one-half\"><input type=\"text\" id=\"wpforms-14788-field_7-last\" class=\"wpforms-field-name-last wpforms-field-required\" name=\"wpforms[fields][7][last]\" placeholder=\"Pavard\u0117\" required><label for=\"wpforms-14788-field_7-last\" class=\"wpforms-field-sublabel after wpforms-sublabel-hide\">Last<\/label><\/div><\/div><\/div><div id=\"wpforms-14788-field_3-container\" class=\"wpforms-field wpforms-field-phone\" data-field-id=\"3\"><label class=\"wpforms-field-label wpforms-label-hide\" for=\"wpforms-14788-field_3\">Telefono numeris <span class=\"wpforms-required-label\">*<\/span><\/label><input type=\"tel\" id=\"wpforms-14788-field_3\" class=\"wpforms-field-large wpforms-field-required\" data-rule-int-phone-field=\"true\" name=\"wpforms[fields][3]\" placeholder=\"Telefono numeris\" aria-label=\"Telefono numeris\" required><\/div><div id=\"wpforms-14788-field_2-container\" class=\"wpforms-field wpforms-field-email\" data-field-id=\"2\"><label class=\"wpforms-field-label wpforms-label-hide\" for=\"wpforms-14788-field_2\">El. pa\u0161to adresas <span class=\"wpforms-required-label\">*<\/span><\/label><input type=\"email\" id=\"wpforms-14788-field_2\" class=\"wpforms-field-large wpforms-field-required\" name=\"wpforms[fields][2]\" placeholder=\"El. pa\u0161to adresas\" spellcheck=\"false\" required><\/div><div id=\"wpforms-14788-field_36-container\" class=\"wpforms-field wpforms-field-radio\" data-field-id=\"36\"><label class=\"wpforms-field-label\">D\u0117l fotografavimo <span class=\"wpforms-required-label\">*<\/span><\/label><ul id=\"wpforms-14788-field_36\" class=\"wpforms-field-required\"><li class=\"choice-8 depth-1\"><input type=\"radio\" id=\"wpforms-14788-field_36_8\" name=\"wpforms[fields][36]\" value=\"Sutinku\" required><label class=\"wpforms-field-label-inline\" for=\"wpforms-14788-field_36_8\">Sutinku<\/label><\/li><li class=\"choice-9 depth-1\"><input type=\"radio\" id=\"wpforms-14788-field_36_9\" name=\"wpforms[fields][36]\" value=\"Nesutinku\" required><label class=\"wpforms-field-label-inline\" for=\"wpforms-14788-field_36_9\">Nesutinku<\/label><\/li><\/ul><div class=\"wpforms-field-description\">Sutinku Vidaus auditori\u0173 asociacijos (toliau \u2013 Organizatorius) 2025 m. gegu\u017e\u0117s 13 d. organizuojamos vidaus auditori\u0173 konferencijos \u201eVidaus auditoriai \u2013 strateginiai partneriai\u201c (toliau \u2013 konferencija) metu b\u016bti fotografuojamas Organizatoriui turint tiksl\u0105 u\u017efiksuoti konferencijos akimirkas.<\/div><\/div><div id=\"wpforms-14788-field_40-container\" class=\"wpforms-field wpforms-field-radio\" data-field-id=\"40\"><label class=\"wpforms-field-label\">D\u0117l publikavimo <span class=\"wpforms-required-label\">*<\/span><\/label><ul id=\"wpforms-14788-field_40\" class=\"wpforms-field-required\"><li class=\"choice-1 depth-1\"><input type=\"radio\" id=\"wpforms-14788-field_40_1\" name=\"wpforms[fields][40]\" value=\"Sutinku\" required><label class=\"wpforms-field-label-inline\" for=\"wpforms-14788-field_40_1\">Sutinku<\/label><\/li><li class=\"choice-2 depth-1\"><input type=\"radio\" id=\"wpforms-14788-field_40_2\" name=\"wpforms[fields][40]\" value=\"Nesutinku\" required><label class=\"wpforms-field-label-inline\" for=\"wpforms-14788-field_40_2\">Nesutinku<\/label><\/li><\/ul><div class=\"wpforms-field-description\">Sutinku, kad nuotraukos, kuriose matomas mano atvaizdas, b\u016bt\u0173 vie\u0161inamos Organizatoriaus interneto puslapyje www.vaa.lt, vidaus auditori\u0173 asociacijos socialini\u0173 tinkl\u0173 paskyrose https:\/\/www.facebook.com\/VidausAuditoriuAsociacija ir https:\/\/lt.linkedin.com\/company\/institute-of-internal-auditors-lithuania Organizatoriui turint tiksl\u0105 vie\u0161inti informacij\u0105 apie \u012fvykusi\u0105 2025 m. gegu\u017e\u0117s 13 d. konferencij\u0105, pasidalinti \u017einia apie rengin\u012f su \u017emon\u0117mis, kuriems r\u016bpi vidaus auditori\u0173 profesinis gyvenimas, perteikt\u0173 renginio nuotaik\u0105 nedalyvavusiems vidaus auditori\u0173 bendruomen\u0117s nariams ir besidomintiems vidaus auditori\u0173 asociacijos veikla asmenims.<\/div><\/div><div id=\"wpforms-14788-field_16-container\" class=\"wpforms-field wpforms-field-checkbox\" data-field-id=\"16\"><label class=\"wpforms-field-label\">Patvirtinu <span class=\"wpforms-required-label\">*<\/span><\/label><ul id=\"wpforms-14788-field_16\" class=\"wpforms-field-required\"><li class=\"choice-1 depth-1\"><input type=\"checkbox\" id=\"wpforms-14788-field_16_1\" name=\"wpforms[fields][16][]\" value=\"kad susipa\u017einau su Asociacijos Duomen\u0173 privatumo prane\u0161imu\" required><label class=\"wpforms-field-label-inline\" for=\"wpforms-14788-field_16_1\">kad susipa\u017einau su Asociacijos Duomen\u0173 privatumo prane\u0161imu<\/label><\/li><\/ul><div class=\"wpforms-field-description wpforms-disclaimer-description\">Duomen\u0173 privatumo prane\u0161imas<br \/>\n1.\tDuomen\u0173 valdytojo tapatyb\u0117<br \/>\nVidaus auditori\u0173 asociacija yra Tarptautinio vidaus auditori\u0173 instituto skyrius Lietuvoje, kurio adresas Vilnius, V. Nagevi\u010diaus g. 3.<br \/>\n<br \/>\nTvarkydami Asmens Duomenis Mes vadovaujam\u0117s galiojan\u010diais teis\u0117s aktais, \u012fskaitant Bendr\u0105j\u012f duomen\u0173 apsaugos reglament\u0105 (Europos Parlamento ir Tarybos reglamentas (ES) 2016\/679) ir kitus taikomus teis\u0117s aktus bei \u0161iuos principus.<br \/>\n<br \/>\n2.\tInformacija apie duomen\u0173 tvarkym\u0105<br \/>\nDuomen\u0173 tvarkymo operacija - Fotografavimas konferencijoje (jeigu dalyviai i\u0161rei\u0161k\u0117 sutikim\u0105 , kad juos fotografuot\u0173) ir \u012fra\u0161\u0173 saugojimas saugykloje, prie kurios turi prieig\u0105 tik Vidaus auditori\u0173 asociacijos valdybos nariai ir administratorius.<br \/>\nDuomen\u0173 tvarkymo tikslas - \t\u2022\tU\u017efiksuoti ir i\u0161saugoti vykusios 2025-05-13 vidaus auditori\u0173 konferencijos akimirkas.<br \/>\nTeis\u0117tas duomen\u0173 tvarkymo pagrindas pagal BDAR - J\u016bs\u0173 sutikimas b\u016bti fotografuojamam konferencijos Organizatoriams siekiant u\u017efiksuoti konferencijos akimirkas.<br \/>\nSaugojimo laikotarpis - 6 m\u0117n. nuo renginio dienos.<br \/>\nDuomen\u0173 tvarkymo operacija - Nuotrauk\u0173 su J\u016bs\u0173 atvaizdu publikavimas internete (vaa.lt, https:\/\/www.facebook.com\/VidausAuditoriuAsociacija ir https:\/\/lt.linkedin.com\/company\/institute-of-internal-auditors-lithuania).<br \/>\nDuomen\u0173 tvarkymo tikslas - \u2022\tPasidalinti nuotraukose u\u017efiksuotomis konferencijos akimirkomis internete (vaa.lt, https:\/\/www.facebook.com\/VidausAuditoriuAsociacija ir https:\/\/lt.linkedin.com\/company\/institute-of-internal-auditors-lithuania).<br \/>\nTeis\u0117tas duomen\u0173 tvarkymo pagrindas pagal BDAR - J\u016bs\u0173 sutikimas, kad nuotraukos su J\u016bs\u0173 atvaizdu b\u016bt\u0173 paskelbtos vaa.lt, https:\/\/www.facebook.com\/VidausAuditoriuAsociacija ir https:\/\/lt.linkedin.com\/company\/institute-of-internal-auditors-lithuania. <br \/>\nSaugojimo laikotarpis - 6 m\u0117n. nuo renginio dienos.<br \/>\n<br \/>\nOrganizatoriai parei\u0161kia ir patvirtina, kad pagal duomen\u0173 apsaugos teis\u0117s aktus J\u016bs turite \u0161ias teises:<br \/>\n<br \/>\n1.\tJ\u016bs turite teis\u0119 atsisakyti i\u0161reik\u0161ti savo sutikim\u0105 d\u0117l auk\u0161\u010diau nurodyt\u0173 asmens duomen\u0173 tvarkymo tiksl\u0173. J\u016bs\u0173 sutikimas yra vienintelis teisinis pagrindas, kuriuo vadovaudamiesi Organizatoriai gali tvarkyti \u0161iuos J\u016bs\u0173 asmens duomenis. Organizatoriai u\u017etikrina, jog J\u016bs\u0173 atsisakymas i\u0161reik\u0161ti sutikim\u0105 nesukels Jums joki\u0173 neigiam\u0173 pasekmi\u0173.<br \/>\n2.\tTuo atveju, jei nei\u0161reik\u0161ite savo sutikimo tvarkyti J\u016bs\u0173 asmens duomen\u0173, ta\u010diau busite fotografuojami, J\u016bs\u0173 asmens atvaizd\u0105 \u012fsipareigojame nedelsiant i\u0161trinti arba pa\u0161alinti i\u0161 fotonuotrauk\u0173.<br \/>\n3.\tJums davus sutikim\u0105 tvarkyti J\u016bs\u0173 asmens duomenis auk\u0161\u010diau nurodytais tikslais, J\u016bs turite teis\u0119 bet kada at\u0161aukti bet kur\u012f savo duot\u0105 sutikim\u0105 d\u0117l savo asmens duomen\u0173 tvarkymo, informuodami apie tai Organizatorius el. pa\u0161to adresu info@ arba u\u017epild\u0119 atsisakymo form\u0105, kuri\u0105 konferencijos metu gali gauti i\u0161 Organizatori\u0173.<br \/>\n4.\tJ\u016bs turite teis\u0119 pra\u0161yti ra\u0161tu \u017eemiau nurodytais kontaktais, kad Organizatoriai: Jums leist\u0173 susipa\u017einti su Organizatori\u0173 tvarkomais J\u016bs\u0173 asmens duomenimis, t. y. fotonuotraukomis, kuriose yra matomas J\u016bs\u0173 atvaizdas; i\u0161taisyt\u0173 arba i\u0161trint\u0173, arba apribot\u0173 J\u016bs\u0173 asmens duomen\u0173 tvarkym\u0105; suteikt\u0173 teis\u0119 \u012f J\u016bs\u0173 duomen\u0173 perkeliamum\u0105; ir\/arba nutraukt\u0173 J\u016bs\u0173 asmens duomen\u0173 tvarkym\u0105.<br \/>\n5.\tOrganizatorius \u012fsipareigoja \u012f J\u016bs\u0173 ra\u0161ti\u0161kus pra\u0161ymus atsakyti nepagr\u012fstai nedelsdamas ir ne v\u0117liau kaip per 20 darbo dien\u0173. \u017dodini\u0173 pra\u0161ym\u0173 Organizatorius nenagrin\u0117ja.<br \/>\n6.\tJei manote, kad Organizatorius netinkamai ir\/arba neteis\u0117tai tvarko J\u016bs\u0173 asmens duomenis, J\u016bs turite teis\u0119 kreiptis tiek \u012f pat\u012f Organizatori\u0173, tiek pateikti skund\u0105 Valstybinei duomen\u0173 apsaugos inspekcijai.<br \/>\n7.\tEsant klausimams, norint pasinaudoti savo teis\u0117mis, maloniai pra\u0161ome kreiptis nurodytu el. pa\u0161tu: info@.<br \/>\n<\/div><\/div><\/div><!-- .wpforms-field-container --><div class=\"wpforms-field wpforms-field-hp\"><label for=\"wpforms-14788-field-hp\" class=\"wpforms-field-label\">Phone<\/label><input type=\"text\" name=\"wpforms[hp]\" id=\"wpforms-14788-field-hp\" class=\"wpforms-field-medium\"><\/div><div class=\"wpforms-submit-container\" ><input type=\"hidden\" name=\"wpforms[id]\" value=\"14788\"><input type=\"hidden\" name=\"page_title\" value=\"\"><input type=\"hidden\" name=\"page_url\" value=\"https:\/\/vaa.lt\/en\/wp-json\/wp\/v2\/pages\/12351\"><input type=\"hidden\" name=\"url_referer\" value=\"\"><button type=\"submit\" name=\"wpforms[submit]\" id=\"wpforms-submit-14788\" class=\"wpforms-submit tt_button\" data-alt-text=\"Siun\u010diama...\" data-submit-text=\"Si\u0173sti\" aria-live=\"assertive\" value=\"wpforms-submit\">Si\u0173sti<\/button><\/div><input type=\"hidden\" name=\"trp-form-language\" value=\"en\"\/><\/form><\/div>  <!-- .wpforms-container --><\/div><\/div><\/div>\n<\/div>","protected":false},"excerpt":{"rendered":"Please enable JavaScript in your browser to complete this form.J\u016bs\u0173 duomenys *FirstLastTelefono numeris *El. pa\u0161to adresas *D\u0117l fotografavimo *SutinkuNesutinkuSutinku Vidaus auditori\u0173 asociacijos (toliau \u2013 Organizatorius) 2025 m. gegu\u017e\u0117s 13 d. organizuojamos vidaus auditori\u0173 konferencijos \u201eVidaus auditoriai \u2013 strateginiai partneriai\u201c (toliau \u2013 konferencija) metu b\u016bti fotografuojamas Organizatoriui turint tiksl\u0105 u\u017efiksuoti konferencijos akimirkas.D\u0117l publikavimo *SutinkuNesutinkuSutinku, kad nuotraukos, [...]","protected":false},"author":2,"featured_media":0,"parent":0,"menu_order":0,"comment_status":"closed","ping_status":"closed","template":"","meta":{"footnotes":""},"class_list":["post-12351","page","type-page","status-publish","hentry"],"_links":{"self":[{"href":"https:\/\/vaa.lt\/en\/wp-json\/wp\/v2\/pages\/12351","targetHints":{"allow":["GET"]}}],"collection":[{"href":"https:\/\/vaa.lt\/en\/wp-json\/wp\/v2\/pages"}],"about":[{"href":"https:\/\/vaa.lt\/en\/wp-json\/wp\/v2\/types\/page"}],"author":[{"embeddable":true,"href":"https:\/\/vaa.lt\/en\/wp-json\/wp\/v2\/users\/2"}],"replies":[{"embeddable":true,"href":"https:\/\/vaa.lt\/en\/wp-json\/wp\/v2\/comments?post=12351"}],"version-history":[{"count":1,"href":"https:\/\/vaa.lt\/en\/wp-json\/wp\/v2\/pages\/12351\/revisions"}],"predecessor-version":[{"id":14791,"href":"https:\/\/vaa.lt\/en\/wp-json\/wp\/v2\/pages\/12351\/revisions\/14791"}],"wp:attachment":[{"href":"https:\/\/vaa.lt\/en\/wp-json\/wp\/v2\/media?parent=12351"}],"curies":[{"name":"wp","href":"https:\/\/api.w.org\/{rel}","templated":true}]}}