{"id":12144,"date":"2023-02-25T12:05:26","date_gmt":"2023-02-25T10:05:26","guid":{"rendered":"https:\/?page_id=12144"},"modified":"2026-02-13T15:06:20","modified_gmt":"2026-02-13T13:06:20","slug":"renginiu-politika","status":"publish","type":"page","link":"https:\/\/vaa.lt\/en\/renginiu-politika\/","title":{"rendered":"Rengini\u0173 mok\u0117jimo politika"},"content":{"rendered":"<div class=\"wpb-content-wrapper\"><div class=\"vc_row wpb_row row top-row wpb_custom_034b39d9bc6c6b310d69e39f0ccf274f\"><div class=\"vc_column_container col-md-8 col-xl-8 col-lg-12 col-12 vc_custom_1519744878939\"><div class=\"wpb_wrapper vc_column-inner\"><div class=\"vc_row wpb_row vc_inner row\"><div class=\"vc_column_container col-md-12 d-xl-none d-xxl-block\"><div class=\"wpb_wrapper vc_column-inner\"><div class=\"porto-u-heading  wpb_custom_95aa9a11c17ad45cfabaf210d84ee7cc porto-u-55ca8359258f9a412be7e73af65d2aac\"><div class=\"porto-u-main-heading\"><h2  >DALYVIO KEITIMO, DALYVAVIMO AT\u0160AUKIMO IR PINIG\u0172 GR\u0104\u017dINIMO TAISYKL\u0116S<\/h2><\/div><style>.porto-u-55ca8359258f9a412be7e73af65d2aac.porto-u-heading{text-align:center}<\/style><\/div>\r\n\t<div class=\"wpb_text_column wpb_content_element wpb_custom_7c91d232724f73626cc933bd95b25ff0\" >\r\n\t\t<div class=\"wpb_wrapper\">\r\n\t\t\t<p class=\"p1\">RENGINI\u0172 MOK\u0116JIMO POLITIKA<\/p>\n<p class=\"p1\"><b>1.<\/b><b> <\/b><b>Bendroji dalis<\/b><\/p>\n<p class=\"p1\">1.1. \u0160ios taisykl\u0117s nustato dalyvavimo konferencijose ir mokymuose, taip pat mok\u0117jim\u0173, at\u0161aukimo ir l\u0117\u0161\u0173 gr\u0105\u017einimo s\u0105lygas, taikomas naudojantis Vidaus auditori\u0173 asociacijos interneto svetaine.<\/p>\n<p class=\"p1\">1.2. Vidaus auditori\u0173 asociacija (toliau \u2013 Asociacija) \u2013 juridinis asmuo, organizuojantis konferencijas, mokymus, diskusijas ir kitas profesin\u0117s kvalifikacijos tobulinimo veiklas.<\/p>\n<p class=\"p1\"><b>2.<\/b><b> <\/b><b>Dalyvavimo ir mok\u0117jimo s\u0105lygos<\/b><\/p>\n<p class=\"p1\">2.1. Konferencijos ar mokym\u0173 dalyvio vardas ir pavard\u0117 gali b\u016bti kei\u010diami iki konferencijos ar mokym\u0173 dienos. Priklausomai nuo pasikeitusi\u0173 asmen\u0173, renginio kaina gali keistis (pvz., jei VAA nar\u012f kei\u010dia asmuo, neturintis VAA nario statuso).<\/p>\n<p class=\"p1\">2.2. Jei dalyvavimas konferencijoje ar mokymuose at\u0161aukiamas likus ne ma\u017eiau kaip 25 kalendorin\u0117ms dienoms iki renginio prad\u017eios, gr\u0105\u017einamas 80% sumok\u0117to dalyvio mokes\u010dio.<\/p>\n<p class=\"p1\">2.3. Jei dalyvavimas konferencijoje ar mokymuose at\u0161aukiamas likus ne ma\u017eiau kaip 5 kalendorin\u0117ms dienoms iki renginio prad\u017eios, gr\u0105\u017einamas 50% sumok\u0117to dalyvio mokes\u010dio.<\/p>\n<p class=\"p1\">2.4. Jei dalyvavimas at\u0161aukiamas likus 4 ir ma\u017eiau kalendorini\u0173 dien\u0173 iki konferencijos, dalyvio mokestis<\/p>\n<p class=\"p1\">negr\u0105\u017einamas.<\/p>\n<p class=\"p1\">2.5. Jei Asociacija at\u0161aukia nurodytomis datomis suplanuotus mokymus ar konferencij\u0105, mok\u0117tojui gr\u0105\u017einama visa sumok\u0117ta suma.<\/p>\n<p class=\"p1\">2.6. Dalyvio mokestis gra\u017einamas el. pa\u0161tu info@vaa.lt pateikus laisvos formos pra\u0161ym\u0105.<\/p>\n<p class=\"p1\"><b>3.<\/b><b> <\/b><b>Baigiamosios nuostatos<\/b><\/p>\n<p class=\"p1\">3.1. \u0160i politika taikomos visiems asmenims, kurie naudojasi Vidaus auditori\u0173 asociacijos svetaine ir \u012fsigyja joje si\u016blomas paslaugas.<\/p>\n<p class=\"p1\">3.2. Vidaus auditori\u0173 asociacija pasilieka teis\u0119 keisti \u0161ias taisykles, apie pakeitimus paskelbdama interneto svetain\u0117je.<\/p>\n\r\n\t\t<\/div>\r\n\t<\/div>\r\n<\/div><\/div><\/div><\/div><\/div><div class=\"vc_column_container col-md-4 col-xl-4 col-lg-12 col-12\"><div class=\"wpb_wrapper vc_column-inner\"><div  class=\"wpb_widgetised_column wpb_content_element\">\n\t\t<div class=\"wpb_wrapper\">\n\t\t\t\n\t\t\t<aside id=\"block-2\" class=\"widget widget_block\">\n<h2 class=\"wp-block-heading has-primary-color has-text-color\" style=\"font-style:normal;font-weight:400\">Artimiausi renginiai<\/h2>\n<\/aside><aside id=\"block-3\" class=\"widget widget_block\"><div class=\"mec-wrap mec-skin-list-container\" id=\"mec_skin_11396\">\r\n\r\n    \r\n            <div class=\"mec-skin-list-events-container\" id=\"mec_skin_events_11396\">\r\n        <div class=\"mec-wrap colorskin-custom\">\r\n\t<div class=\"mec-event-list-classic\">\r\n\t\t\r\n                        <div class=\"mec-month-divider\" data-toggle-divider=\"mec-toggle-202604-11396\"><h5 style=\"display: inline;\">April 2026<\/h5><i class=\"mec-sl-arrow-down\"><\/i><\/div>\r\n            \r\n                        <article class=\"mec-event-article  mec-clear  mec-divider-toggle mec-toggle-202604-11396\" itemscope>\r\n                                                        <div class=\"mec-event-image\"><a class=\"mec-color-hover\" data-event-id=\"16377\" href=\"https:\/\/vaa.lt\/en\/renginiai\/vidaus-auditoriu-kvalifikaciniai-mokymai-2\/\" target=\"_self\" rel=\"noopener\"><img decoding=\"async\" width=\"150\" height=\"150\" src=\"https:\/\/vaa.lt\/wp-content\/uploads\/2025\/07\/Kvalifikaciniai111-150x150.jpg\" class=\"attachment-thumbnail size-thumbnail wp-post-image\" alt=\"\" data-mec-postid=\"16377\" \/><\/a><\/div>\r\n                                            <div class=\"mec-event-date mec-color\"><i class=\"mec-sl-calendar\"><\/i> <span class=\"mec-start-date-label\">Apr 14 - 23 2026<\/span><\/div>\r\n                        <div class=\"mec-event-time mec-color\"><\/div>\r\n                                                                                <h4 class=\"mec-event-title\"><a class=\"mec-color-hover\" data-event-id=\"16377\" href=\"https:\/\/vaa.lt\/en\/renginiai\/vidaus-auditoriu-kvalifikaciniai-mokymai-2\/\" target=\"_self\" rel=\"noopener\">Vidaus auditori\u0173 kvalifikaciniai mokymai<\/a> <span class=\"mec-event-title-soldout\"><span class=\"soldout\">Sale has ended<\/span><\/span> <\/h4>\r\n                    <div class=\"mec-event-detail\"><div class=\"mec-event-loc-place\"><i class=\"mec-sl-map-marker\"><\/i> Nuotolinis renginys (Microsoft Teams)<\/div><\/div>                                                                                                                                <\/article>\r\n            \t\t\r\n            \r\n                        <article class=\"mec-event-article  mec-clear  mec-divider-toggle mec-toggle-202604-11396\" itemscope>\r\n                                                        <div class=\"mec-event-image\"><a class=\"mec-color-hover\" data-event-id=\"16896\" href=\"https:\/\/www.eciia.eu\/2026\/03\/webinar-the-human-factor-in-ai-governance-from-policy-to-practice\/\" target=\"_self\" rel=\"noopener\"><img decoding=\"async\" width=\"150\" height=\"150\" src=\"https:\/\/vaa.lt\/wp-content\/uploads\/2026\/03\/LINKEDIN-1080x1080-17-150x150.png\" class=\"attachment-thumbnail size-thumbnail wp-post-image\" alt=\"\" data-mec-postid=\"16896\" \/><\/a><\/div>\r\n                                            <div class=\"mec-event-date mec-color\"><i class=\"mec-sl-calendar\"><\/i> <span class=\"mec-start-date-label\">Apr 21 2026<\/span><\/div>\r\n                        <div class=\"mec-event-time mec-color\"><\/div>\r\n                                                                                <h4 class=\"mec-event-title\"><a class=\"mec-color-hover\" data-event-id=\"16896\" href=\"https:\/\/www.eciia.eu\/2026\/03\/webinar-the-human-factor-in-ai-governance-from-policy-to-practice\/\" target=\"_self\" rel=\"noopener\">ECIIA: Webinar: The human factor in AI Governance: From policy to practice<\/a><span class=\"event-color\" style=\"background: #d30c41\"><\/span><\/h4>\r\n                    <div class=\"mec-event-detail\"><div class=\"mec-event-loc-place\"><i class=\"mec-sl-map-marker\"><\/i> Online<\/div><\/div>                                                                                                                                <\/article>\r\n            \t\t\r\n            \r\n                        <article class=\"mec-event-article  mec-clear  mec-divider-toggle mec-toggle-202604-11396\" itemscope>\r\n                                                        <div class=\"mec-event-image\"><a class=\"mec-color-hover\" data-event-id=\"16433\" href=\"https:\/\/vaa.lt\/en\/renginiai\/baltic-risk-and-audit-forum-2026-transitioning-together\/\" target=\"_self\" rel=\"noopener\"><img decoding=\"async\" width=\"150\" height=\"150\" src=\"https:\/\/vaa.lt\/wp-content\/uploads\/2026\/01\/Conference_final_web-150x150.webp\" class=\"attachment-thumbnail size-thumbnail wp-post-image\" alt=\"\" data-mec-postid=\"16433\" \/><\/a><\/div>\r\n                                            <div class=\"mec-event-date mec-color\"><i class=\"mec-sl-calendar\"><\/i> <span class=\"mec-start-date-label\">Apr 30 2026<\/span><\/div>\r\n                        <div class=\"mec-event-time mec-color\"><\/div>\r\n                                                                                <h4 class=\"mec-event-title\"><a class=\"mec-color-hover\" data-event-id=\"16433\" href=\"https:\/\/vaa.lt\/en\/renginiai\/baltic-risk-and-audit-forum-2026-transitioning-together\/\" target=\"_self\" rel=\"noopener\">Baltic Risk and Audit Forum 2026: Transitioning Together<\/a> <span class=\"mec-event-title-soldout mec-few-tickets\"><span class=\"soldout\">Last Few Tickets<\/span><\/span> <\/h4>\r\n                    <div class=\"mec-event-detail\"><div class=\"mec-event-loc-place\"><i class=\"mec-sl-map-marker\"><\/i> AC HOTEL Vilnius<\/div><\/div>                                                                                                                                <\/article>\r\n            \t\t\r\n                        <div class=\"mec-month-divider\" data-toggle-divider=\"mec-toggle-202605-11396\"><h5 style=\"display: inline;\">May 2026<\/h5><i class=\"mec-sl-arrow-down\"><\/i><\/div>\r\n            \r\n                        <article class=\"mec-event-article  mec-clear  mec-divider-toggle mec-toggle-202605-11396\" itemscope>\r\n                                                        <div class=\"mec-event-image\"><a class=\"mec-color-hover\" data-event-id=\"16849\" href=\"https:\/\/vaa.lt\/en\/renginiai\/metodologine-programa-rizika-gristam-sprendimu-priemimui-ir-organizaciju-atsparumui-stiprin\/\" target=\"_self\" rel=\"noopener\"><\/a><\/div>\r\n                                            <div class=\"mec-event-date mec-color\"><i class=\"mec-sl-calendar\"><\/i> <span class=\"mec-start-date-label\">May 19 2026<\/span><\/div>\r\n                        <div class=\"mec-event-time mec-color\"><\/div>\r\n                                                                                <h4 class=\"mec-event-title\"><a class=\"mec-color-hover\" data-event-id=\"16849\" href=\"https:\/\/vaa.lt\/en\/renginiai\/metodologine-programa-rizika-gristam-sprendimu-priemimui-ir-organizaciju-atsparumui-stiprin\/\" target=\"_self\" rel=\"noopener\">Metodologin\u0117 programa rizika gr\u012fstam sprendim\u0173 pri\u0117mimui ir organizacij\u0173 atsparumui stiprinti<\/a><span class=\"event-color\" style=\"background: #d30c41\"><\/span><\/h4>\r\n                    <div class=\"mec-event-detail\"><div class=\"mec-event-loc-place\"><i class=\"mec-sl-map-marker\"><\/i> Online<\/div><\/div>                                                                                                                                <\/article>\r\n            \t\t\r\n                        <div class=\"mec-month-divider\" data-toggle-divider=\"mec-toggle-202606-11396\"><h5 style=\"display: inline;\">June 2026<\/h5><i class=\"mec-sl-arrow-down\"><\/i><\/div>\r\n            \r\n                        <article class=\"mec-event-article  mec-clear  mec-divider-toggle mec-toggle-202606-11396\" itemscope>\r\n                                                        <div class=\"mec-event-image\"><a class=\"mec-color-hover\" data-event-id=\"16279\" href=\"https:\/\/vaa.lt\/en\/renginiai\/bicg-good-corporate-governance-and-board-work-essentials\/\" target=\"_self\" rel=\"noopener\"><img decoding=\"async\" width=\"150\" height=\"150\" src=\"https:\/\/vaa.lt\/wp-content\/uploads\/2025\/12\/Boardroom-2-150x150.jpg\" class=\"attachment-thumbnail size-thumbnail wp-post-image\" alt=\"\" data-mec-postid=\"16279\" \/><\/a><\/div>\r\n                                            <div class=\"mec-event-date mec-color\"><i class=\"mec-sl-calendar\"><\/i> <span class=\"mec-start-date-label\">Jun 04 - 05 2026<\/span><\/div>\r\n                        <div class=\"mec-event-time mec-color\"><\/div>\r\n                                                                                <h4 class=\"mec-event-title\"><a class=\"mec-color-hover\" data-event-id=\"16279\" href=\"https:\/\/vaa.lt\/en\/renginiai\/bicg-good-corporate-governance-and-board-work-essentials\/\" target=\"_self\" rel=\"noopener\">BICG: Good Corporate Governance and Board Work Essentials<\/a><span class=\"event-color\" style=\"background: #d30c41\"><\/span><\/h4>\r\n                                                                                                                                                    <\/article>\r\n                        <article class=\"mec-event-article  mec-clear  mec-divider-toggle mec-toggle-202606-11396\" itemscope>\r\n                                                        <div class=\"mec-event-image\"><a class=\"mec-color-hover\" data-event-id=\"17028\" href=\"https:\/\/vaa.lt\/en\/renginiai\/vidaus-audito-funkcijos-isorinis-vertinimas\/\" target=\"_self\" rel=\"noopener\"><img decoding=\"async\" width=\"150\" height=\"150\" src=\"https:\/\/vaa.lt\/wp-content\/uploads\/2026\/04\/evaluation-150x150.jpg\" class=\"attachment-thumbnail size-thumbnail wp-post-image\" alt=\"\" data-mec-postid=\"17028\" \/><\/a><\/div>\r\n                                            <div class=\"mec-event-date mec-color\"><i class=\"mec-sl-calendar\"><\/i> <span class=\"mec-start-date-label\">Jun 04 2026<\/span><\/div>\r\n                        <div class=\"mec-event-time mec-color\"><\/div>\r\n                                                                                <h4 class=\"mec-event-title\"><a class=\"mec-color-hover\" data-event-id=\"17028\" href=\"https:\/\/vaa.lt\/en\/renginiai\/vidaus-audito-funkcijos-isorinis-vertinimas\/\" target=\"_self\" rel=\"noopener\">Vidaus audito funkcijos i\u0161orinis vertinimas<\/a><\/h4>\r\n                                                                                                                                                    <\/article>\r\n            \t\t\t<\/div>\r\n<\/div>\r\n\r\n    <\/div>\r\n    <div class=\"mec-skin-list-no-events-container mec-util-hidden\" id=\"mec_skin_no_events_11396\">\r\n        No event found!    <\/div>\r\n    \r\n    \r\n<\/div>\n<\/aside>\n\t\t<\/div>\n\t<\/div>\n<\/div><\/div><\/div>\n<\/div>","protected":false},"excerpt":{"rendered":"Seminare nagrin\u0117sime vidaus audito funkcijos i\u0161orinio vertinimo svarb\u0105, proces\u0105 ir praktin\u0119 vert\u0119 organizacijoms. Pasauliniai vidaus audito standartai numato, kad i\u0161orinis vidaus audito funkcijos vertinimas turi b\u016bti atliekamas ne re\u010diau kaip kas penkerius metus, ta\u010diau tai n\u0117ra vien formalus reikalavimas \u2013 tinkamai atliktas vertinimas padeda stiprinti vidaus audito kokyb\u0119, nepriklausomum\u0105, vert\u0117s k\u016brim\u0105 ir pasitik\u0117jim\u0105. Seminaro metu [...]","protected":false},"author":1,"featured_media":0,"parent":0,"menu_order":0,"comment_status":"closed","ping_status":"closed","template":"","meta":{"footnotes":""},"class_list":["post-12144","page","type-page","status-publish","hentry"],"_links":{"self":[{"href":"https:\/\/vaa.lt\/en\/wp-json\/wp\/v2\/pages\/12144","targetHints":{"allow":["GET"]}}],"collection":[{"href":"https:\/\/vaa.lt\/en\/wp-json\/wp\/v2\/pages"}],"about":[{"href":"https:\/\/vaa.lt\/en\/wp-json\/wp\/v2\/types\/page"}],"author":[{"embeddable":true,"href":"https:\/\/vaa.lt\/en\/wp-json\/wp\/v2\/users\/1"}],"replies":[{"embeddable":true,"href":"https:\/\/vaa.lt\/en\/wp-json\/wp\/v2\/comments?post=12144"}],"version-history":[{"count":2,"href":"https:\/\/vaa.lt\/en\/wp-json\/wp\/v2\/pages\/12144\/revisions"}],"predecessor-version":[{"id":16637,"href":"https:\/\/vaa.lt\/en\/wp-json\/wp\/v2\/pages\/12144\/revisions\/16637"}],"wp:attachment":[{"href":"https:\/\/vaa.lt\/en\/wp-json\/wp\/v2\/media?parent=12144"}],"curies":[{"name":"wp","href":"https:\/\/api.w.org\/{rel}","templated":true}]}}