{"id":10987,"date":"2022-12-20T16:27:26","date_gmt":"2022-12-20T14:27:26","guid":{"rendered":"https:\/1666371845243\/?page_id=10987"},"modified":"2025-12-19T23:18:24","modified_gmt":"2025-12-19T21:18:24","slug":"standartai-ir-gaires","status":"publish","type":"page","link":"https:\/\/vaa.lt\/en\/standartai-ir-gaires\/","title":{"rendered":"Apie standartus"},"content":{"rendered":"<div class=\"wpb-content-wrapper\"><div data-vc-full-width=\"true\" data-vc-full-width-temp=\"true\" data-vc-full-width-init=\"false\" class=\"vc_row wpb_row row top-row wpb_custom_034b39d9bc6c6b310d69e39f0ccf274f\"><div class=\"vc_column_container col-md-2\"><div class=\"wpb_wrapper vc_column-inner\"><\/div><\/div><div class=\"vc_column_container col-md-8\"><div class=\"wpb_wrapper vc_column-inner\">\r\n\t<div class=\"wpb_text_column wpb_content_element wpb_custom_7c91d232724f73626cc933bd95b25ff0\" >\r\n\t\t<div class=\"wpb_wrapper\">\r\n\t\t\t<p style=\"text-align: center;\"><span style=\"font-size: 26px;\"><strong>Atsipra\u0161ome, vyksta informacijos atnaujinimas. <\/strong><\/span><\/p>\n<p style=\"text-align: center;\"><span style=\"font-size: 26px;\"><strong>Standart\u0173 ir gairi\u0173 ie\u0161kokite skyrelyje &#8220;Profesiniai i\u0161tekliai&#8221;.<\/strong><\/span><\/p>\n\r\n\t\t<\/div>\r\n\t<\/div>\r\n<div class=\"vc_empty_space\"   style=\"height: 32px\"><span class=\"vc_empty_space_inner\"><\/span><\/div><\/div><\/div><div class=\"vc_column_container col-md-2\"><div class=\"wpb_wrapper vc_column-inner\"><\/div><\/div><\/div><div class=\"vc_row-full-width vc_clearfix\"><\/div><div class=\"vc_row wpb_row row top-row wpb_custom_034b39d9bc6c6b310d69e39f0ccf274f\"><div class=\"vc_column_container col-md-12\"><div class=\"wpb_wrapper vc_column-inner\"><div class=\"vc_empty_space\"   style=\"height: 32px\"><span class=\"vc_empty_space_inner\"><\/span><\/div><\/div><\/div><\/div><div class=\"vc_row wpb_row row top-row vc_column-gap-35 wpb_custom_034b39d9bc6c6b310d69e39f0ccf274f\"><div class=\"vc_column_container col-md-4\"><div class=\"wpb_wrapper vc_column-inner\">\r\n\t<div class=\"wpb_single_image wpb_content_element vc_align_left wpb_content_element  wpb_custom_81a4f7ef9830bf958462581aa01150fb\"><div class=\"wpb_wrapper\">\r\n\t\t\t\r\n\t\t\t<div class=\"vc_single_image-wrapper   vc_box_border_grey\"><img decoding=\"async\" width=\"1920\" height=\"800\" src=\"https:\/\/vaa.lt\/wp-content\/uploads\/2022\/12\/background-1-e1671549775945.jpg\" class=\"vc_single_image-img attachment-full\" alt=\"\" title=\"background-1\" srcset=\"https:\/\/vaa.lt\/wp-content\/uploads\/2022\/12\/background-1-e1671549775945.jpg 1920w, https:\/\/vaa.lt\/wp-content\/uploads\/2022\/12\/background-1-e1671549775945-600x250.jpg 600w, https:\/\/vaa.lt\/wp-content\/uploads\/2022\/12\/background-1-e1671549775945-1024x427.jpg 1024w, https:\/\/vaa.lt\/wp-content\/uploads\/2022\/12\/background-1-e1671549775945-768x320.jpg 768w, https:\/\/vaa.lt\/wp-content\/uploads\/2022\/12\/background-1-e1671549775945-1536x640.jpg 1536w, https:\/\/vaa.lt\/wp-content\/uploads\/2022\/12\/background-1-e1671549775945-640x267.jpg 640w, https:\/\/vaa.lt\/wp-content\/uploads\/2022\/12\/background-1-e1671549775945-400x167.jpg 400w, https:\/\/vaa.lt\/wp-content\/uploads\/2022\/12\/background-1-e1671549775945-367x153.jpg 367w\" sizes=\"(max-width: 1920px) 100vw, 1920px\" \/><\/div>\r\n\t\t<\/div>\r\n\t<\/div>\r\n<div class=\"porto-u-heading  wpb_custom_1aa576bd0f946813d9c764bc63f430f1 porto-u-ad87e2eaf3f9c495180fe0156ddf3eb0\"><div class=\"porto-u-main-heading\"><h3 data-plugin-animated-letters data-plugin-options=\"{&quot;startDelay&quot;:0,&quot;minWindowWidth&quot;:0,&quot;animationName&quot;:&quot;fadeIn&quot;}\"  style=\"color:#006198;margin-bottom: 5px;\">Misija<\/h3><\/div><div class=\"porto-u-heading-spacer line_only\" style=\"margin-bottom: 5px;height:4px;\"><span class=\"porto-u-headings-line\" style=\"border-style:solid;border-bottom-width:4px;border-color:#9aca3c;width:350px;\"><\/span><\/div><style>.porto-u-ad87e2eaf3f9c495180fe0156ddf3eb0.porto-u-heading{text-align:left} .porto-u-ad87e2eaf3f9c495180fe0156ddf3eb0 .porto-u-headings-line{float: left;}<\/style><\/div>\r\n\t<div class=\"wpb_text_column wpb_content_element wpb_custom_7c91d232724f73626cc933bd95b25ff0\" >\r\n\t\t<div class=\"wpb_wrapper\">\r\n\t\t\t\r\n\t\t<\/div>\r\n\t<\/div>\r\n<\/div><\/div><div class=\"vc_column_container col-md-4\"><div class=\"wpb_wrapper vc_column-inner\">\r\n\t<div class=\"wpb_single_image wpb_content_element vc_align_left wpb_content_element  wpb_custom_81a4f7ef9830bf958462581aa01150fb\"><div class=\"wpb_wrapper\">\r\n\t\t\t\r\n\t\t\t<div class=\"vc_single_image-wrapper   vc_box_border_grey\"><img decoding=\"async\" width=\"1920\" height=\"800\" src=\"https:\/\/vaa.lt\/wp-content\/uploads\/2022\/12\/background-1-e1671549775945.jpg\" class=\"vc_single_image-img attachment-full\" alt=\"\" title=\"background-1\" srcset=\"https:\/\/vaa.lt\/wp-content\/uploads\/2022\/12\/background-1-e1671549775945.jpg 1920w, https:\/\/vaa.lt\/wp-content\/uploads\/2022\/12\/background-1-e1671549775945-600x250.jpg 600w, https:\/\/vaa.lt\/wp-content\/uploads\/2022\/12\/background-1-e1671549775945-1024x427.jpg 1024w, https:\/\/vaa.lt\/wp-content\/uploads\/2022\/12\/background-1-e1671549775945-768x320.jpg 768w, https:\/\/vaa.lt\/wp-content\/uploads\/2022\/12\/background-1-e1671549775945-1536x640.jpg 1536w, https:\/\/vaa.lt\/wp-content\/uploads\/2022\/12\/background-1-e1671549775945-640x267.jpg 640w, https:\/\/vaa.lt\/wp-content\/uploads\/2022\/12\/background-1-e1671549775945-400x167.jpg 400w, https:\/\/vaa.lt\/wp-content\/uploads\/2022\/12\/background-1-e1671549775945-367x153.jpg 367w\" sizes=\"(max-width: 1920px) 100vw, 1920px\" \/><\/div>\r\n\t\t<\/div>\r\n\t<\/div>\r\n<div class=\"porto-u-heading  wpb_custom_1aa576bd0f946813d9c764bc63f430f1 porto-u-ad87e2eaf3f9c495180fe0156ddf3eb0\"><div class=\"porto-u-main-heading\"><h3 data-plugin-animated-letters data-plugin-options=\"{&quot;startDelay&quot;:0,&quot;minWindowWidth&quot;:0,&quot;animationName&quot;:&quot;fadeIn&quot;}\"  style=\"color:#006198;margin-bottom: 5px;\">Privalomos nuostatos<\/h3><\/div><div class=\"porto-u-heading-spacer line_only\" style=\"margin-bottom: 5px;height:4px;\"><span class=\"porto-u-headings-line\" style=\"border-style:solid;border-bottom-width:4px;border-color:#9aca3c;width:350px;\"><\/span><\/div><style>.porto-u-ad87e2eaf3f9c495180fe0156ddf3eb0.porto-u-heading{text-align:left} .porto-u-ad87e2eaf3f9c495180fe0156ddf3eb0 .porto-u-headings-line{float: left;}<\/style><\/div>\r\n\t<div class=\"wpb_text_column wpb_content_element wpb_custom_7c91d232724f73626cc933bd95b25ff0\" >\r\n\t\t<div class=\"wpb_wrapper\">\r\n\t\t\t\r\n\t\t<\/div>\r\n\t<\/div>\r\n<div class=\"vc_btn3-container vc_btn3-center vc_do_btn\" >\r\n\t<button class=\"vc_btn3 vc_btn3-shape-round vc_btn3-block wpb_custom_6687b26f39488ddbb85ddb3c1ce8e111 btn btn-borders btn-lg btn-primary\" style=\"font-size:18px; font-weight:600; padding-top:10px; padding-bottom:10px;\">Standartai lietuvi\u0173 kalba<\/button>\t<\/div>\r\n<\/div><\/div><div class=\"vc_column_container col-md-4\"><div class=\"wpb_wrapper vc_column-inner\">\r\n\t<div class=\"wpb_single_image wpb_content_element vc_align_left wpb_content_element  wpb_custom_81a4f7ef9830bf958462581aa01150fb\"><div class=\"wpb_wrapper\">\r\n\t\t\t\r\n\t\t\t<div class=\"vc_single_image-wrapper   vc_box_border_grey\"><img decoding=\"async\" width=\"1920\" height=\"800\" src=\"https:\/\/vaa.lt\/wp-content\/uploads\/2022\/12\/background-1-e1671549775945.jpg\" class=\"vc_single_image-img attachment-full\" alt=\"\" title=\"background-1\" srcset=\"https:\/\/vaa.lt\/wp-content\/uploads\/2022\/12\/background-1-e1671549775945.jpg 1920w, https:\/\/vaa.lt\/wp-content\/uploads\/2022\/12\/background-1-e1671549775945-600x250.jpg 600w, https:\/\/vaa.lt\/wp-content\/uploads\/2022\/12\/background-1-e1671549775945-1024x427.jpg 1024w, https:\/\/vaa.lt\/wp-content\/uploads\/2022\/12\/background-1-e1671549775945-768x320.jpg 768w, https:\/\/vaa.lt\/wp-content\/uploads\/2022\/12\/background-1-e1671549775945-1536x640.jpg 1536w, https:\/\/vaa.lt\/wp-content\/uploads\/2022\/12\/background-1-e1671549775945-640x267.jpg 640w, https:\/\/vaa.lt\/wp-content\/uploads\/2022\/12\/background-1-e1671549775945-400x167.jpg 400w, https:\/\/vaa.lt\/wp-content\/uploads\/2022\/12\/background-1-e1671549775945-367x153.jpg 367w\" sizes=\"(max-width: 1920px) 100vw, 1920px\" \/><\/div>\r\n\t\t<\/div>\r\n\t<\/div>\r\n<div class=\"porto-u-heading  wpb_custom_1aa576bd0f946813d9c764bc63f430f1 porto-u-ad87e2eaf3f9c495180fe0156ddf3eb0\"><div class=\"porto-u-main-heading\"><h3 data-plugin-animated-letters data-plugin-options=\"{&quot;startDelay&quot;:0,&quot;minWindowWidth&quot;:0,&quot;animationName&quot;:&quot;fadeIn&quot;}\"  style=\"color:#006198;margin-bottom: 5px;\">Rekomenduojamos nuostatos<\/h3><\/div><div class=\"porto-u-heading-spacer line_only\" style=\"margin-bottom: 5px;height:4px;\"><span class=\"porto-u-headings-line\" style=\"border-style:solid;border-bottom-width:4px;border-color:#9aca3c;width:350px;\"><\/span><\/div><style>.porto-u-ad87e2eaf3f9c495180fe0156ddf3eb0.porto-u-heading{text-align:left} .porto-u-ad87e2eaf3f9c495180fe0156ddf3eb0 .porto-u-headings-line{float: left;}<\/style><\/div><\/div><\/div><\/div><div class=\"vc_row wpb_row row top-row wpb_custom_034b39d9bc6c6b310d69e39f0ccf274f\"><div class=\"vc_column_container col-md-12\"><div class=\"wpb_wrapper vc_column-inner\"><div class=\"vc_empty_space\"   style=\"height: 32px\"><span class=\"vc_empty_space_inner\"><\/span><\/div><\/div><\/div><\/div><div class=\"vc_row wpb_row row top-row wpb_custom_034b39d9bc6c6b310d69e39f0ccf274f\"><div class=\"vc_column_container col-md-2\"><div class=\"wpb_wrapper vc_column-inner\"><\/div><\/div><div class=\"vc_column_container col-md-10\"><div class=\"wpb_wrapper vc_column-inner\">\r\n\t<div class=\"wpb_text_column wpb_content_element wpb_custom_7c91d232724f73626cc933bd95b25ff0\" >\r\n\t\t<div class=\"wpb_wrapper\">\r\n\t\t\t\r\n\t\t<\/div>\r\n\t<\/div>\r\n<\/div><\/div><\/div>\n<\/div>","protected":false},"excerpt":{"rendered":"Atsipra\u0161ome, vyksta informacijos atnaujinimas. Standart\u0173 ir gairi\u0173 ie\u0161kokite skyrelyje \"Profesiniai i\u0161tekliai\". Misija Privalomos nuostatos Standartai lietuvi\u0173 kalba Rekomenduojamos nuostatos","protected":false},"author":1,"featured_media":0,"parent":0,"menu_order":0,"comment_status":"closed","ping_status":"closed","template":"","meta":{"footnotes":""},"class_list":["post-10987","page","type-page","status-publish","hentry"],"_links":{"self":[{"href":"https:\/\/vaa.lt\/en\/wp-json\/wp\/v2\/pages\/10987","targetHints":{"allow":["GET"]}}],"collection":[{"href":"https:\/\/vaa.lt\/en\/wp-json\/wp\/v2\/pages"}],"about":[{"href":"https:\/\/vaa.lt\/en\/wp-json\/wp\/v2\/types\/page"}],"author":[{"embeddable":true,"href":"https:\/\/vaa.lt\/en\/wp-json\/wp\/v2\/users\/1"}],"replies":[{"embeddable":true,"href":"https:\/\/vaa.lt\/en\/wp-json\/wp\/v2\/comments?post=10987"}],"version-history":[{"count":3,"href":"https:\/\/vaa.lt\/en\/wp-json\/wp\/v2\/pages\/10987\/revisions"}],"predecessor-version":[{"id":16309,"href":"https:\/\/vaa.lt\/en\/wp-json\/wp\/v2\/pages\/10987\/revisions\/16309"}],"wp:attachment":[{"href":"https:\/\/vaa.lt\/en\/wp-json\/wp\/v2\/media?parent=10987"}],"curies":[{"name":"wp","href":"https:\/\/api.w.org\/{rel}","templated":true}]}}