{"id":10889,"date":"2022-11-15T10:43:56","date_gmt":"2022-11-15T08:43:56","guid":{"rendered":"https:\/1666371845243\/?page_id=10889"},"modified":"2023-01-29T14:35:12","modified_gmt":"2023-01-29T12:35:12","slug":"profesine-informacija-uzsienio-kalba","status":"publish","type":"page","link":"https:\/\/vaa.lt\/en\/profesine-informacija-uzsienio-kalba\/","title":{"rendered":"Profesin\u0117 informacija u\u017esienio kalba"},"content":{"rendered":"<div class=\"wpb-content-wrapper\"><div data-vc-full-width=\"true\" data-vc-full-width-temp=\"true\" data-vc-full-width-init=\"false\" data-vc-stretch-content=\"true\" class=\"vc_row wpb_row row top-row custom-section-svg no-padding wpb_custom_034b39d9bc6c6b310d69e39f0ccf274f\"><div class=\"vc_column_container col-md-12\"><div class=\"wpb_wrapper vc_column-inner\">\n\t<div class=\"wpb_raw_code wpb_raw_html wpb_content_element vc_custom_1594861239440 bg-attach-fixed-lg mb-0\" >\n\t\t<div class=\"wpb_wrapper\">\n\t\t\t<svg\n   xmlns=\"http:\/\/www.w3.org\/2000\/svg\"\n   width=\"1820\"\n   height=\"840\"\n   viewbox=\"0 0 481.54166 222.25\"\n   version=\"1.1\">\n\n    <g transform=\"translate(0,-74.749984)\">\n        <path style=\"fill:#0053ce;fill-opacity:0.83417089;stroke-width:0.26458332\" d=\"M -37.41942,65.027063 V 297.04648 h 555.625 V 65.027063 Z m 385.24418,26.073343 c 5.16568,-0.06559 10.30682,1.828283 14.17588,5.697327 l 22.51077,22.510767 c 2.81369,2.8137 7.10706,1.33438 7.86464,-2.23708 2.21908,-6.43973 5.15977,-13.60111 8.76741,-17.208757 10.10198,-10.101963 25.7768,-10.300582 35.62522,-0.452167 9.84843,9.848414 9.64978,25.523244 -0.45217,35.625204 -3.60765,3.60766 -10.76936,6.54852 -17.20929,8.76743 -3.57201,0.75699 -4.34764,5.75355 -2.23655,7.86463 l 29.54549,29.54549 c 7.73808,7.73808 7.57481,20.56352 -0.36227,28.50058 l -17.31727,17.31729 c -4.32922,4.32922 -12.15765,3.7166 -14.93552,-1.94717 -2.07338,-4.96117 -4.86992,-9.19938 -6.98047,-11.3099 -9.8484,-9.84841 -25.52375,-9.64979 -35.62572,0.45217 -10.10177,10.10177 -10.3006,25.77732 -0.45218,35.62573 2.11053,2.11053 6.34937,4.90595 11.30941,6.98045 4.94276,3.49888 6.27689,10.60629 1.94767,14.93552 l -17.31729,17.31729 c -7.93724,7.93726 -20.76249,8.09984 -28.50057,0.36174 l -84.41553,-84.41552 c -7.7381,-7.7381 -7.57482,-20.56301 0.36225,-28.50007 l 79.37139,-79.371375 v -5.16e-4 c 3.96862,-3.968627 9.15901,-5.993473 14.3247,-6.059063 z\" \/>\n        <path style=\"fill:#ffffff;fill-opacity:1;stroke:none;stroke-width:0.26052347;stroke-opacity:1\" d=\"m 314.90636,266.1817 0.0512,0.0512 h 71.61114 v 0 c -23.89724,-0.003 -47.7139,0.007 -71.61114,0 z m 71.66229,0.0512 c 0,0 -0.0376,2.36455 -1.54522,4.09644 -5.94783,6.83282 -18.34141,18.62228 -18.34141,18.62228 -7.93727,7.93727 -20.76199,8.23348 -28.50007,0.49537 L 314.95751,266.23286 H -43.089358 v 31.34279 H 521.98518 v -31.34279 z\"\n       id=\"rect857\" \/>\n    <\/g>\n<\/svg>\n\t\t<\/div>\n\t<\/div>\n<div class=\"porto-container container z-index-1 porto-ibanner-layer pc-inner-container\"><div class=\"vc_row wpb_row vc_inner row\"><div class=\"vc_column_container col-md-7 col-lg-6\"><div class=\"wpb_wrapper vc_column-inner\"><h2 style=\"font-size: 3.9375em;line-height: 1.1;font-weight:800;letter-spacing:-.016em\" data-appear-animation=\"fadeInUp\" data-appear-animation-delay=\"300\" class=\"vc_custom_heading vc_do_custom_heading pb-2 mb-2 mb-xl-4 wpb_custom_aa365bd5046e8294520b4e73732b9d15 align-left text-uppercase heading-light\" >Naudingos nuorodos<\/h2><\/div><\/div><\/div><\/div><\/div><\/div><\/div><div class=\"vc_row-full-width vc_clearfix\"><\/div><div class=\"vc_row wpb_row row top-row wpb_custom_034b39d9bc6c6b310d69e39f0ccf274f\"><div class=\"vc_column_container col-md-8 col-xl-8 col-lg-12 col-12 vc_custom_1519733751676\"><div class=\"wpb_wrapper vc_column-inner\"><div class=\"vc_row wpb_row vc_inner row\"><div class=\"vc_column_container col-md-12\"><div class=\"wpb_wrapper vc_column-inner\"><div class=\"porto-u-heading  wpb_custom_95aa9a11c17ad45cfabaf210d84ee7cc porto-u-ad87e2eaf3f9c495180fe0156ddf3eb0\"><div class=\"porto-u-main-heading\"><h4  >Profesin\u0117 informacija u\u017esienio kalba<\/h4><\/div><div class=\"porto-u-heading-spacer line_only\" style=\"height:4px;\"><span class=\"porto-u-headings-line\" style=\"border-style:solid;border-bottom-width:4px;border-color:#9aca3c;width:250px;\"><\/span><\/div><style>.porto-u-ad87e2eaf3f9c495180fe0156ddf3eb0.porto-u-heading{text-align:left} .porto-u-ad87e2eaf3f9c495180fe0156ddf3eb0 .porto-u-headings-line{float: left;}<\/style><\/div><div class=\"vc_empty_space\"   style=\"height: 32px\"><span class=\"vc_empty_space_inner\"><\/span><\/div>\r\n\t<div class=\"wpb_text_column wpb_content_element wpb_custom_7c91d232724f73626cc933bd95b25ff0\" >\r\n\t\t<div class=\"wpb_wrapper\">\r\n\t\t\t<p><strong>Tarptautinio vidaus audito instituto i\u0161tekliai<\/strong><\/p>\n<ul>\n<li>IIA knygynas <a href=\"https:\/\/www.theiia.org\/en\/resources\/bookstore\/\">https:\/\/www.theiia.org\/en\/resources\/bookstore\/<\/a><\/li>\n<li>Vidaus auditori\u0173 \u017eurnalas\u00a0 <a href=\"https:\/\/internalauditor.theiia.org\/en\/\">https:\/\/internalauditor.theiia.org\/en\/<\/a><\/li>\n<li>Vidaus audito fondas <a href=\"https:\/\/www.theiia.org\/en\/internal-audit-foundation\/\">https:\/\/www.theiia.org\/en\/internal-audit-foundation\/<\/a><\/li>\n<li>\u017dini\u0173 centras <a href=\"https:\/\/www.theiia.org\/en\/resources\/knowledge-centers\/\">https:\/\/www.theiia.org\/en\/resources\/knowledge-centers\/<\/a><\/li>\n<li>Tyrimai ir ataskaitos <a href=\"https:\/\/www.theiia.org\/en\/resources\/research-and-reports\/\">https:\/\/www.theiia.org\/en\/resources\/research-and-reports\/<\/a><\/li>\n<li>Vidaus auditori\u0173 kompetencij\u0173 sistema <a href=\"https:\/\/www.theiia.org\/en\/resources\/internal-audit-competency-framework\/\">https:\/\/www.theiia.org\/en\/resources\/internal-audit-competency-framework\/<\/a><\/li>\n<\/ul>\n<p>&nbsp;<\/p>\n<p><strong>Kit\u0173 organizacij\u0173 i\u0161tekliai<\/strong><\/p>\n<ul>\n<li>Tredv\u0117jaus komisijos r\u0117m\u0117j\u0173 komitetas (COSO)\u00a0<a href=\"https:\/\/www.coso.org\/\">https:\/\/www.coso.org<\/a><\/li>\n<li>The European Confederation of Institutes of Internal Auditing (ECIIA)\u00a0<a href=\"http:\/\/www.eciia.eu\/\">http:\/\/www.eciia.eu<\/a><\/li>\n<\/ul>\n<ul>\n<li style=\"list-style-type: none;\"><\/li>\n<\/ul>\n\r\n\t\t<\/div>\r\n\t<\/div>\r\n<\/div><\/div><\/div><\/div><\/div><div class=\"vc_column_container col-md-4 col-xl-4 col-lg-12 col-12\"><div class=\"wpb_wrapper vc_column-inner\"><div  class=\"wpb_widgetised_column wpb_content_element\">\n\t\t<div class=\"wpb_wrapper\">\n\t\t\t\n\t\t\t<aside id=\"block-2\" class=\"widget widget_block\">\n<h2 class=\"wp-block-heading has-primary-color has-text-color\" style=\"font-style:normal;font-weight:400\">Artimiausi renginiai<\/h2>\n<\/aside><aside id=\"block-3\" class=\"widget widget_block\"><div class=\"mec-wrap mec-skin-list-container\" id=\"mec_skin_11396\">\r\n\r\n    \r\n            <div class=\"mec-skin-list-events-container\" id=\"mec_skin_events_11396\">\r\n        <div class=\"mec-wrap colorskin-custom\">\r\n\t<div class=\"mec-event-list-classic\">\r\n\t\t\r\n                        <div class=\"mec-month-divider\" data-toggle-divider=\"mec-toggle-202604-11396\"><h5 style=\"display: inline;\">April 2026<\/h5><i class=\"mec-sl-arrow-down\"><\/i><\/div>\r\n            \r\n                        <article class=\"mec-event-article  mec-clear  mec-divider-toggle mec-toggle-202604-11396\" itemscope>\r\n                                                        <div class=\"mec-event-image\"><a class=\"mec-color-hover\" data-event-id=\"16377\" href=\"https:\/\/vaa.lt\/en\/renginiai\/vidaus-auditoriu-kvalifikaciniai-mokymai-2\/\" target=\"_self\" rel=\"noopener\"><img decoding=\"async\" width=\"150\" height=\"150\" src=\"https:\/\/vaa.lt\/wp-content\/uploads\/2025\/07\/Kvalifikaciniai111-150x150.jpg\" class=\"attachment-thumbnail size-thumbnail wp-post-image\" alt=\"\" data-mec-postid=\"16377\" \/><\/a><\/div>\r\n                                            <div class=\"mec-event-date mec-color\"><i class=\"mec-sl-calendar\"><\/i> <span class=\"mec-start-date-label\">Apr 14 - 23 2026<\/span><\/div>\r\n                        <div class=\"mec-event-time mec-color\"><\/div>\r\n                                                                                <h4 class=\"mec-event-title\"><a class=\"mec-color-hover\" data-event-id=\"16377\" href=\"https:\/\/vaa.lt\/en\/renginiai\/vidaus-auditoriu-kvalifikaciniai-mokymai-2\/\" target=\"_self\" rel=\"noopener\">Vidaus auditori\u0173 kvalifikaciniai mokymai<\/a> <span class=\"mec-event-title-soldout\"><span class=\"soldout\">Sale has ended<\/span><\/span> <\/h4>\r\n                    <div class=\"mec-event-detail\"><div class=\"mec-event-loc-place\"><i class=\"mec-sl-map-marker\"><\/i> Nuotolinis renginys (Microsoft Teams)<\/div><\/div>                                                                                                                                <\/article>\r\n            \t\t\r\n            \r\n                        <article class=\"mec-event-article  mec-clear  mec-divider-toggle mec-toggle-202604-11396\" itemscope>\r\n                                                        <div class=\"mec-event-image\"><a class=\"mec-color-hover\" data-event-id=\"16896\" href=\"https:\/\/www.eciia.eu\/2026\/03\/webinar-the-human-factor-in-ai-governance-from-policy-to-practice\/\" target=\"_self\" rel=\"noopener\"><img decoding=\"async\" width=\"150\" height=\"150\" src=\"https:\/\/vaa.lt\/wp-content\/uploads\/2026\/03\/LINKEDIN-1080x1080-17-150x150.png\" class=\"attachment-thumbnail size-thumbnail wp-post-image\" alt=\"\" data-mec-postid=\"16896\" \/><\/a><\/div>\r\n                                            <div class=\"mec-event-date mec-color\"><i class=\"mec-sl-calendar\"><\/i> <span class=\"mec-start-date-label\">Apr 21 2026<\/span><\/div>\r\n                        <div class=\"mec-event-time mec-color\"><\/div>\r\n                                                                                <h4 class=\"mec-event-title\"><a class=\"mec-color-hover\" data-event-id=\"16896\" href=\"https:\/\/www.eciia.eu\/2026\/03\/webinar-the-human-factor-in-ai-governance-from-policy-to-practice\/\" target=\"_self\" rel=\"noopener\">ECIIA: Webinar: The human factor in AI Governance: From policy to practice<\/a><span class=\"event-color\" style=\"background: #d30c41\"><\/span><\/h4>\r\n                    <div class=\"mec-event-detail\"><div class=\"mec-event-loc-place\"><i class=\"mec-sl-map-marker\"><\/i> Online<\/div><\/div>                                                                                                                                <\/article>\r\n            \t\t\r\n            \r\n                        <article class=\"mec-event-article  mec-clear  mec-divider-toggle mec-toggle-202604-11396\" itemscope>\r\n                                                        <div class=\"mec-event-image\"><a class=\"mec-color-hover\" data-event-id=\"16433\" href=\"https:\/\/vaa.lt\/en\/renginiai\/baltic-risk-and-audit-forum-2026-transitioning-together\/\" target=\"_self\" rel=\"noopener\"><img decoding=\"async\" width=\"150\" height=\"150\" src=\"https:\/\/vaa.lt\/wp-content\/uploads\/2026\/01\/Conference_final_web-150x150.webp\" class=\"attachment-thumbnail size-thumbnail wp-post-image\" alt=\"\" data-mec-postid=\"16433\" \/><\/a><\/div>\r\n                                            <div class=\"mec-event-date mec-color\"><i class=\"mec-sl-calendar\"><\/i> <span class=\"mec-start-date-label\">Apr 30 2026<\/span><\/div>\r\n                        <div class=\"mec-event-time mec-color\"><\/div>\r\n                                                                                <h4 class=\"mec-event-title\"><a class=\"mec-color-hover\" data-event-id=\"16433\" href=\"https:\/\/vaa.lt\/en\/renginiai\/baltic-risk-and-audit-forum-2026-transitioning-together\/\" target=\"_self\" rel=\"noopener\">Baltic Risk and Audit Forum 2026: Transitioning Together<\/a><\/h4>\r\n                    <div class=\"mec-event-detail\"><div class=\"mec-event-loc-place\"><i class=\"mec-sl-map-marker\"><\/i> AC HOTEL Vilnius<\/div><\/div>                                                                                                                                <\/article>\r\n            \t\t\r\n                        <div class=\"mec-month-divider\" data-toggle-divider=\"mec-toggle-202605-11396\"><h5 style=\"display: inline;\">May 2026<\/h5><i class=\"mec-sl-arrow-down\"><\/i><\/div>\r\n            \r\n                        <article class=\"mec-event-article  mec-clear  mec-divider-toggle mec-toggle-202605-11396\" itemscope>\r\n                                                        <div class=\"mec-event-image\"><a class=\"mec-color-hover\" data-event-id=\"16849\" href=\"https:\/\/vaa.lt\/en\/renginiai\/metodologine-programa-rizika-gristam-sprendimu-priemimui-ir-organizaciju-atsparumui-stiprin\/\" target=\"_self\" rel=\"noopener\"><\/a><\/div>\r\n                                            <div class=\"mec-event-date mec-color\"><i class=\"mec-sl-calendar\"><\/i> <span class=\"mec-start-date-label\">May 19 2026<\/span><\/div>\r\n                        <div class=\"mec-event-time mec-color\"><\/div>\r\n                                                                                <h4 class=\"mec-event-title\"><a class=\"mec-color-hover\" data-event-id=\"16849\" href=\"https:\/\/vaa.lt\/en\/renginiai\/metodologine-programa-rizika-gristam-sprendimu-priemimui-ir-organizaciju-atsparumui-stiprin\/\" target=\"_self\" rel=\"noopener\">Metodologin\u0117 programa rizika gr\u012fstam sprendim\u0173 pri\u0117mimui ir organizacij\u0173 atsparumui stiprinti<\/a><span class=\"event-color\" style=\"background: #d30c41\"><\/span><\/h4>\r\n                    <div class=\"mec-event-detail\"><div class=\"mec-event-loc-place\"><i class=\"mec-sl-map-marker\"><\/i> Online<\/div><\/div>                                                                                                                                <\/article>\r\n            \t\t\r\n                        <div class=\"mec-month-divider\" data-toggle-divider=\"mec-toggle-202606-11396\"><h5 style=\"display: inline;\">June 2026<\/h5><i class=\"mec-sl-arrow-down\"><\/i><\/div>\r\n            \r\n                        <article class=\"mec-event-article  mec-clear  mec-divider-toggle mec-toggle-202606-11396\" itemscope>\r\n                                                        <div class=\"mec-event-image\"><a class=\"mec-color-hover\" data-event-id=\"16279\" href=\"https:\/\/vaa.lt\/en\/renginiai\/bicg-good-corporate-governance-and-board-work-essentials\/\" target=\"_self\" rel=\"noopener\"><img decoding=\"async\" width=\"150\" height=\"150\" src=\"https:\/\/vaa.lt\/wp-content\/uploads\/2025\/12\/Boardroom-2-150x150.jpg\" class=\"attachment-thumbnail size-thumbnail wp-post-image\" alt=\"\" data-mec-postid=\"16279\" \/><\/a><\/div>\r\n                                            <div class=\"mec-event-date mec-color\"><i class=\"mec-sl-calendar\"><\/i> <span class=\"mec-start-date-label\">Jun 04 - 05 2026<\/span><\/div>\r\n                        <div class=\"mec-event-time mec-color\"><\/div>\r\n                                                                                <h4 class=\"mec-event-title\"><a class=\"mec-color-hover\" data-event-id=\"16279\" href=\"https:\/\/vaa.lt\/en\/renginiai\/bicg-good-corporate-governance-and-board-work-essentials\/\" target=\"_self\" rel=\"noopener\">BICG: Good Corporate Governance and Board Work Essentials<\/a><span class=\"event-color\" style=\"background: #d30c41\"><\/span><\/h4>\r\n                                                                                                                                                    <\/article>\r\n            \t\t\t<\/div>\r\n<\/div>\r\n\r\n    <\/div>\r\n    <div class=\"mec-skin-list-no-events-container mec-util-hidden\" id=\"mec_skin_no_events_11396\">\r\n        No event found!    <\/div>\r\n    \r\n    \r\n<\/div>\n<\/aside>\n\t\t<\/div>\n\t<\/div>\n<\/div><\/div><\/div>\n<\/div>","protected":false},"excerpt":{"rendered":"Good Corporate Governance and Board Work Essentials is a program, which discusses key good corporate governance and board work principles, outlining how to implement them in practice and what value can be created by following them. \u00a0 Benefits of the program: \u25cf Learn about creating strong company governance foundations \u25cf Study practical frameworks for effective [...]","protected":false},"author":1,"featured_media":6916,"parent":0,"menu_order":0,"comment_status":"closed","ping_status":"closed","template":"","meta":{"footnotes":""},"class_list":["post-10889","page","type-page","status-publish","has-post-thumbnail","hentry"],"_links":{"self":[{"href":"https:\/\/vaa.lt\/en\/wp-json\/wp\/v2\/pages\/10889","targetHints":{"allow":["GET"]}}],"collection":[{"href":"https:\/\/vaa.lt\/en\/wp-json\/wp\/v2\/pages"}],"about":[{"href":"https:\/\/vaa.lt\/en\/wp-json\/wp\/v2\/types\/page"}],"author":[{"embeddable":true,"href":"https:\/\/vaa.lt\/en\/wp-json\/wp\/v2\/users\/1"}],"replies":[{"embeddable":true,"href":"https:\/\/vaa.lt\/en\/wp-json\/wp\/v2\/comments?post=10889"}],"version-history":[{"count":0,"href":"https:\/\/vaa.lt\/en\/wp-json\/wp\/v2\/pages\/10889\/revisions"}],"wp:featuredmedia":[{"embeddable":true,"href":"https:\/\/vaa.lt\/en\/wp-json\/"}],"wp:attachment":[{"href":"https:\/\/vaa.lt\/en\/wp-json\/wp\/v2\/media?parent=10889"}],"curies":[{"name":"wp","href":"https:\/\/api.w.org\/{rel}","templated":true}]}}