{"id":10800,"date":"2022-10-28T12:05:07","date_gmt":"2022-10-28T09:05:07","guid":{"rendered":"https:\/1666371845243\/?page_id=10800"},"modified":"2024-05-02T09:06:46","modified_gmt":"2024-05-02T06:06:46","slug":"asmens-duomenu-apsauga","status":"publish","type":"page","link":"https:\/\/vaa.lt\/en\/asmens-duomenu-apsauga\/","title":{"rendered":"Asmens duomen\u0173 apsauga"},"content":{"rendered":"<div class=\"wpb-content-wrapper\"><div class=\"vc_row wpb_row row top-row wpb_custom_034b39d9bc6c6b310d69e39f0ccf274f\"><div class=\"vc_column_container col-md-12\"><div class=\"wpb_wrapper vc_column-inner\">\r\n\t<div class=\"wpb_text_column wpb_content_element wpb_custom_7c91d232724f73626cc933bd95b25ff0\" >\r\n\t\t<div class=\"wpb_wrapper\">\r\n\t\t\t<p style=\"text-align: justify;\">J\u016bs\u0173 duomenis, \u012fgyvendinant Asociacijos veiklos tikslus, tvarkome (renkame, saugome\u00a0 ir atliekame kitus duomen\u0173 tvarkymo veiksmus) laikydamiesi <a href=\"https:\/\/eur-lex.europa.eu\/legal-content\/LT\/TXT\/?uri=celex%3A32016R0679\"><strong>Bendrojo duomen\u0173 apsaugos reglamento<\/strong> <\/a>(toliau \u2013 BDAR).<\/p>\n\r\n\t\t<\/div>\r\n\t<\/div>\r\n<\/div><\/div><\/div><div class=\"vc_row wpb_row row top-row wpb_custom_034b39d9bc6c6b310d69e39f0ccf274f\"><div class=\"vc_column_container col-md-12\"><div class=\"wpb_wrapper vc_column-inner\"><a aria-label=\"Vidaus auditori\u0173 asociacijos &lt;b&gt;Privatumo politika&lt;\/b&gt;\" class=\"porto-sicon-box-link\" href=\"http:\/\/vaa.lt\/wp-content\/uploads\/2022\/11\/Privatumo-politika_VAA_2024-04-16.pdf\"><div class=\"porto-sicon-box  wpb_custom_1efe903570d178ff0a9b7bfa5febd3a4 style_1 default-icon\"><div class=\"porto-sicon-default\"><div class=\"porto-just-icon-wrapper porto-icon none\" style=\"font-size:32px;\"><i class=\"far fa-user\"><\/i><\/div><\/div><div class=\"porto-sicon-header\"><h3 class=\"porto-sicon-title\" style=\"\">Vidaus auditori\u0173 asociacijos <b>Privatumo politika<\/b><\/h3><\/div> <!-- header --><\/div><!-- porto-sicon-box --><\/a><\/div><\/div><\/div><div class=\"vc_row wpb_row row top-row wpb_custom_034b39d9bc6c6b310d69e39f0ccf274f\"><div class=\"vc_column_container col-md-12\"><div class=\"wpb_wrapper vc_column-inner\"><div class=\"vc_empty_space\"   style=\"height: 32px\"><span class=\"vc_empty_space_inner\"><\/span><\/div><\/div><\/div><\/div><div class=\"vc_row wpb_row row top-row wpb_custom_034b39d9bc6c6b310d69e39f0ccf274f\"><div class=\"vc_column_container col-md-12\"><div class=\"wpb_wrapper vc_column-inner\">\r\n\t<div class=\"wpb_text_column wpb_content_element wpb_custom_7c91d232724f73626cc933bd95b25ff0\" >\r\n\t\t<div class=\"wpb_wrapper\">\r\n\t\t\t<p style=\"text-align: justify;\">Visais klausimais, susijusiais su asmens duomen\u0173 apsauga ir Bendrajame duomen\u0173 apsaugos reglamente nurodyt\u0173 teisi\u0173 \u012fgyvendinimu, galite kreiptis info@.<\/p>\n<p style=\"text-align: justify;\">J\u016bs turite \u0161ias teises, numatytas \u012estatyme:<\/p>\n<ul style=\"text-align: justify;\">\n<li>teis\u0119 \u017einoti (<em>b\u016bti informuotam<\/em>) apie savo asmens duomen\u0173 tvarkym\u0105;<\/li>\n<li>teis\u0119 susipa\u017einti su tvarkomais savo asmens duomenimis;<\/li>\n<li>teis\u0119 reikalauti i\u0161taisyti asmens duomenis;<\/li>\n<li>teis\u0119 reikalauti i\u0161trinti asmens duomenis (\u201e<em>teis\u0117 b\u016bti pamir\u0161tam<\/em>\u201c);<\/li>\n<li>teis\u0119 apriboti asmens duomen\u0173 tvarkym\u0105;<\/li>\n<li>teis\u0119 nesutikti su asmens duomen\u0173 tvarkymu;<\/li>\n<li>teis\u0119 \u012f asmens duomen\u0173 perkeliamum\u0105.<\/li>\n<\/ul>\n<p style=\"text-align: justify;\">Jeigu J\u016bs manote, kad J\u016bs\u0173 duomenis Asociacija tvarko pa\u017eeisdama duomen\u0173 apsaugos teis\u0117s akt\u0173 reikalavimus, pirmiausia rekomenduojama kreiptis \u012f Asociacijos valdyb\u0105.<\/p>\n<p style=\"text-align: justify;\"><strong><a href=\"http:\/\/vaa.lt\/wp-content\/uploads\/2023\/01\/Prasymo-forma.pdf\" target=\"_blank\" rel=\"noopener\">Pavyzdin\u0117 pra\u0161ymo forma<\/a><\/strong><\/p>\n<p style=\"text-align: justify;\">Pateikiant pra\u0161ym\u0105 d\u0117l teisi\u0173 \u012fgyvendinimo turi b\u016bti patvirtinta J\u016bs\u0173 tapatyb\u0117:<\/p>\n<ul style=\"text-align: justify;\">\n<li>kai pra\u0161ymas pateikiamas pa\u0161tu (Vilnius, Ukmerg\u0117s g. 223, 4 auk\u0161tas, &#8220;FINORDER&#8221;) \u2013 pridedant asmens tapatyb\u0119 patvirtinan\u010dio dokumento patvirtint\u0105 kopij\u0105;<\/li>\n<li>kai pra\u0161ymas pateikiamas elektronini\u0173 ry\u0161i\u0173 priemon\u0117mis <a href=\"mailto:info@\">info@<\/a>\u00a0 &#8211;\u00a0 pasira\u0161ius elektroniniu para\u0161u.<\/li>\n<\/ul>\n<p style=\"text-align: justify;\">Jeigu manote, kad j\u016bs\u0173 asmens duomenys tvarkomi pa\u017eeid\u017eiant BDAR ir \u012estatymo nuostatas, jus turite teis\u0119 kreiptis \u012f \u00a0<a href=\"https:\/\/vdai.lrv.lt\/\">Valstybin\u0119 duomen\u0173 apsaugos inspekcij\u0105<\/a> jos nustatyta tvarka.<\/p>\n\r\n\t\t<\/div>\r\n\t<\/div>\r\n<\/div><\/div><\/div>\n<\/div>","protected":false},"excerpt":{"rendered":"J\u016bs\u0173 duomenis, \u012fgyvendinant Asociacijos veiklos tikslus, tvarkome (renkame, saugome\u00a0 ir atliekame kitus duomen\u0173 tvarkymo veiksmus) laikydamiesi Bendrojo duomen\u0173 apsaugos reglamento (toliau \u2013 BDAR). Vidaus auditori\u0173 asociacijos Privatumo politika Visais klausimais, susijusiais su asmens duomen\u0173 apsauga ir Bendrajame duomen\u0173 apsaugos reglamente nurodyt\u0173 teisi\u0173 \u012fgyvendinimu, galite kreiptis info@. J\u016bs turite \u0161ias teises, numatytas \u012estatyme: teis\u0119 \u017einoti (b\u016bti [...]","protected":false},"author":1,"featured_media":0,"parent":0,"menu_order":0,"comment_status":"closed","ping_status":"closed","template":"","meta":{"footnotes":""},"class_list":["post-10800","page","type-page","status-publish","hentry"],"_links":{"self":[{"href":"https:\/\/vaa.lt\/en\/wp-json\/wp\/v2\/pages\/10800","targetHints":{"allow":["GET"]}}],"collection":[{"href":"https:\/\/vaa.lt\/en\/wp-json\/wp\/v2\/pages"}],"about":[{"href":"https:\/\/vaa.lt\/en\/wp-json\/wp\/v2\/types\/page"}],"author":[{"embeddable":true,"href":"https:\/\/vaa.lt\/en\/wp-json\/wp\/v2\/users\/1"}],"replies":[{"embeddable":true,"href":"https:\/\/vaa.lt\/en\/wp-json\/wp\/v2\/comments?post=10800"}],"version-history":[{"count":0,"href":"https:\/\/vaa.lt\/en\/wp-json\/wp\/v2\/pages\/10800\/revisions"}],"wp:attachment":[{"href":"https:\/\/vaa.lt\/en\/wp-json\/wp\/v2\/media?parent=10800"}],"curies":[{"name":"wp","href":"https:\/\/api.w.org\/{rel}","templated":true}]}}