{"id":10795,"date":"2022-10-28T11:59:04","date_gmt":"2022-10-28T08:59:04","guid":{"rendered":"https:\/1666371845243\/?page_id=10795"},"modified":"2024-01-11T11:31:09","modified_gmt":"2024-01-11T09:31:09","slug":"apie-sertifikatus","status":"publish","type":"page","link":"https:\/\/vaa.lt\/en\/apie-sertifikatus\/","title":{"rendered":"Apie sertifikatus"},"content":{"rendered":"<div class=\"wpb-content-wrapper\"><div data-vc-full-width=\"true\" data-vc-full-width-temp=\"true\" data-vc-full-width-init=\"false\" class=\"vc_row wpb_row row top-row vc_custom_1674990124939 wpb_custom_034b39d9bc6c6b310d69e39f0ccf274f\"><div class=\"vc_column_container col-md-12\"><div class=\"wpb_wrapper vc_column-inner\"><div class=\"porto-carousel owl-carousel has-ccols has-ccols-spacing ccols-xl-1 ccols-lg-1 ccols-md-1 ccols-sm-1 ccols-1 stage-margin wpb_custom_70a89e142ccf56dcd4c7bfc4b40db368 nav-style-1\" data-plugin-options=\"{&quot;themeConfig&quot;:true,&quot;stagePadding&quot;:40,&quot;margin&quot;:10,&quot;autoplay&quot;:&quot;yes&quot;,&quot;mouseDrag&quot;:true,&quot;touchDrag&quot;:true,&quot;autoplayTimeout&quot;:3000,&quot;autoplayHoverPause&quot;:false,&quot;items&quot;:1,&quot;xl&quot;:1,&quot;lg&quot;:1,&quot;md&quot;:1,&quot;sm&quot;:1,&quot;xs&quot;:1,&quot;nav&quot;:&quot;yes&quot;,&quot;dots&quot;:&quot;yes&quot;,&quot;animateIn&quot;:&quot;&quot;,&quot;animateOut&quot;:&quot;&quot;,&quot;loop&quot;:&quot;yes&quot;,&quot;center&quot;:false,&quot;video&quot;:false,&quot;lazyLoad&quot;:false,&quot;fullscreen&quot;:false}\"><div class=\"porto-u-heading  wpb_custom_95aa9a11c17ad45cfabaf210d84ee7cc porto-u-55ca8359258f9a412be7e73af65d2aac\"><div class=\"porto-u-main-heading\"><h2   style=\"color:#006198;\">B\u016bkite pripa\u017eintas kaip ekspertas<\/h2><\/div><style>.porto-u-55ca8359258f9a412be7e73af65d2aac.porto-u-heading{text-align:center}<\/style><\/div><div class=\"porto-u-heading  wpb_custom_95aa9a11c17ad45cfabaf210d84ee7cc porto-u-55ca8359258f9a412be7e73af65d2aac\"><div class=\"porto-u-main-heading\"><h2   style=\"color:#006198;\">\u012erodykite savo nor\u0105 investuoti \u012f savo tobul\u0117jim\u0105<\/h2><\/div><style>.porto-u-55ca8359258f9a412be7e73af65d2aac.porto-u-heading{text-align:center}<\/style><\/div><div class=\"porto-u-heading  wpb_custom_95aa9a11c17ad45cfabaf210d84ee7cc porto-u-55ca8359258f9a412be7e73af65d2aac\"><div class=\"porto-u-main-heading\"><h2   style=\"color:#006198;\">Parodykite savo \u012fsipareigojim\u0105 savo profesijai<\/h2><\/div><style>.porto-u-55ca8359258f9a412be7e73af65d2aac.porto-u-heading{text-align:center}<\/style><\/div><div class=\"porto-u-heading  wpb_custom_95aa9a11c17ad45cfabaf210d84ee7cc porto-u-55ca8359258f9a412be7e73af65d2aac\"><div class=\"porto-u-main-heading\"><h2   style=\"color:#006198;\">Tobulinkite savo vidaus audito \u012fg\u016bd\u017eius ir \u017einias<\/h2><\/div><style>.porto-u-55ca8359258f9a412be7e73af65d2aac.porto-u-heading{text-align:center}<\/style><\/div><div class=\"porto-u-heading  wpb_custom_95aa9a11c17ad45cfabaf210d84ee7cc porto-u-55ca8359258f9a412be7e73af65d2aac\"><div class=\"porto-u-main-heading\"><h2   style=\"color:#006198;\">Ugdykite pasitik\u0117jim\u0105 savo \u017einiomis apie \u0161i\u0105 profesij\u0105<\/h2><\/div><style>.porto-u-55ca8359258f9a412be7e73af65d2aac.porto-u-heading{text-align:center}<\/style><\/div><div class=\"porto-u-heading  wpb_custom_95aa9a11c17ad45cfabaf210d84ee7cc porto-u-55ca8359258f9a412be7e73af65d2aac\"><div class=\"porto-u-main-heading\"><h2  >Specializuoti vidaus audito funkcijos sertifikatai atpa\u017e\u012fstami visame pasaulyje.<\/h2><\/div><style>.porto-u-55ca8359258f9a412be7e73af65d2aac.porto-u-heading{text-align:center}<\/style><\/div><div class=\"vc_empty_space\"   style=\"height: 50px\"><span class=\"vc_empty_space_inner\"><\/span><\/div><\/div><\/div><\/div><\/div><div class=\"vc_row-full-width vc_clearfix\"><\/div><div data-vc-full-width=\"true\" data-vc-full-width-temp=\"true\" data-vc-full-width-init=\"false\" class=\"vc_row wpb_row row top-row vc_custom_1674990163413 vc_row-has-fill wpb_custom_034b39d9bc6c6b310d69e39f0ccf274f\"><div class=\"vc_column_container col-md-12\"><div class=\"wpb_wrapper vc_column-inner\"><div class=\"porto-u-heading  wpb_custom_95aa9a11c17ad45cfabaf210d84ee7cc porto-u-55ca8359258f9a412be7e73af65d2aac\"><div class=\"porto-u-main-heading\"><h3  >Specializuoti vidaus audito funkcijos sertifikatai atpa\u017e\u012fstami visame pasaulyje.<\/h3><\/div><style>.porto-u-55ca8359258f9a412be7e73af65d2aac.porto-u-heading{text-align:center}<\/style><\/div><\/div><\/div><\/div><div class=\"vc_row-full-width vc_clearfix\"><\/div><div data-vc-full-width=\"true\" data-vc-full-width-temp=\"true\" data-vc-full-width-init=\"false\" class=\"vc_row wpb_row row top-row vc_custom_1674990193997 vc_column-gap-35 vc_row-has-fill vc_row-o-equal-height vc_row-flex wpb_custom_034b39d9bc6c6b310d69e39f0ccf274f\"><div class=\"vc_column_container col-md-4\"><div class=\"wpb_wrapper vc_column-inner\">\r\n\t<div class=\"wpb_single_image wpb_content_element vc_align_center wpb_content_element  wpb_custom_81a4f7ef9830bf958462581aa01150fb\"><div class=\"wpb_wrapper\">\r\n\t\t\t\r\n\t\t\t<div class=\"vc_single_image-wrapper   vc_box_border_grey\"><img decoding=\"async\" class=\"vc_single_image-img\" src=\"https:\/\/vaa.lt\/wp-content\/uploads\/2023\/01\/image-1-300x300.png\" width=\"300\" height=\"300\" alt=\"image (1)\" title=\"image (1)\" \/><\/div>\r\n\t\t<\/div>\r\n\t<\/div>\r\n\r\n\t<div class=\"wpb_text_column wpb_content_element wpb_custom_7c91d232724f73626cc933bd95b25ff0\" >\r\n\t\t<div class=\"wpb_wrapper\">\r\n\t\t\t<p style=\"text-align: center;\"><strong><a href=\"https:\/\/www.theiia.org\/en\/certifications\/iap\/\">Internal Audit Practitioner<\/a><\/strong><\/p>\n<p style=\"text-align: justify;\">Programa skirta studentams ar pradedantiesiems vidaus auditoriams. Tai puikus b\u016bdas parodyti vidaus audito \u017einias.<\/p>\n\r\n\t\t<\/div>\r\n\t<\/div>\r\n<\/div><\/div><div class=\"vc_column_container col-md-4\"><div class=\"wpb_wrapper vc_column-inner\">\r\n\t<div class=\"wpb_single_image wpb_content_element vc_align_center wpb_content_element  wpb_custom_81a4f7ef9830bf958462581aa01150fb\"><div class=\"wpb_wrapper\">\r\n\t\t\t\r\n\t\t\t<div class=\"vc_single_image-wrapper   vc_box_border_grey\"><img decoding=\"async\" class=\"vc_single_image-img\" src=\"https:\/\/vaa.lt\/wp-content\/uploads\/2023\/01\/image-300x300.png\" width=\"300\" height=\"300\" alt=\"image\" title=\"image\" \/><\/div>\r\n\t\t<\/div>\r\n\t<\/div>\r\n\r\n\t<div class=\"wpb_text_column wpb_content_element wpb_custom_7c91d232724f73626cc933bd95b25ff0\" >\r\n\t\t<div class=\"wpb_wrapper\">\r\n\t\t\t<p style=\"text-align: center;\"><strong><a href=\"https:\/\/www.theiia.org\/en\/certifications\/cia\/\">Certified Internal Auditor\u00a0 (CIA\u00ae)<\/a><\/strong><\/p>\n<p style=\"text-align: justify;\">Vienintelis\u00a0 visame pasaulyje pripa\u017e\u012fstamas \u00a0vidaus audito sertifikatas, \u012frodantis turimas \u017einias, \u012fg\u016bd\u017eius ir kompetencij\u0105, kad b\u016bt\u0173 galima efektyviai atlikti profesines pareigas atliekant bet kok\u012f vidaus audit\u0105 bet kurioje pasaulio vietoje.<\/p>\n\r\n\t\t<\/div>\r\n\t<\/div>\r\n<\/div><\/div><div class=\"vc_column_container col-md-4\"><div class=\"wpb_wrapper vc_column-inner\">\r\n\t<div class=\"wpb_single_image wpb_content_element vc_align_center wpb_content_element  wpb_custom_81a4f7ef9830bf958462581aa01150fb\"><div class=\"wpb_wrapper\">\r\n\t\t\t\r\n\t\t\t<div class=\"vc_single_image-wrapper   vc_box_border_grey\"><img decoding=\"async\" class=\"vc_single_image-img\" src=\"https:\/\/vaa.lt\/wp-content\/uploads\/2023\/01\/image-2-300x300.png\" width=\"300\" height=\"300\" alt=\"image (2)\" title=\"image (2)\" \/><\/div>\r\n\t\t<\/div>\r\n\t<\/div>\r\n\r\n\t<div class=\"wpb_text_column wpb_content_element wpb_custom_7c91d232724f73626cc933bd95b25ff0\" >\r\n\t\t<div class=\"wpb_wrapper\">\r\n\t\t\t<p style=\"text-align: center;\"><strong><a href=\"https:\/\/www.theiia.org\/en\/certifications\/crma\/\">Certification in Risk Management Assurance (CRMA\u00ae) <\/a><u>\u00a0<\/u><\/strong><\/p>\n<p style=\"text-align: justify;\">Vienintelis vidaus auditori\u0173 profesinis sertifikatas parodantis geb\u0117jim\u0105 \u012fvertinti organizacijos rizikos valdym\u0105, teikti u\u017etikrinim\u0105 ir patarimus rizikos valdymo klausimais.<\/p>\n\r\n\t\t<\/div>\r\n\t<\/div>\r\n<\/div><\/div><\/div><div class=\"vc_row-full-width vc_clearfix\"><\/div><div class=\"vc_row wpb_row row top-row wpb_custom_034b39d9bc6c6b310d69e39f0ccf274f\"><div class=\"vc_column_container col-md-12\"><div class=\"wpb_wrapper vc_column-inner\">\r\n\t<div class=\"wpb_text_column wpb_content_element wpb_custom_7c91d232724f73626cc933bd95b25ff0\" >\r\n\t\t<div class=\"wpb_wrapper\">\r\n\t\t\t<p><span style=\"font-size: 18px;\"><a href=\"https:\/\/www.theiia.org\/globalassets\/documents\/certifications\/certification-handbook\/2023\/certification-candidate-handbook_2023_English.pdf\"><strong>Certification candidate handbook<\/strong><\/a> pateikia informacij\u0105 apie sertifikavimo program\u0173 s\u0105lygas. \u0160is vadovas supa\u017eindins jus su visu sertifikavimo procesu nuo prad\u017eios iki pabaigos bei suteiks nauding\u0173 patarim\u0173 kiekviename \u017eingsnyje. Kvie\u010diame atid\u017eiai j\u012f perskaityti.<\/span><\/p>\n<p><span style=\"font-size: 18px;\">Tarptautinis vidaus audito institutas (IIA), be auk\u0161\u010diau min\u0117t\u0173 sertifikat\u0173, suteikia galimyb\u0119,\u00a0pasirenkant atskiras\u00a0mokymo\u00a0programas,\u00a0\u012fgyti kompetencijas konkre\u010diose srityse ir jas \u012frodyti baigimo sertifikatu.<\/span><\/p>\n<p><span style=\"font-size: 18px;\">Programos apima:<\/span><\/p>\n<ul>\n<li><span style=\"font-size: 18px;\">Duomen\u0173 analiz\u0119 ir ra\u0161tingum\u0105.<\/span><\/li>\n<li><span style=\"font-size: 18px;\">Kibernetinio saugumo programos audit\u0105.<\/span><\/li>\n<li><span style=\"font-size: 18px;\">IT bendr\u0105j\u0105 kontrol\u0119.<\/span><\/li>\n<li><span style=\"font-size: 18px;\">Finansini\u0173 paslaug\u0173 audit\u0105.<\/span><\/li>\n<li><span style=\"font-size: 18px;\">COSO vidaus kontrol\u0119 ir rizikos valdym\u0105.<\/span><\/li>\n<\/ul>\n<p><span style=\"font-size: 18px;\">Daugiau informacijos rasite <span style=\"text-decoration: underline;\"><strong><a href=\"https:\/\/www.theiia.org\/en\/learning\/certificates\/\">\u010dia<\/a><\/strong><\/span>.<\/span><\/p>\n<p><span style=\"font-size: 18px;\">Certification in Control Self-Assessment\u00ae (CCSA\u00ae), Certified Government Auditing Professional\u00ae (CGAP\u00ae), Certified Financial Services Auditor\u00ae (CFSA\u00ae), Qualification in Internal Audit Leadership\u00ae (QIAL\u00ae) sertifikavimo programos nutrauktos ir pakartotinai nesertifikuojamos.<\/span><\/p>\n\r\n\t\t<\/div>\r\n\t<\/div>\r\n<div class=\"vc_empty_space\"   style=\"height: 32px\"><span class=\"vc_empty_space_inner\"><\/span><\/div><\/div><\/div><\/div><div class=\"vc_row wpb_row row top-row wpb_custom_034b39d9bc6c6b310d69e39f0ccf274f\"><div class=\"vc_column_container col-md-12\"><div class=\"wpb_wrapper vc_column-inner\"><div class=\"porto-u-heading  wpb_custom_95aa9a11c17ad45cfabaf210d84ee7cc porto-u-55ca8359258f9a412be7e73af65d2aac\"><div class=\"porto-u-main-heading\"><h3  >Sertifikat\u0173 galiojimas<\/h3><\/div><div class=\"porto-u-sub-heading\" style=\"\">\n<p><\/div><style>.porto-u-55ca8359258f9a412be7e73af65d2aac.porto-u-heading{text-align:center}<\/style><\/div>\r\n\t<div class=\"wpb_text_column wpb_content_element wpb_custom_7c91d232724f73626cc933bd95b25ff0\" >\r\n\t\t<div class=\"wpb_wrapper\">\r\n\t\t\t<p style=\"text-align: justify;\">\u012egij\u0119 IIA profesinius sertifikatus (CIA\u00ae ir CRMA\u00ae) privalo t\u0119sti profesin\u012f tobul\u0117jim\u0105 ir kas metus <a href=\"https:\/\/www.theiia.org\/en\/certifications\/already-certified\/cpe-requirements\/\">atnaujinti sertifikat\u0173 galiojim\u0105<\/a> teikiant metin\u012f patvirtinim\u0105 apie CPE kreditus ir i\u0161klausytus 2 val. trukm\u0117s etikos mokymus.<\/p>\n<p style=\"text-align: justify;\">CPE galima \u012fgyti:<\/p>\n<ul style=\"text-align: justify;\">\n<li>Dalyvaujant mokymuose, seminaruose, konferencijose ir pan.<\/li>\n<li>Skaitant prane\u0161imus seminaruose, konferencijose, vidiniuose mokymuose ir pan.<\/li>\n<li>Rengiant publikacijas arba prisidedant prie j\u0173 rengimo.<\/li>\n<li>Atliekant leidini\u0173 vertimus.<\/li>\n<li>Dalyvaujant savanoriu kaip dalyko ekspertas.<\/li>\n<li>Atliekant i\u0161or\u0117s kokyb\u0117s vertinimus.<\/li>\n<\/ul>\n<p style=\"text-align: justify;\">Daugiau informacijos <a href=\"http:\/\/vaa.lt\/wp-content\/uploads\/2024\/01\/annual-certification-renewal-policy_eng_2023_v3.pdf\">\u010dia<\/a><\/p>\n<p style=\"text-align: justify;\">CPE u\u017e dalyvavim\u0105 mokymuose \u00a0galite \u012fgyti:<\/p>\n<ul style=\"text-align: justify;\">\n<li>Dalyvaudami Vidaus auditori\u0173 asociacijos organizuojamuose mokymuose, seminaruose ir konferencijoje . CPE pa\u017eym\u0117jimai i\u0161duodami i\u0161klausius vis\u0105 mokym\u0173 laik\u0105. U\u017e 50 min. gaunamas\u00a0 1 CPE.<\/li>\n<li>Dalyvaudami nemokamuose webinaruose\u00a0\u00a0<a href=\"http:\/\/www.accountingcred.org\/\"><strong>accountingcred.org<\/strong><\/a>.<\/li>\n<\/ul>\n<p style=\"text-align: justify;\">Pasitikrinti sertifikat\u0173 galiojim\u0105 galite <strong><a href=\"https:\/\/certified.theiia.org\/\">vie\u0161ame registre<\/a>.<\/strong><\/p>\n\r\n\t\t<\/div>\r\n\t<\/div>\r\n<\/div><\/div><\/div>\n<\/div>","protected":false},"excerpt":{"rendered":"B\u016bkite pripa\u017eintas kaip ekspertas\u012erodykite savo nor\u0105 investuoti \u012f savo tobul\u0117jim\u0105Parodykite savo \u012fsipareigojim\u0105 savo profesijaiTobulinkite savo vidaus audito \u012fg\u016bd\u017eius ir \u017einiasUgdykite pasitik\u0117jim\u0105 savo \u017einiomis apie \u0161i\u0105 profesij\u0105Specializuoti vidaus audito funkcijos sertifikatai atpa\u017e\u012fstami visame pasaulyje.Specializuoti vidaus audito funkcijos sertifikatai atpa\u017e\u012fstami visame pasaulyje. Internal Audit Practitioner Programa skirta studentams ar pradedantiesiems vidaus auditoriams. Tai puikus b\u016bdas parodyti vidaus [...]","protected":false},"author":1,"featured_media":0,"parent":0,"menu_order":0,"comment_status":"closed","ping_status":"closed","template":"","meta":{"footnotes":""},"class_list":["post-10795","page","type-page","status-publish","hentry"],"_links":{"self":[{"href":"https:\/\/vaa.lt\/en\/wp-json\/wp\/v2\/pages\/10795","targetHints":{"allow":["GET"]}}],"collection":[{"href":"https:\/\/vaa.lt\/en\/wp-json\/wp\/v2\/pages"}],"about":[{"href":"https:\/\/vaa.lt\/en\/wp-json\/wp\/v2\/types\/page"}],"author":[{"embeddable":true,"href":"https:\/\/vaa.lt\/en\/wp-json\/wp\/v2\/users\/1"}],"replies":[{"embeddable":true,"href":"https:\/\/vaa.lt\/en\/wp-json\/wp\/v2\/comments?post=10795"}],"version-history":[{"count":0,"href":"https:\/\/vaa.lt\/en\/wp-json\/wp\/v2\/pages\/10795\/revisions"}],"wp:attachment":[{"href":"https:\/\/vaa.lt\/en\/wp-json\/wp\/v2\/media?parent=10795"}],"curies":[{"name":"wp","href":"https:\/\/api.w.org\/{rel}","templated":true}]}}