{"id":10791,"date":"2022-10-28T11:55:27","date_gmt":"2022-10-28T08:55:27","guid":{"rendered":"https:\/1666371845243\/?page_id=10791"},"modified":"2023-01-29T15:42:59","modified_gmt":"2023-01-29T13:42:59","slug":"crma-mokymosi-medziaga","status":"publish","type":"page","link":"https:\/\/vaa.lt\/en\/crma-mokymosi-medziaga\/","title":{"rendered":"CRMA mokymosi med\u017eiaga"},"content":{"rendered":"<div class=\"wpb-content-wrapper\"><div data-vc-full-width=\"true\" data-vc-full-width-temp=\"true\" data-vc-full-width-init=\"false\" class=\"vc_row wpb_row row top-row vc_custom_1546192799524 wpb_custom_034b39d9bc6c6b310d69e39f0ccf274f\"><div class=\"vc_column_container col-md-8 col-xl-8 col-lg-12 col-12 vc_custom_1519744878939\"><div class=\"wpb_wrapper vc_column-inner\">\r\n\t<div class=\"wpb_text_column wpb_content_element wpb_custom_7c91d232724f73626cc933bd95b25ff0\" >\r\n\t\t<div class=\"wpb_wrapper\">\r\n\t\t\t<p>Informacija ruo\u0161iama.<\/p>\n\r\n\t\t<\/div>\r\n\t<\/div>\r\n<\/div><\/div><div class=\"vc_column_container col-md-4 col-xl-4 col-lg-12 col-12\"><div class=\"wpb_wrapper vc_column-inner\"><div  class=\"wpb_widgetised_column wpb_content_element\">\n\t\t<div class=\"wpb_wrapper\">\n\t\t\t\n\t\t\t<aside id=\"block-2\" class=\"widget widget_block\">\n<h2 class=\"wp-block-heading has-primary-color has-text-color\" style=\"font-style:normal;font-weight:400\">Artimiausi renginiai<\/h2>\n<\/aside><aside id=\"block-3\" class=\"widget widget_block\"><div class=\"mec-wrap mec-skin-list-container\" id=\"mec_skin_11396\">\r\n\r\n    \r\n            <div class=\"mec-skin-list-events-container\" id=\"mec_skin_events_11396\">\r\n        <div class=\"mec-wrap colorskin-custom\">\r\n\t<div class=\"mec-event-list-classic\">\r\n\t\t\r\n                        <div class=\"mec-month-divider\" data-toggle-divider=\"mec-toggle-202605-11396\"><h5 style=\"display: inline;\">May 2026<\/h5><i class=\"mec-sl-arrow-down\"><\/i><\/div>\r\n            \r\n                        <article class=\"mec-event-article  mec-clear  mec-divider-toggle mec-toggle-202605-11396\" itemscope>\r\n                                                        <div class=\"mec-event-image\"><a class=\"mec-color-hover\" data-event-id=\"16849\" href=\"https:\/\/vaa.lt\/en\/renginiai\/metodologine-programa-rizika-gristam-sprendimu-priemimui-ir-organizaciju-atsparumui-stiprin\/\" target=\"_self\" rel=\"noopener\"><\/a><\/div>\r\n                                            <div class=\"mec-event-date mec-color\"><i class=\"mec-sl-calendar\"><\/i> <span class=\"mec-start-date-label\">May 19 2026<\/span><\/div>\r\n                        <div class=\"mec-event-time mec-color\"><\/div>\r\n                                                                                <h4 class=\"mec-event-title\"><a class=\"mec-color-hover\" data-event-id=\"16849\" href=\"https:\/\/vaa.lt\/en\/renginiai\/metodologine-programa-rizika-gristam-sprendimu-priemimui-ir-organizaciju-atsparumui-stiprin\/\" target=\"_self\" rel=\"noopener\">Metodologin\u0117 programa rizika gr\u012fstam sprendim\u0173 pri\u0117mimui ir organizacij\u0173 atsparumui stiprinti<\/a><span class=\"event-color\" style=\"background: #d30c41\"><\/span><\/h4>\r\n                    <div class=\"mec-event-detail\"><div class=\"mec-event-loc-place\"><i class=\"mec-sl-map-marker\"><\/i> Online<\/div><\/div>                                                                                                                                <\/article>\r\n                        <article class=\"mec-event-article  mec-clear  mec-divider-toggle mec-toggle-202605-11396\" itemscope>\r\n                                                        <div class=\"mec-event-image\"><a class=\"mec-color-hover\" data-event-id=\"17141\" href=\"https:\/\/vaa.lt\/en\/renginiai\/the-iia-public-sector-webinar-enhancing-collaboration-with-government-audit-committees\/\" target=\"_self\" rel=\"noopener\"><img decoding=\"async\" width=\"150\" height=\"150\" src=\"https:\/\/vaa.lt\/wp-content\/uploads\/2026\/05\/webinar-150x150.jpg\" class=\"attachment-thumbnail size-thumbnail wp-post-image\" alt=\"\" data-mec-postid=\"17141\" \/><\/a><\/div>\r\n                                            <div class=\"mec-event-date mec-color\"><i class=\"mec-sl-calendar\"><\/i> <span class=\"mec-start-date-label\">May 19 2026<\/span><\/div>\r\n                        <div class=\"mec-event-time mec-color\"><\/div>\r\n                                                                                <h4 class=\"mec-event-title\"><a class=\"mec-color-hover\" data-event-id=\"17141\" href=\"https:\/\/vaa.lt\/en\/renginiai\/the-iia-public-sector-webinar-enhancing-collaboration-with-government-audit-committees\/\" target=\"_self\" rel=\"noopener\">The IIA: Public Sector Webinar: Enhancing Collaboration with Government Audit Committees<\/a><span class=\"event-color\" style=\"background: #d30c41\"><\/span><\/h4>\r\n                    <div class=\"mec-event-detail\"><div class=\"mec-event-loc-place\"><i class=\"mec-sl-map-marker\"><\/i> Online<\/div><\/div>                                                                                                                                <\/article>\r\n            \t\t\r\n                        <div class=\"mec-month-divider\" data-toggle-divider=\"mec-toggle-202606-11396\"><h5 style=\"display: inline;\">June 2026<\/h5><i class=\"mec-sl-arrow-down\"><\/i><\/div>\r\n            \r\n                        <article class=\"mec-event-article  mec-clear  mec-divider-toggle mec-toggle-202606-11396\" itemscope>\r\n                                                        <div class=\"mec-event-image\"><a class=\"mec-color-hover\" data-event-id=\"16279\" href=\"https:\/\/vaa.lt\/en\/renginiai\/bicg-good-corporate-governance-and-board-work-essentials\/\" target=\"_self\" rel=\"noopener\"><img decoding=\"async\" width=\"150\" height=\"150\" src=\"https:\/\/vaa.lt\/wp-content\/uploads\/2025\/12\/Boardroom-2-150x150.jpg\" class=\"attachment-thumbnail size-thumbnail wp-post-image\" alt=\"\" data-mec-postid=\"16279\" \/><\/a><\/div>\r\n                                            <div class=\"mec-event-date mec-color\"><i class=\"mec-sl-calendar\"><\/i> <span class=\"mec-start-date-label\">Jun 04 - 05 2026<\/span><\/div>\r\n                        <div class=\"mec-event-time mec-color\"><\/div>\r\n                                                                                <h4 class=\"mec-event-title\"><a class=\"mec-color-hover\" data-event-id=\"16279\" href=\"https:\/\/vaa.lt\/en\/renginiai\/bicg-good-corporate-governance-and-board-work-essentials\/\" target=\"_self\" rel=\"noopener\">BICG: Good Corporate Governance and Board Work Essentials<\/a><span class=\"event-color\" style=\"background: #d30c41\"><\/span><\/h4>\r\n                                                                                                                                                    <\/article>\r\n                        <article class=\"mec-event-article  mec-clear  mec-divider-toggle mec-toggle-202606-11396\" itemscope>\r\n                                                        <div class=\"mec-event-image\"><a class=\"mec-color-hover\" data-event-id=\"17028\" href=\"https:\/\/vaa.lt\/en\/renginiai\/vidaus-audito-funkcijos-isorinis-vertinimas\/\" target=\"_self\" rel=\"noopener\"><img decoding=\"async\" width=\"150\" height=\"150\" src=\"https:\/\/vaa.lt\/wp-content\/uploads\/2026\/04\/evaluation-150x150.jpg\" class=\"attachment-thumbnail size-thumbnail wp-post-image\" alt=\"\" data-mec-postid=\"17028\" \/><\/a><\/div>\r\n                                            <div class=\"mec-event-date mec-color\"><i class=\"mec-sl-calendar\"><\/i> <span class=\"mec-start-date-label\">Jun 04 2026<\/span><\/div>\r\n                        <div class=\"mec-event-time mec-color\"><\/div>\r\n                                                                                <h4 class=\"mec-event-title\"><a class=\"mec-color-hover\" data-event-id=\"17028\" href=\"https:\/\/vaa.lt\/en\/renginiai\/vidaus-audito-funkcijos-isorinis-vertinimas\/\" target=\"_self\" rel=\"noopener\">Vidaus audito funkcijos i\u0161orinis vertinimas<\/a><\/h4>\r\n                                                                                                                                                    <\/article>\r\n            \t\t\r\n                        <div class=\"mec-month-divider\" data-toggle-divider=\"mec-toggle-202610-11396\"><h5 style=\"display: inline;\">October 2026<\/h5><i class=\"mec-sl-arrow-down\"><\/i><\/div>\r\n            \r\n                        <article class=\"mec-event-article  mec-clear  mec-divider-toggle mec-toggle-202610-11396\" itemscope>\r\n                                                        <div class=\"mec-event-image\"><a class=\"mec-color-hover\" data-event-id=\"17090\" href=\"https:\/\/vaa.lt\/en\/renginiai\/audito-ir-rizikos-komiteto-veiklos-vertes-kurimas-kaip-priziureti-finansus-tvaruma-rizikas-ir-kontrole\/\" target=\"_self\" rel=\"noopener\"><img decoding=\"async\" width=\"150\" height=\"150\" src=\"https:\/\/vaa.lt\/wp-content\/uploads\/2026\/04\/Komitetetai-150x150.jpg\" class=\"attachment-thumbnail size-thumbnail wp-post-image\" alt=\"\" data-mec-postid=\"17090\" \/><\/a><\/div>\r\n                                            <div class=\"mec-event-date mec-color\"><i class=\"mec-sl-calendar\"><\/i> <span class=\"mec-start-date-label\">Oct 14 2026<\/span><\/div>\r\n                        <div class=\"mec-event-time mec-color\"><\/div>\r\n                                                                                <h4 class=\"mec-event-title\"><a class=\"mec-color-hover\" data-event-id=\"17090\" href=\"https:\/\/vaa.lt\/en\/renginiai\/audito-ir-rizikos-komiteto-veiklos-vertes-kurimas-kaip-priziureti-finansus-tvaruma-rizikas-ir-kontrole\/\" target=\"_self\" rel=\"noopener\">Audito ir rizikos komiteto veiklos vert\u0117s k\u016brimas: kaip pri\u017ei\u016br\u0117ti finansus, tvarum\u0105, rizikas ir kontrol\u0119?<\/a><\/h4>\r\n                                                                                                                                                    <\/article>\r\n            \t\t\r\n                        <div class=\"mec-month-divider\" data-toggle-divider=\"mec-toggle-202611-11396\"><h5 style=\"display: inline;\">November 2026<\/h5><i class=\"mec-sl-arrow-down\"><\/i><\/div>\r\n            \r\n                        <article class=\"mec-event-article  mec-clear  mec-divider-toggle mec-toggle-202611-11396\" itemscope>\r\n                                                        <div class=\"mec-event-image\"><a class=\"mec-color-hover\" data-event-id=\"17087\" href=\"https:\/\/vaa.lt\/en\/renginiai\/kibernetinio-saugumo-mokymai-vidaus-auditoriams-3\/\" target=\"_self\" rel=\"noopener\"><img decoding=\"async\" width=\"150\" height=\"150\" src=\"https:\/\/vaa.lt\/wp-content\/uploads\/2024\/12\/iStock-1448519280_1-150x150.jpg\" class=\"attachment-thumbnail size-thumbnail wp-post-image\" alt=\"\" data-mec-postid=\"17087\" \/><\/a><\/div>\r\n                                            <div class=\"mec-event-date mec-color\"><i class=\"mec-sl-calendar\"><\/i> <span class=\"mec-start-date-label\">Nov 17 - 26 2026<\/span><\/div>\r\n                        <div class=\"mec-event-time mec-color\"><\/div>\r\n                                                                                <h4 class=\"mec-event-title\"><a class=\"mec-color-hover\" data-event-id=\"17087\" href=\"https:\/\/vaa.lt\/en\/renginiai\/kibernetinio-saugumo-mokymai-vidaus-auditoriams-3\/\" target=\"_self\" rel=\"noopener\">Kibernetinio saugumo mokymai vidaus auditoriams<\/a><\/h4>\r\n                                                                                                                                                    <\/article>\r\n            \t\t\t<\/div>\r\n<\/div>\r\n\r\n    <\/div>\r\n    <div class=\"mec-skin-list-no-events-container mec-util-hidden\" id=\"mec_skin_no_events_11396\">\r\n        No event found!    <\/div>\r\n    \r\n    \r\n<\/div>\n<\/aside>\n\t\t<\/div>\n\t<\/div>\n<\/div><\/div><\/div><div class=\"vc_row-full-width vc_clearfix\"><\/div>\n<\/div>","protected":false},"excerpt":{"rendered":"Vidaus auditori\u0173 asociacija (VAA), kartu su partneriais Kibernetinio saugumo ekspert\u0173 asociacija (KSEA) organizuoja 32 ak.v. Kibernetin\u0117s saugos mokymus vidaus auditoriams. Mokym\u0173 tikslas. \u012egyti \u017eini\u0173 apie kibernetin\u0119 saug\u0105, bei suprasti, kaip geriausiai atlikti vidaus auditus kibernetin\u0117s saugos srityje, atsi\u017evelgiant \u012f naujausius Pasaulini\u0173 vidaus audito standart\u0173 reikalavimus, susijusias kibernetin\u0117s saugos gaires bei Lietuvos Respublikos i\u0161or\u0117s teis\u0117s aktus. [...]","protected":false},"author":1,"featured_media":0,"parent":0,"menu_order":0,"comment_status":"closed","ping_status":"closed","template":"","meta":{"footnotes":""},"class_list":["post-10791","page","type-page","status-publish","hentry"],"_links":{"self":[{"href":"https:\/\/vaa.lt\/en\/wp-json\/wp\/v2\/pages\/10791","targetHints":{"allow":["GET"]}}],"collection":[{"href":"https:\/\/vaa.lt\/en\/wp-json\/wp\/v2\/pages"}],"about":[{"href":"https:\/\/vaa.lt\/en\/wp-json\/wp\/v2\/types\/page"}],"author":[{"embeddable":true,"href":"https:\/\/vaa.lt\/en\/wp-json\/wp\/v2\/users\/1"}],"replies":[{"embeddable":true,"href":"https:\/\/vaa.lt\/en\/wp-json\/wp\/v2\/comments?post=10791"}],"version-history":[{"count":0,"href":"https:\/\/vaa.lt\/en\/wp-json\/wp\/v2\/pages\/10791\/revisions"}],"wp:attachment":[{"href":"https:\/\/vaa.lt\/en\/wp-json\/wp\/v2\/media?parent=10791"}],"curies":[{"name":"wp","href":"https:\/\/api.w.org\/{rel}","templated":true}]}}