{"id":10781,"date":"2022-10-27T21:03:52","date_gmt":"2022-10-27T18:03:52","guid":{"rendered":"https:\/1666371845243\/?page_id=10781"},"modified":"2025-06-10T10:57:57","modified_gmt":"2025-06-10T07:57:57","slug":"veiklos-dokumentai-ir-ataskaitos","status":"publish","type":"page","link":"https:\/\/vaa.lt\/en\/veiklos-dokumentai-ir-ataskaitos\/","title":{"rendered":"Veiklos dokumentai ir ataskaitos"},"content":{"rendered":"<div class=\"wpb-content-wrapper\"><div class=\"vc_row wpb_row row top-row wpb_custom_034b39d9bc6c6b310d69e39f0ccf274f\"><div class=\"vc_column_container col-md-12\"><div class=\"wpb_wrapper vc_column-inner\"><div class=\"porto-u-heading  wpb_custom_95aa9a11c17ad45cfabaf210d84ee7cc porto-u-ad87e2eaf3f9c495180fe0156ddf3eb0\"><div class=\"porto-u-main-heading\"><h2   style=\"color:#000000;\">Veiklos dokumentai<\/h2><\/div><style>.porto-u-ad87e2eaf3f9c495180fe0156ddf3eb0.porto-u-heading{text-align:left}<\/style><\/div><div class=\"vc_empty_space  xxx\"   style=\"height: 32px\"><span class=\"vc_empty_space_inner\"><\/span><\/div><\/div><\/div><\/div><div class=\"vc_row wpb_row row top-row wpb_custom_034b39d9bc6c6b310d69e39f0ccf274f\"><div class=\"vc_column_container col-md-4\"><div class=\"wpb_wrapper vc_column-inner\"><a aria-label=\"Veiklos \u012fstatai\" class=\"porto-sicon-box-link\" href=\"http:\/\/vaa.lt\/wp-content\/uploads\/2023\/04\/Veiklos-istatai.pdf\" target='_blank' title='Pagrindiniai vidaus audito principai'><div class=\"porto-sicon-box  wpb_custom_1efe903570d178ff0a9b7bfa5febd3a4 style_1 default-icon\"><div class=\"porto-sicon-default\"><div class=\"porto-just-icon-wrapper porto-icon square\" style=\"color:#006198;background:#006198;font-size:32px;\"><i class=\"fas fa-folder-open\"><\/i><\/div><\/div><div class=\"porto-sicon-header\"><h3 class=\"porto-sicon-title\" style=\"\">Veiklos \u012fstatai<\/h3><\/div> <!-- header --><\/div><!-- porto-sicon-box --><\/a><\/div><\/div><div class=\"vc_column_container col-md-4\"><div class=\"wpb_wrapper vc_column-inner\"><a aria-label=\"Strateginis planas 2024 - 2026 metams\" class=\"porto-sicon-box-link\" href=\"http:\/\/vaa.lt\/wp-content\/uploads\/2024\/11\/VAA-strategija-2024-2026.pdf\" target='_blank' title='Pagrindiniai vidaus audito principai'><div class=\"porto-sicon-box  wpb_custom_1efe903570d178ff0a9b7bfa5febd3a4 style_1 default-icon\"><div class=\"porto-sicon-default\"><div class=\"porto-just-icon-wrapper porto-icon square\" style=\"color:#ffffff;background:#006198;font-size:32px;\"><i class=\"fas fa-bullseye\"><\/i><\/div><\/div><div class=\"porto-sicon-header\"><h3 class=\"porto-sicon-title\" style=\"\">Strateginis planas 2024 - 2026 metams<\/h3><\/div> <!-- header --><\/div><!-- porto-sicon-box --><\/a><\/div><\/div><div class=\"vc_column_container col-md-4\"><div class=\"wpb_wrapper vc_column-inner\"><a aria-label=\"Interes\u0173 konflikt\u0173 valdymo politika\" class=\"porto-sicon-box-link\" href=\"http:\/\/vaa.lt\/wp-content\/uploads\/2021\/01\/Interesu-konfliktu-valdymo-politika-2021-01-05.pdf\" target='_blank' title='Pagrindiniai vidaus audito principai'><div class=\"porto-sicon-box  wpb_custom_1efe903570d178ff0a9b7bfa5febd3a4 style_1 default-icon\"><div class=\"porto-sicon-default\"><div class=\"porto-just-icon-wrapper porto-icon square\" style=\"color:#ffffff;background:#006198;font-size:32px;\"><i class=\"fas fa-bullseye\"><\/i><\/div><\/div><div class=\"porto-sicon-header\"><h3 class=\"porto-sicon-title\" style=\"\">Interes\u0173 konflikt\u0173 valdymo politika<\/h3><\/div> <!-- header --><\/div><!-- porto-sicon-box --><\/a><\/div><\/div><\/div><div class=\"vc_row wpb_row row top-row wpb_custom_034b39d9bc6c6b310d69e39f0ccf274f\"><div class=\"vc_column_container col-md-12\"><div class=\"wpb_wrapper vc_column-inner\"><div class=\"vc_empty_space  xxx\"   style=\"height: 60px\"><span class=\"vc_empty_space_inner\"><\/span><\/div><div class=\"porto-u-heading  wpb_custom_95aa9a11c17ad45cfabaf210d84ee7cc porto-u-ad87e2eaf3f9c495180fe0156ddf3eb0\"><div class=\"porto-u-main-heading\"><h2   style=\"color:#000000;\">Veiklos ataskaitos<\/h2><\/div><style>.porto-u-ad87e2eaf3f9c495180fe0156ddf3eb0.porto-u-heading{text-align:left}<\/style><\/div><div class=\"vc_empty_space  xxx\"   style=\"height: 32px\"><span class=\"vc_empty_space_inner\"><\/span><\/div><\/div><\/div><\/div><div class=\"vc_row wpb_row row top-row wpb_custom_034b39d9bc6c6b310d69e39f0ccf274f\"><div class=\"vc_column_container col-md-4\"><div class=\"wpb_wrapper vc_column-inner\"><a aria-label=\"Veiklos ataskaita u\u017e 2023 m.\" class=\"porto-sicon-box-link\" href=\"http:\/\/vaa.lt\/wp-content\/uploads\/2024\/02\/Veiklos-ataskaita-uz-2023-metus.pdf\" title='Pagrindiniai vidaus audito principai'><div class=\"porto-sicon-box  wpb_custom_1efe903570d178ff0a9b7bfa5febd3a4 style_1 default-icon\"><div class=\"porto-sicon-default\"><div class=\"porto-just-icon-wrapper porto-icon circle\" style=\"color:#ffffff;background:#006198;font-size:32px;\"><i class=\"fas fa-file-alt\"><\/i><\/div><\/div><div class=\"porto-sicon-header\"><h3 class=\"porto-sicon-title\" style=\"\">Veiklos ataskaita u\u017e 2023 m.<\/h3><\/div> <!-- header --><\/div><!-- porto-sicon-box --><\/a><\/div><\/div><div class=\"vc_column_container col-md-4\"><div class=\"wpb_wrapper vc_column-inner\"><a aria-label=\"Veiklos ataskaita u\u017e 2024 m.\" class=\"porto-sicon-box-link\" href=\"https:\/\/vaa.lt\/wp-content\/uploads\/2025\/06\/Veiklos-ataskaita-uz-2024-m.pdf\" title='Pagrindiniai vidaus audito principai'><div class=\"porto-sicon-box  wpb_custom_1efe903570d178ff0a9b7bfa5febd3a4 style_1 default-icon\"><div class=\"porto-sicon-default\"><div class=\"porto-just-icon-wrapper porto-icon circle\" style=\"color:#ffffff;background:#006198;font-size:32px;\"><i class=\"fas fa-file-alt\"><\/i><\/div><\/div><div class=\"porto-sicon-header\"><h3 class=\"porto-sicon-title\" style=\"\">Veiklos ataskaita u\u017e 2024 m.<\/h3><\/div> <!-- header --><\/div><!-- porto-sicon-box --><\/a><\/div><\/div><div class=\"vc_column_container col-md-4\"><div class=\"wpb_wrapper vc_column-inner\"><\/div><\/div><\/div><div class=\"vc_row wpb_row row top-row wpb_custom_034b39d9bc6c6b310d69e39f0ccf274f\"><div class=\"vc_column_container col-md-4\"><div class=\"wpb_wrapper vc_column-inner\"><a aria-label=\"Veiklos ataskaita u\u017e 2022 m.\" class=\"porto-sicon-box-link\" href=\"http:\/\/vaa.lt\/wp-content\/uploads\/2023\/05\/Veiklos-ataskaita-uz-2022-metus.pdf\" title='Pagrindiniai vidaus audito principai'><div class=\"porto-sicon-box  wpb_custom_1efe903570d178ff0a9b7bfa5febd3a4 style_1 default-icon\"><div class=\"porto-sicon-default\"><div class=\"porto-just-icon-wrapper porto-icon circle\" style=\"color:#ffffff;background:#006198;font-size:32px;\"><i class=\"fas fa-file-alt\"><\/i><\/div><\/div><div class=\"porto-sicon-header\"><h3 class=\"porto-sicon-title\" style=\"\">Veiklos ataskaita u\u017e 2022 m.<\/h3><\/div> <!-- header --><\/div><!-- porto-sicon-box --><\/a><\/div><\/div><div class=\"vc_column_container col-md-4\"><div class=\"wpb_wrapper vc_column-inner\"><a aria-label=\"Veiklos ataskaita u\u017e 2021 m.\" class=\"porto-sicon-box-link\" href=\"\/en\/apklausos\/upload\/surveys\/445751\/images\/2_priedas_VAA_Valdybos_Veiklos_ataskaita_uz_2021.pdf\/\" target='_blank' title='Pagrindiniai vidaus audito principai'><div class=\"porto-sicon-box  wpb_custom_1efe903570d178ff0a9b7bfa5febd3a4 style_1 default-icon\"><div class=\"porto-sicon-default\"><div class=\"porto-just-icon-wrapper porto-icon circle\" style=\"color:#ffffff;background:#006198;font-size:32px;\"><i class=\"fas fa-file-alt\"><\/i><\/div><\/div><div class=\"porto-sicon-header\"><h3 class=\"porto-sicon-title\" style=\"\">Veiklos ataskaita u\u017e 2021 m.<\/h3><\/div> <!-- header --><\/div><!-- porto-sicon-box --><\/a><\/div><\/div><div class=\"vc_column_container col-md-4\"><div class=\"wpb_wrapper vc_column-inner\"><a aria-label=\"Veiklos ataskaita u\u017e 2020 m.\" class=\"porto-sicon-box-link\" href=\"http:\/\/vaa.lt\/wp-content\/uploads\/2023\/01\/Priedas_2_VAA_Valdybos_Veiklos_Ataskaita_uz_2020.pdf\" target='_blank' title='Pagrindiniai vidaus audito principai'><div class=\"porto-sicon-box  wpb_custom_1efe903570d178ff0a9b7bfa5febd3a4 style_1 default-icon\"><div class=\"porto-sicon-default\"><div class=\"porto-just-icon-wrapper porto-icon circle\" style=\"color:#ffffff;background:#006198;font-size:32px;\"><i class=\"fas fa-file-alt\"><\/i><\/div><\/div><div class=\"porto-sicon-header\"><h3 class=\"porto-sicon-title\" style=\"\">Veiklos ataskaita u\u017e 2020 m.<\/h3><\/div> <!-- header --><\/div><!-- porto-sicon-box --><\/a><\/div><\/div><\/div><div class=\"vc_row wpb_row row top-row wpb_custom_034b39d9bc6c6b310d69e39f0ccf274f\"><div class=\"vc_column_container col-md-12\"><div class=\"wpb_wrapper vc_column-inner\"><div class=\"vc_empty_space  xxx\"   style=\"height: 60px\"><span class=\"vc_empty_space_inner\"><\/span><\/div><div class=\"porto-u-heading  wpb_custom_95aa9a11c17ad45cfabaf210d84ee7cc porto-u-ad87e2eaf3f9c495180fe0156ddf3eb0\"><div class=\"porto-u-main-heading\"><h2   style=\"color:#000000;\">Finansin\u0117s ataskaitos<\/h2><\/div><style>.porto-u-ad87e2eaf3f9c495180fe0156ddf3eb0.porto-u-heading{text-align:left}<\/style><\/div><div class=\"vc_empty_space  xxx\"   style=\"height: 32px\"><span class=\"vc_empty_space_inner\"><\/span><\/div><\/div><\/div><\/div><div class=\"vc_row wpb_row row top-row wpb_custom_034b39d9bc6c6b310d69e39f0ccf274f\"><div class=\"vc_column_container col-md-4\"><div class=\"wpb_wrapper vc_column-inner\"><a aria-label=\"Finansin\u0117 askaitomyb\u0117 u\u017e 2024 m.\" class=\"porto-sicon-box-link\" href=\"https:\/\/vaa.lt\/wp-content\/uploads\/2025\/06\/Finansines-bukles-ir-veiklos-ataskaitos_2024.pdf\" target='_blank' title='Pagrindiniai vidaus audito principai'><div class=\"porto-sicon-box  wpb_custom_1efe903570d178ff0a9b7bfa5febd3a4 style_1 default-icon\"><div class=\"porto-sicon-default\"><div class=\"porto-just-icon-wrapper porto-icon circle\" style=\"color:#ffffff;background:#006198;font-size:32px;\"><i class=\"fas fa-file-alt\"><\/i><\/div><\/div><div class=\"porto-sicon-header\"><h3 class=\"porto-sicon-title\" style=\"\">Finansin\u0117 askaitomyb\u0117 u\u017e 2024 m.<\/h3><\/div> <!-- header --><\/div><!-- porto-sicon-box --><\/a><\/div><\/div><div class=\"vc_column_container col-md-4\"><div class=\"wpb_wrapper vc_column-inner\"><a aria-label=\"Ai\u0161kinamasis ra\u0161tas 2024 m.\" class=\"porto-sicon-box-link\" href=\"https:\/\/vaa.lt\/wp-content\/uploads\/2025\/06\/Aiskinamasis_rastas_2024_VAA-2.pdf\" target='_blank' title='Pagrindiniai vidaus audito principai'><div class=\"porto-sicon-box  wpb_custom_1efe903570d178ff0a9b7bfa5febd3a4 style_1 default-icon\"><div class=\"porto-sicon-default\"><div class=\"porto-just-icon-wrapper porto-icon circle\" style=\"color:#ffffff;background:#006198;font-size:32px;\"><i class=\"fas fa-file-alt\"><\/i><\/div><\/div><div class=\"porto-sicon-header\"><h3 class=\"porto-sicon-title\" style=\"\">Ai\u0161kinamasis ra\u0161tas 2024 m.<\/h3><\/div> <!-- header --><\/div><!-- porto-sicon-box --><\/a><\/div><\/div><div class=\"vc_column_container col-md-4\"><div class=\"wpb_wrapper vc_column-inner\"><a aria-label=\"Audito i\u0161vada ir ataskaita u\u017e 2024 m.\" class=\"porto-sicon-box-link\" href=\"https:\/\/vaa.lt\/wp-content\/uploads\/2025\/06\/VAA-2024FA-isvada.pdf\" title='Pagrindiniai vidaus audito principai'><div class=\"porto-sicon-box  wpb_custom_1efe903570d178ff0a9b7bfa5febd3a4 style_1 default-icon\"><div class=\"porto-sicon-default\"><div class=\"porto-just-icon-wrapper porto-icon circle\" style=\"color:#ffffff;background:#006198;font-size:32px;\"><i class=\"fas fa-file-alt\"><\/i><\/div><\/div><div class=\"porto-sicon-header\"><h3 class=\"porto-sicon-title\" style=\"\">Audito i\u0161vada ir ataskaita u\u017e 2024 m.<\/h3><\/div> <!-- header --><\/div><!-- porto-sicon-box --><\/a><\/div><\/div><\/div><div class=\"vc_row wpb_row row top-row wpb_custom_034b39d9bc6c6b310d69e39f0ccf274f\"><div class=\"vc_column_container col-md-4\"><div class=\"wpb_wrapper vc_column-inner\"><a aria-label=\"Finansin\u0117 askaitomyb\u0117 u\u017e 2023 m.\" class=\"porto-sicon-box-link\" href=\"http:\/\/vaa.lt\/wp-content\/uploads\/2024\/02\/Finansine-atskaitomybe_2023.pdf\" target='_blank' title='Pagrindiniai vidaus audito principai'><div class=\"porto-sicon-box  wpb_custom_1efe903570d178ff0a9b7bfa5febd3a4 style_1 default-icon\"><div class=\"porto-sicon-default\"><div class=\"porto-just-icon-wrapper porto-icon circle\" style=\"color:#ffffff;background:#006198;font-size:32px;\"><i class=\"fas fa-file-alt\"><\/i><\/div><\/div><div class=\"porto-sicon-header\"><h3 class=\"porto-sicon-title\" style=\"\">Finansin\u0117 askaitomyb\u0117 u\u017e 2023 m.<\/h3><\/div> <!-- header --><\/div><!-- porto-sicon-box --><\/a><\/div><\/div><div class=\"vc_column_container col-md-4\"><div class=\"wpb_wrapper vc_column-inner\"><a aria-label=\"Ai\u0161kinamasis ra\u0161tas 2023 m.\" class=\"porto-sicon-box-link\" href=\"http:\/\/vaa.lt\/wp-content\/uploads\/2024\/02\/Aiskinamasis-rastas_2023-s0321-1.pdf\" target='_blank' title='Pagrindiniai vidaus audito principai'><div class=\"porto-sicon-box  wpb_custom_1efe903570d178ff0a9b7bfa5febd3a4 style_1 default-icon\"><div class=\"porto-sicon-default\"><div class=\"porto-just-icon-wrapper porto-icon circle\" style=\"color:#ffffff;background:#006198;font-size:32px;\"><i class=\"fas fa-file-alt\"><\/i><\/div><\/div><div class=\"porto-sicon-header\"><h3 class=\"porto-sicon-title\" style=\"\">Ai\u0161kinamasis ra\u0161tas 2023 m.<\/h3><\/div> <!-- header --><\/div><!-- porto-sicon-box --><\/a><\/div><\/div><div class=\"vc_column_container col-md-4\"><div class=\"wpb_wrapper vc_column-inner\"><a aria-label=\"Audito i\u0161vada ir ataskaita u\u017e 2023 m.\" class=\"porto-sicon-box-link\" href=\"http:\/\/vaa.lt\/wp-content\/uploads\/2024\/02\/Audito-isvada-ir-atasakita-uz-2023-m.pdf\" title='Pagrindiniai vidaus audito principai'><div class=\"porto-sicon-box  wpb_custom_1efe903570d178ff0a9b7bfa5febd3a4 style_1 default-icon\"><div class=\"porto-sicon-default\"><div class=\"porto-just-icon-wrapper porto-icon circle\" style=\"color:#ffffff;background:#006198;font-size:32px;\"><i class=\"fas fa-file-alt\"><\/i><\/div><\/div><div class=\"porto-sicon-header\"><h3 class=\"porto-sicon-title\" style=\"\">Audito i\u0161vada ir ataskaita u\u017e 2023 m.<\/h3><\/div> <!-- header --><\/div><!-- porto-sicon-box --><\/a><\/div><\/div><\/div><div class=\"vc_row wpb_row row top-row wpb_custom_034b39d9bc6c6b310d69e39f0ccf274f\"><div class=\"vc_column_container col-md-4\"><div class=\"wpb_wrapper vc_column-inner\"><a aria-label=\"Finansin\u0117 askaitomyb\u0117 u\u017e 2022 m.\" class=\"porto-sicon-box-link\" href=\"http:\/\/vaa.lt\/wp-content\/uploads\/2023\/04\/Finansine-atskaitomybe.pdf\" target='_blank' title='Pagrindiniai vidaus audito principai'><div class=\"porto-sicon-box  wpb_custom_1efe903570d178ff0a9b7bfa5febd3a4 style_1 default-icon\"><div class=\"porto-sicon-default\"><div class=\"porto-just-icon-wrapper porto-icon circle\" style=\"color:#ffffff;background:#006198;font-size:32px;\"><i class=\"fas fa-file-alt\"><\/i><\/div><\/div><div class=\"porto-sicon-header\"><h3 class=\"porto-sicon-title\" style=\"\">Finansin\u0117 askaitomyb\u0117 u\u017e 2022 m.<\/h3><\/div> <!-- header --><\/div><!-- porto-sicon-box --><\/a><\/div><\/div><div class=\"vc_column_container col-md-4\"><div class=\"wpb_wrapper vc_column-inner\"><a aria-label=\"Ai\u0161kinamasis ra\u0161tas 2022 m.\" class=\"porto-sicon-box-link\" href=\"http:\/\/vaa.lt\/wp-content\/uploads\/2023\/04\/Aiskinamasis-rastas-2022.pdf\" target='_blank' title='Pagrindiniai vidaus audito principai'><div class=\"porto-sicon-box  wpb_custom_1efe903570d178ff0a9b7bfa5febd3a4 style_1 default-icon\"><div class=\"porto-sicon-default\"><div class=\"porto-just-icon-wrapper porto-icon circle\" style=\"color:#ffffff;background:#006198;font-size:32px;\"><i class=\"fas fa-file-alt\"><\/i><\/div><\/div><div class=\"porto-sicon-header\"><h3 class=\"porto-sicon-title\" style=\"\">Ai\u0161kinamasis ra\u0161tas 2022 m.<\/h3><\/div> <!-- header --><\/div><!-- porto-sicon-box --><\/a><\/div><\/div><div class=\"vc_column_container col-md-4\"><div class=\"wpb_wrapper vc_column-inner\"><a aria-label=\"Audito i\u0161vada ir ataskaita u\u017e 2022 m.\" class=\"porto-sicon-box-link\" href=\"http:\/\/vaa.lt\/wp-content\/uploads\/2023\/04\/Audito-isvada-ir-ataskaita-uz-2022-m..pdf\" title='Pagrindiniai vidaus audito principai'><div class=\"porto-sicon-box  wpb_custom_1efe903570d178ff0a9b7bfa5febd3a4 style_1 default-icon\"><div class=\"porto-sicon-default\"><div class=\"porto-just-icon-wrapper porto-icon circle\" style=\"color:#ffffff;background:#006198;font-size:32px;\"><i class=\"fas fa-file-alt\"><\/i><\/div><\/div><div class=\"porto-sicon-header\"><h3 class=\"porto-sicon-title\" style=\"\">Audito i\u0161vada ir ataskaita u\u017e 2022 m.<\/h3><\/div> <!-- header --><\/div><!-- porto-sicon-box --><\/a><\/div><\/div><\/div><div class=\"vc_row wpb_row row top-row wpb_custom_034b39d9bc6c6b310d69e39f0ccf274f\"><div class=\"vc_column_container col-md-4\"><div class=\"wpb_wrapper vc_column-inner\"><a aria-label=\"Finansin\u0117 askaitomyb\u0117 u\u017e 2021 m.\" class=\"porto-sicon-box-link\" href=\"http:\/\/vaa.lt\/wp-content\/uploads\/2023\/01\/1_1_Priedas_VAA_Finansine_Atskaitomybe-2021.pdf\" target='_blank' title='Pagrindiniai vidaus audito principai'><div class=\"porto-sicon-box  wpb_custom_1efe903570d178ff0a9b7bfa5febd3a4 style_1 default-icon\"><div class=\"porto-sicon-default\"><div class=\"porto-just-icon-wrapper porto-icon circle\" style=\"color:#ffffff;background:#006198;font-size:32px;\"><i class=\"fas fa-file-alt\"><\/i><\/div><\/div><div class=\"porto-sicon-header\"><h3 class=\"porto-sicon-title\" style=\"\">Finansin\u0117 askaitomyb\u0117 u\u017e 2021 m.<\/h3><\/div> <!-- header --><\/div><!-- porto-sicon-box --><\/a><\/div><\/div><div class=\"vc_column_container col-md-4\"><div class=\"wpb_wrapper vc_column-inner\"><a aria-label=\"Ai\u0161kinamasis ra\u0161tas 2021 m.\" class=\"porto-sicon-box-link\" href=\"http:\/\/vaa.lt\/wp-content\/uploads\/2023\/01\/1_2_Priedas_VAA_Aiskinamasis-rastas_2021.pdf\" target='_blank' title='Pagrindiniai vidaus audito principai'><div class=\"porto-sicon-box  wpb_custom_1efe903570d178ff0a9b7bfa5febd3a4 style_1 default-icon\"><div class=\"porto-sicon-default\"><div class=\"porto-just-icon-wrapper porto-icon circle\" style=\"color:#ffffff;background:#006198;font-size:32px;\"><i class=\"fas fa-file-alt\"><\/i><\/div><\/div><div class=\"porto-sicon-header\"><h3 class=\"porto-sicon-title\" style=\"\">Ai\u0161kinamasis ra\u0161tas 2021 m.<\/h3><\/div> <!-- header --><\/div><!-- porto-sicon-box --><\/a><\/div><\/div><div class=\"vc_column_container col-md-4\"><div class=\"wpb_wrapper vc_column-inner\"><\/div><\/div><\/div><div class=\"vc_row wpb_row row top-row wpb_custom_034b39d9bc6c6b310d69e39f0ccf274f\"><div class=\"vc_column_container col-md-4\"><div class=\"wpb_wrapper vc_column-inner\"><a aria-label=\"Finansin\u0117 askaitomyb\u0117 u\u017e 2020 m.\" class=\"porto-sicon-box-link\" href=\"http:\/\/vaa.lt\/wp-content\/uploads\/2023\/01\/Priedas_1-1_VAA_Finansine_Atskaitomybe_2020.pdf\" target='_blank' title='Pagrindiniai vidaus audito principai'><div class=\"porto-sicon-box  wpb_custom_1efe903570d178ff0a9b7bfa5febd3a4 style_1 default-icon\"><div class=\"porto-sicon-default\"><div class=\"porto-just-icon-wrapper porto-icon circle\" style=\"color:#ffffff;background:#006198;font-size:32px;\"><i class=\"fas fa-file-alt\"><\/i><\/div><\/div><div class=\"porto-sicon-header\"><h3 class=\"porto-sicon-title\" style=\"\">Finansin\u0117 askaitomyb\u0117 u\u017e 2020 m.<\/h3><\/div> <!-- header --><\/div><!-- porto-sicon-box --><\/a><\/div><\/div><div class=\"vc_column_container col-md-4\"><div class=\"wpb_wrapper vc_column-inner\"><a aria-label=\"Ai\u0161kinamasis ra\u0161tas 2020 m.\" class=\"porto-sicon-box-link\" href=\"http:\/\/vaa.lt\/wp-content\/uploads\/2023\/01\/Priedas_1-2_VAA_Aiskinamasis_Rastas_2020.pdf\" target='_blank' title='Pagrindiniai vidaus audito principai'><div class=\"porto-sicon-box  wpb_custom_1efe903570d178ff0a9b7bfa5febd3a4 style_1 default-icon\"><div class=\"porto-sicon-default\"><div class=\"porto-just-icon-wrapper porto-icon circle\" style=\"color:#ffffff;background:#006198;font-size:32px;\"><i class=\"fas fa-file-alt\"><\/i><\/div><\/div><div class=\"porto-sicon-header\"><h3 class=\"porto-sicon-title\" style=\"\">Ai\u0161kinamasis ra\u0161tas 2020 m.<\/h3><\/div> <!-- header --><\/div><!-- porto-sicon-box --><\/a><\/div><\/div><div class=\"vc_column_container col-md-4\"><div class=\"wpb_wrapper vc_column-inner\"><\/div><\/div><\/div>\n<\/div>","protected":false},"excerpt":{"rendered":"Veiklos dokumentaiVeiklos \u012fstatai Strateginis planas 2024 - 2026 metams Interes\u0173 konflikt\u0173 valdymo politika Veiklos ataskaitosVeiklos ataskaita u\u017e 2023 m. Veiklos ataskaita u\u017e 2024 m. Veiklos ataskaita u\u017e 2022 m. Veiklos ataskaita u\u017e 2021 m. Veiklos ataskaita u\u017e 2020 m. Finansin\u0117s ataskaitosFinansin\u0117 askaitomyb\u0117 u\u017e 2024 m. Ai\u0161kinamasis ra\u0161tas 2024 m. Audito i\u0161vada ir ataskaita u\u017e 2024 [...]","protected":false},"author":1,"featured_media":0,"parent":0,"menu_order":0,"comment_status":"closed","ping_status":"closed","template":"","meta":{"footnotes":""},"class_list":["post-10781","page","type-page","status-publish","hentry"],"_links":{"self":[{"href":"https:\/\/vaa.lt\/en\/wp-json\/wp\/v2\/pages\/10781","targetHints":{"allow":["GET"]}}],"collection":[{"href":"https:\/\/vaa.lt\/en\/wp-json\/wp\/v2\/pages"}],"about":[{"href":"https:\/\/vaa.lt\/en\/wp-json\/wp\/v2\/types\/page"}],"author":[{"embeddable":true,"href":"https:\/\/vaa.lt\/en\/wp-json\/wp\/v2\/users\/1"}],"replies":[{"embeddable":true,"href":"https:\/\/vaa.lt\/en\/wp-json\/wp\/v2\/comments?post=10781"}],"version-history":[{"count":4,"href":"https:\/\/vaa.lt\/en\/wp-json\/wp\/v2\/pages\/10781\/revisions"}],"predecessor-version":[{"id":15525,"href":"https:\/\/vaa.lt\/en\/wp-json\/wp\/v2\/pages\/10781\/revisions\/15525"}],"wp:attachment":[{"href":"https:\/\/vaa.lt\/en\/wp-json\/wp\/v2\/media?parent=10781"}],"curies":[{"name":"wp","href":"https:\/\/api.w.org\/{rel}","templated":true}]}}