{"id":10126,"date":"2022-08-09T15:18:44","date_gmt":"2022-08-09T12:18:44","guid":{"rendered":"https:\/?page_id=10126"},"modified":"2025-05-02T13:56:04","modified_gmt":"2025-05-02T10:56:04","slug":"valdyba","status":"publish","type":"page","link":"https:\/\/vaa.lt\/en\/valdyba\/","title":{"rendered":"Valdyba"},"content":{"rendered":"<div class=\"wpb-content-wrapper\"><div data-vc-full-width=\"true\" data-vc-full-width-temp=\"true\" data-vc-full-width-init=\"false\" data-vc-parallax=\"1.5\" data-vc-parallax-image=\"https:\/\/vaa.lt\/wp-content\/uploads\/2023\/01\/back-scaled.jpg\" class=\"vc_row wpb_row row top-row vc_custom_1672926333503 vc_row-has-fill vc_row-o-content-middle vc_row-flex vc_general vc_parallax vc_parallax-content-moving wpb_custom_034b39d9bc6c6b310d69e39f0ccf274f\"><div class=\"vc_column_container col-md-12 vc_custom_1543888239030\"><div class=\"wpb_wrapper vc_column-inner\"><h2 style=\"font-size: 3.9375em;color: #006197;line-height: 1.1;text-align: center;font-weight:800;letter-spacing:-.016em\" data-appear-animation=\"fadeInUp\" data-appear-animation-delay=\"300\" class=\"vc_custom_heading vc_do_custom_heading pb-2 mb-2 mb-xl-4 wpb_custom_aa365bd5046e8294520b4e73732b9d15 text-uppercase heading-light\" >Vidaus auditori\u0173 asociacijos valdyb\u0105 sudaro 5 nariai<\/h2><p style=\"font-size: 1.3125em;color: #ffffff;line-height: 1.5;text-align: center\" data-appear-animation=\"fadeInUp\" data-appear-animation-delay=\"500\" class=\"vc_custom_heading vc_do_custom_heading pr-5 pb-3 mb-2 mb-xl-4 wpb_custom_aa365bd5046e8294520b4e73732b9d15\" >Asociacijos valdybos nari\u0173 kadencijos laikas yra <b>2 (dveji) metai.<\/b> Asociacijos valdybos narius renka ir at\u0161aukia <b>Visuotinis nari\u0173 susirinkimas<\/b><\/p><\/div><\/div><\/div><div class=\"vc_row-full-width vc_clearfix\"><\/div><div class=\"vc_row wpb_row row top-row wpb_custom_034b39d9bc6c6b310d69e39f0ccf274f\"><div class=\"vc_column_container col-md-12\"><div class=\"wpb_wrapper vc_column-inner\"><div class=\"vc_empty_space\"   style=\"height: 32px\"><span class=\"vc_empty_space_inner\"><\/span><\/div><\/div><\/div><\/div><div class=\"vc_row wpb_row row top-row wpb_custom_034b39d9bc6c6b310d69e39f0ccf274f\"><div class=\"vc_column_container col-md-2\"><div class=\"wpb_wrapper vc_column-inner\"><\/div><\/div><div class=\"vc_column_container col-md-8\"><div class=\"wpb_wrapper vc_column-inner\"><div class=\"vc_row wpb_row vc_inner row\"><div class=\"vc_column_container col-md-4\"><div class=\"wpb_wrapper vc_column-inner\">\r\n\t<div class=\"wpb_single_image wpb_content_element vc_align_center wpb_content_element  vc_custom_1673192066032 wpb_custom_81a4f7ef9830bf958462581aa01150fb\"><div class=\"wpb_wrapper\">\r\n\t\t\t\r\n\t\t\t<div class=\"vc_single_image-wrapper vc_box_rounded  vc_box_border_grey\"><img decoding=\"async\" class=\"vc_single_image-img\" src=\"https:\/\/vaa.lt\/wp-content\/uploads\/2022\/10\/2022.12.06-Portraits-Shoots101476-400x400.jpg\" width=\"400\" height=\"400\" alt=\"Rasa Kislovskien\u0117\" title=\"Rasa Kislovskien\u0117\" \/><\/div>\r\n\t\t<\/div>\r\n\t<\/div>\r\n<div class=\"porto-u-heading  wpb_custom_e738b710fc261be02ac2c0e73bd5aaa9 porto-u-ad87e2eaf3f9c495180fe0156ddf3eb0\"><div class=\"porto-u-main-heading\"><h2   style=\"margin-bottom: 5px;\">Rasa Kislovskien\u0117<\/h2><\/div><div class=\"porto-u-sub-heading\" style=\"color: #006198;margin-bottom:5px;\">VALDYBOS PIRMININK\u0116<\/div><style>.porto-u-ad87e2eaf3f9c495180fe0156ddf3eb0.porto-u-heading{text-align:left}<\/style><\/div><div class=\"porto-sicon-box  wpb_custom_5b7cc55db7301acc2e6c7aacb8fd2799 style_1 default-icon\"><div class=\"porto-sicon-default\"><div class=\"porto-just-icon-wrapper porto-icon circle\" style=\"color:#ffffff;background:#006198;font-size:18px;\"><i class=\"Simple-Line-Icons-envelope\"><\/i><\/div><\/div><div class=\"porto-sicon-header\" style=\"margin-bottom:0px;\"><a class=\"porto-sicon-box-link\" href=\"mailto:rasa.kislovskiene@vaa.lt\"><h3 class=\"porto-sicon-title\" style=\"margin-bottom:0px;\">rasa.kislovskiene@vaa.lt<\/h3><\/a><\/div> <!-- header --><\/div><!-- porto-sicon-box --><div class=\"porto-sicon-box  wpb_custom_e229415746b52f5aa1b9d5fcd2bfb59a style_1 default-icon\"><div class=\"porto-sicon-default\"><div class=\"porto-just-icon-wrapper porto-icon circle\" style=\"color:#ffffff;background:#006198;font-size:18px;\"><i class=\"fab fa-linkedin-in\"><\/i><\/div><\/div><div class=\"porto-sicon-header\"><a class=\"porto-sicon-box-link\" href=\"https:\/\/www.linkedin.com\/in\/kislovskiene\/\"><h3 class=\"porto-sicon-title\" style=\"\">Linkedin<\/h3><\/a><\/div> <!-- header --><\/div><!-- porto-sicon-box --><\/div><\/div><div class=\"vc_column_container col-md-4\"><div class=\"wpb_wrapper vc_column-inner\">\r\n\t<div class=\"wpb_single_image wpb_content_element vc_align_center wpb_content_element  vc_custom_1673192403132 wpb_custom_81a4f7ef9830bf958462581aa01150fb\"><div class=\"wpb_wrapper\">\r\n\t\t\t\r\n\t\t\t<div class=\"vc_single_image-wrapper vc_box_rounded  vc_box_border_grey\"><img decoding=\"async\" class=\"vc_single_image-img\" src=\"https:\/\/vaa.lt\/wp-content\/uploads\/2022\/10\/2022.12.06-Portraits-Shoots101280-400x400.jpg\" width=\"400\" height=\"400\" alt=\"Dalia Vaser\u0117\" title=\"Dalia Vaser\u0117\" \/><\/div>\r\n\t\t<\/div>\r\n\t<\/div>\r\n<div class=\"porto-u-heading  wpb_custom_e738b710fc261be02ac2c0e73bd5aaa9 porto-u-ad87e2eaf3f9c495180fe0156ddf3eb0\"><div class=\"porto-u-main-heading\"><h2   style=\"margin-bottom: 5px;\">Dalia Vaser\u0117<\/h2><\/div><div class=\"porto-u-sub-heading\" style=\"color: #006198;margin-bottom:5px;\">VALDYBOS NAR\u0116<\/div><style>.porto-u-ad87e2eaf3f9c495180fe0156ddf3eb0.porto-u-heading{text-align:left}<\/style><\/div><div class=\"porto-sicon-box  wpb_custom_5b7cc55db7301acc2e6c7aacb8fd2799 style_1 default-icon\"><div class=\"porto-sicon-default\"><div class=\"porto-just-icon-wrapper porto-icon circle\" style=\"color:#ffffff;background:#006198;font-size:18px;\"><i class=\"Simple-Line-Icons-envelope\"><\/i><\/div><\/div><div class=\"porto-sicon-header\" style=\"margin-bottom:0px;\"><a class=\"porto-sicon-box-link\" href=\"mailto:dalia.vasere@vaa.lt\"><h3 class=\"porto-sicon-title\" style=\"margin-bottom:0px;\">dalia.vasere@vaa.lt<\/h3><\/a><\/div> <!-- header --><\/div><!-- porto-sicon-box --><div class=\"porto-sicon-box  wpb_custom_e229415746b52f5aa1b9d5fcd2bfb59a style_1 default-icon\"><div class=\"porto-sicon-default\"><div class=\"porto-just-icon-wrapper porto-icon circle\" style=\"color:#ffffff;background:#006198;font-size:18px;\"><i class=\"fab fa-linkedin-in\"><\/i><\/div><\/div><div class=\"porto-sicon-header\"><a class=\"porto-sicon-box-link\" href=\"https:\/\/www.linkedin.com\/in\/dalia-vaser%C4%97\"><h3 class=\"porto-sicon-title\" style=\"\">Linkedin<\/h3><\/a><\/div> <!-- header --><\/div><!-- porto-sicon-box --><\/div><\/div><div class=\"vc_column_container col-md-4\"><div class=\"wpb_wrapper vc_column-inner\">\r\n\t<div class=\"wpb_single_image wpb_content_element vc_align_center wpb_content_element  vc_custom_1714657091199 wpb_custom_81a4f7ef9830bf958462581aa01150fb\"><div class=\"wpb_wrapper\">\r\n\t\t\t\r\n\t\t\t<div class=\"vc_single_image-wrapper vc_box_rounded  vc_box_border_grey\"><img decoding=\"async\" class=\"vc_single_image-img\" src=\"https:\/\/vaa.lt\/wp-content\/uploads\/2024\/05\/Donatas5-400x400.jpg\" width=\"400\" height=\"400\" alt=\"Donatas5\" title=\"Donatas5\" \/><\/div>\r\n\t\t<\/div>\r\n\t<\/div>\r\n<div class=\"porto-u-heading  wpb_custom_e738b710fc261be02ac2c0e73bd5aaa9 porto-u-ad87e2eaf3f9c495180fe0156ddf3eb0\"><div class=\"porto-u-main-heading\"><h2   style=\"margin-bottom: 5px;\">Donatas Vitkus<\/h2><\/div><div class=\"porto-u-sub-heading\" style=\"color: #006198;margin-bottom:5px;\">VALDYBOS NARYS<\/div><style>.porto-u-ad87e2eaf3f9c495180fe0156ddf3eb0.porto-u-heading{text-align:left}<\/style><\/div><div class=\"porto-sicon-box  wpb_custom_5b7cc55db7301acc2e6c7aacb8fd2799 style_1 default-icon\"><div class=\"porto-sicon-default\"><div class=\"porto-just-icon-wrapper porto-icon circle\" style=\"color:#ffffff;background:#006198;font-size:18px;\"><i class=\"Simple-Line-Icons-envelope\"><\/i><\/div><\/div><div class=\"porto-sicon-header\" style=\"margin-bottom:0px;\"><a class=\"porto-sicon-box-link\" href=\"mailto:donatas.vitkus@vaa.lt\"><h3 class=\"porto-sicon-title\" style=\"margin-bottom:0px;\">donatas.vitkus@vaa.lt<\/h3><\/a><\/div> <!-- header --><\/div><!-- porto-sicon-box --><div class=\"porto-sicon-box  wpb_custom_e229415746b52f5aa1b9d5fcd2bfb59a style_1 default-icon\"><div class=\"porto-sicon-default\"><div class=\"porto-just-icon-wrapper porto-icon circle\" style=\"color:#ffffff;background:#006198;font-size:18px;\"><i class=\"fab fa-linkedin-in\"><\/i><\/div><\/div><div class=\"porto-sicon-header\"><a class=\"porto-sicon-box-link\" href=\"https:\/\/www.linkedin.com\/in\/donatas-vitkus-phd-b61b6268\/\"><h3 class=\"porto-sicon-title\" style=\"\">Linkedin<\/h3><\/a><\/div> <!-- header --><\/div><!-- porto-sicon-box --><\/div><\/div><\/div><\/div><\/div><div class=\"vc_column_container col-md-2\"><div class=\"wpb_wrapper vc_column-inner\"><\/div><\/div><\/div><div class=\"vc_row wpb_row row top-row wpb_custom_034b39d9bc6c6b310d69e39f0ccf274f\"><div class=\"vc_column_container col-md-2\"><div class=\"wpb_wrapper vc_column-inner\"><\/div><\/div><div class=\"vc_column_container col-md-8\"><div class=\"wpb_wrapper vc_column-inner\"><div class=\"vc_row wpb_row vc_inner row\"><div class=\"vc_column_container col-md-4\"><div class=\"wpb_wrapper vc_column-inner\">\r\n\t<div class=\"wpb_single_image wpb_content_element vc_align_center wpb_content_element  vc_custom_1746183241084 wpb_custom_81a4f7ef9830bf958462581aa01150fb\"><div class=\"wpb_wrapper\">\r\n\t\t\t\r\n\t\t\t<div class=\"vc_single_image-wrapper vc_box_rounded  vc_box_border_grey\"><img decoding=\"async\" class=\"vc_single_image-img\" src=\"https:\/\/vaa.lt\/wp-content\/uploads\/2025\/05\/Agniete2-400x400.jpg\" width=\"400\" height=\"400\" alt=\"Agniet\u01172\" title=\"Agniet\u01172\" \/><\/div>\r\n\t\t<\/div>\r\n\t<\/div>\r\n<div class=\"porto-u-heading  wpb_custom_e738b710fc261be02ac2c0e73bd5aaa9 porto-u-ad87e2eaf3f9c495180fe0156ddf3eb0\"><div class=\"porto-u-main-heading\"><h3   style=\"margin-bottom: 5px;\">Agniet\u0117 Vorauskait\u0117 - Kliacevi\u010dien\u0117<\/h3><\/div><div class=\"porto-u-sub-heading\" style=\"color: #006198;margin-bottom:5px;\">VALDYBOS NAR\u0116<\/div><style>.porto-u-ad87e2eaf3f9c495180fe0156ddf3eb0.porto-u-heading{text-align:left}<\/style><\/div><div class=\"porto-sicon-box  wpb_custom_4b8826ce307edd6f12586ae5a3495d0e style_1 default-icon\"><div class=\"porto-sicon-default\"><div class=\"porto-just-icon-wrapper porto-icon circle\" style=\"color:#ffffff;background:#006198;font-size:18px;\"><i class=\"Simple-Line-Icons-envelope\"><\/i><\/div><\/div><div class=\"porto-sicon-header\" style=\"margin-bottom:0px;\"><a class=\"porto-sicon-box-link\" href=\"mailto:laura.garbenciute-bakiene@vaa.lt\"><h3 class=\"porto-sicon-title\" style=\"margin-bottom:0px;\">agniete.vorauskaite-kliaceviciene@vaa.lt<\/h3><\/a><\/div> <!-- header --><\/div><!-- porto-sicon-box --><div class=\"porto-sicon-box  wpb_custom_e229415746b52f5aa1b9d5fcd2bfb59a style_1 default-icon\"><div class=\"porto-sicon-default\"><div class=\"porto-just-icon-wrapper porto-icon circle\" style=\"color:#ffffff;background:#006198;font-size:18px;\"><i class=\"fab fa-linkedin-in\"><\/i><\/div><\/div><div class=\"porto-sicon-header\"><a class=\"porto-sicon-box-link\" href=\"https:\/\/www.linkedin.com\/in\/agniete-vorauskaite-217b156\/\"><h3 class=\"porto-sicon-title\" style=\"\">Linkedin<\/h3><\/a><\/div> <!-- header --><\/div><!-- porto-sicon-box --><\/div><\/div><div class=\"vc_column_container col-md-4\"><div class=\"wpb_wrapper vc_column-inner\">\r\n\t<div class=\"wpb_single_image wpb_content_element vc_align_center wpb_content_element  vc_custom_1715887726872 wpb_custom_81a4f7ef9830bf958462581aa01150fb\"><div class=\"wpb_wrapper\">\r\n\t\t\t\r\n\t\t\t<div class=\"vc_single_image-wrapper vc_box_rounded  vc_box_border_grey\"><img decoding=\"async\" class=\"vc_single_image-img\" src=\"https:\/\/vaa.lt\/wp-content\/uploads\/2024\/05\/RitaM1-400x400.jpg\" width=\"400\" height=\"400\" alt=\"RitaM1\" title=\"RitaM1\" \/><\/div>\r\n\t\t<\/div>\r\n\t<\/div>\r\n<div class=\"porto-u-heading  wpb_custom_e738b710fc261be02ac2c0e73bd5aaa9 porto-u-ad87e2eaf3f9c495180fe0156ddf3eb0\"><div class=\"porto-u-main-heading\"><h2   style=\"margin-bottom: 5px;\">Rita Marti\u0161ien\u0117<\/h2><\/div><div class=\"porto-u-sub-heading\" style=\"color: #006198;margin-bottom:5px;\">VALDYBOS NAR\u0116<\/div><style>.porto-u-ad87e2eaf3f9c495180fe0156ddf3eb0.porto-u-heading{text-align:left}<\/style><\/div><div class=\"porto-sicon-box  wpb_custom_5b7cc55db7301acc2e6c7aacb8fd2799 style_1 default-icon\"><div class=\"porto-sicon-default\"><div class=\"porto-just-icon-wrapper porto-icon circle\" style=\"color:#ffffff;background:#006198;font-size:18px;\"><i class=\"Simple-Line-Icons-envelope\"><\/i><\/div><\/div><div class=\"porto-sicon-header\" style=\"margin-bottom:0px;\"><a class=\"porto-sicon-box-link\" href=\"mailto:rita.martisiene@vaa.lt\"><h3 class=\"porto-sicon-title\" style=\"margin-bottom:0px;\">rita.martisiene@vaa.lt<\/h3><\/a><\/div> <!-- header --><\/div><!-- porto-sicon-box --><div class=\"porto-sicon-box  wpb_custom_e229415746b52f5aa1b9d5fcd2bfb59a style_1 default-icon\"><div class=\"porto-sicon-default\"><div class=\"porto-just-icon-wrapper porto-icon circle\" style=\"color:#ffffff;background:#006198;font-size:18px;\"><i class=\"fab fa-linkedin-in\"><\/i><\/div><\/div><div class=\"porto-sicon-header\"><a class=\"porto-sicon-box-link\" href=\"https:\/\/www.linkedin.com\/in\/martisiene\/\"><h3 class=\"porto-sicon-title\" style=\"\">Linkedin<\/h3><\/a><\/div> <!-- header --><\/div><!-- porto-sicon-box --><\/div><\/div><div class=\"vc_column_container col-md-4\"><div class=\"wpb_wrapper vc_column-inner\">\r\n\t<div class=\"wpb_single_image wpb_content_element vc_align_center wpb_content_element  vc_custom_1673192420104 wpb_custom_81a4f7ef9830bf958462581aa01150fb\"><div class=\"wpb_wrapper\">\r\n\t\t\t\r\n\t\t\t<div class=\"vc_single_image-wrapper vc_box_rounded  vc_box_border_grey\"><img decoding=\"async\" class=\"vc_single_image-img\" src=\"https:\/\/vaa.lt\/wp-content\/uploads\/2022\/10\/2022.12.06-Portraits-Shoots101083-400x400.jpg\" width=\"400\" height=\"400\" alt=\"Asta Taurosien\u0117\" title=\"Asta Taurosien\u0117\" \/><\/div>\r\n\t\t<\/div>\r\n\t<\/div>\r\n<div class=\"porto-u-heading  wpb_custom_e738b710fc261be02ac2c0e73bd5aaa9 porto-u-ad87e2eaf3f9c495180fe0156ddf3eb0\"><div class=\"porto-u-main-heading\"><h2   style=\"margin-bottom: 5px;\">Asta Taurosien\u0117<\/h2><\/div><div class=\"porto-u-sub-heading\" style=\"color: #006198;margin-bottom:5px;\">VAA VADOV\u0116<\/div><style>.porto-u-ad87e2eaf3f9c495180fe0156ddf3eb0.porto-u-heading{text-align:left}<\/style><\/div><div class=\"porto-sicon-box  wpb_custom_5b7cc55db7301acc2e6c7aacb8fd2799 style_1 default-icon\"><div class=\"porto-sicon-default\"><div class=\"porto-just-icon-wrapper porto-icon circle\" style=\"color:#ffffff;background:#006198;font-size:18px;\"><i class=\"Simple-Line-Icons-envelope\"><\/i><\/div><\/div><div class=\"porto-sicon-header\" style=\"margin-bottom:0px;\"><a class=\"porto-sicon-box-link\" href=\"mailto:administravimas@vaa.lt\"><h3 class=\"porto-sicon-title\" style=\"margin-bottom:0px;\">asta.taurosiene@vaa.lt<\/h3><\/a><\/div> <!-- header --><\/div><!-- porto-sicon-box --><div class=\"porto-sicon-box  wpb_custom_e229415746b52f5aa1b9d5fcd2bfb59a style_1 default-icon\"><div class=\"porto-sicon-default\"><div class=\"porto-just-icon-wrapper porto-icon circle\" style=\"color:#ffffff;background:#006198;font-size:18px;\"><i class=\"fab fa-linkedin-in\"><\/i><\/div><\/div><div class=\"porto-sicon-header\"><a class=\"porto-sicon-box-link\" href=\"https:\/\/www.linkedin.com\/in\/asta-taurosiene\/\"><h3 class=\"porto-sicon-title\" style=\"\">Linkedin<\/h3><\/a><\/div> <!-- header --><\/div><!-- porto-sicon-box --><\/div><\/div><\/div><\/div><\/div><div class=\"vc_column_container col-md-2\"><div class=\"wpb_wrapper vc_column-inner\"><\/div><\/div><\/div><div class=\"vc_row wpb_row row top-row wpb_custom_034b39d9bc6c6b310d69e39f0ccf274f\"><div class=\"vc_column_container col-md-12\"><div class=\"wpb_wrapper vc_column-inner\">\r\n\t<div class=\"wpb_text_column wpb_content_element wpb_custom_7c91d232724f73626cc933bd95b25ff0\" >\r\n\t\t<div class=\"wpb_wrapper\">\r\n\t\t\t\r\n\t\t<\/div>\r\n\t<\/div>\r\n<\/div><\/div><\/div><div class=\"vc_row wpb_row row top-row wpb_custom_034b39d9bc6c6b310d69e39f0ccf274f\"><div class=\"vc_column_container col-md-12\"><div class=\"wpb_wrapper vc_column-inner\">\r\n\t<div class=\"wpb_text_column wpb_content_element wpb_custom_7c91d232724f73626cc933bd95b25ff0\" >\r\n\t\t<div class=\"wpb_wrapper\">\r\n\t\t\t\r\n\t\t<\/div>\r\n\t<\/div>\r\n<\/div><\/div><\/div><div data-vc-full-width=\"true\" data-vc-full-width-temp=\"true\" data-vc-full-width-init=\"false\" class=\"vc_row wpb_row top-row vc_custom_1674997296385 section section-parallax mt-0 mb-0 vc_row-has-fill porto-inner-container wpb_custom_034b39d9bc6c6b310d69e39f0ccf274f\"><div class=\"porto-wrap-container container\"><div class=\"row\"><div class=\"vc_column_container col-md-9\"><div class=\"wpb_wrapper vc_column-inner\"><div class=\"vc_row wpb_row vc_inner row\"><div class=\"vc_column_container col-md-12\"><div class=\"wpb_wrapper vc_column-inner\"><div class=\"porto-u-heading  wpb_custom_95aa9a11c17ad45cfabaf210d84ee7cc porto-u-55ca8359258f9a412be7e73af65d2aac\"><div class=\"porto-u-main-heading\"><h2  >Savanoryst\u0117<\/h2><\/div><style>.porto-u-55ca8359258f9a412be7e73af65d2aac.porto-u-heading{text-align:center}<\/style><\/div><div class=\"porto-testimonial wpb_content_element   wpb_custom_4760b66c0cbf51ec9a7673f3785bca75\"><div class=\"row m-b-md p-b-md\"><div class=\"col-12 col-md-12 col-lg-12\"><div class=\"testimonial testimonial-advance testimonial-with-quotes m-b-none\"><blockquote class=\"p-b-sm\"><p>\n<p style=\"text-align: justify;\">Vidaus auditori\u0173 asociacija skatina savanoryst\u0117s veikl\u0105 ir kvie\u010dia Asociacijos narius prisijungti prie Valdybos veiklos. Savanoriai \u012fgyja galimyb\u0119 nemokamai dalyvauti Asociacijos organizuojamose mokamuose renginiuose ar gauti kitas naudas.<\/p>\n<p>Jei nor\u0117tum tapti Asociacijos savanoriu u\u017epildyk <a href=\"https:\/\/\/en\/savanoryste\/\"><strong>anket\u0105<\/strong> <\/a>arba ra\u0161yk el. pa\u0161tu <a href=\"mailto:administravimas@\">administravimas@vaa.lt<\/a>.<\/p><\/blockquote><div class=\"testimonial-author pull-left\"><p><strong><\/strong><span><\/span><\/p><\/div><\/div><\/div><\/div><\/div><\/div><\/div><\/div><\/div><\/div><div class=\"vc_column_container col-md-3\"><div class=\"wpb_wrapper vc_column-inner\"><div class=\"vc_row wpb_row vc_inner row\"><div class=\"vc_column_container col-md-6\"><div class=\"wpb_wrapper vc_column-inner\">\r\n\t<div class=\"wpb_single_image wpb_content_element vc_align_center wpb_content_element   m-t-md m-b-md wpb_custom_81a4f7ef9830bf958462581aa01150fb\"><div class=\"wpb_wrapper\">\r\n\t\t\t\r\n\t\t\t<div class=\"vc_single_image-wrapper   vc_box_border_grey\"><img decoding=\"async\" width=\"150\" height=\"150\" src=\"https:\/\/vaa.lt\/wp-content\/uploads\/2022\/10\/background-1-150x150.jpg\" class=\"vc_single_image-img attachment-thumbnail\" alt=\"\" title=\"background-1\" \/><\/div>\r\n\t\t<\/div>\r\n\t<\/div>\r\n\r\n\t<div class=\"wpb_single_image wpb_content_element vc_align_center wpb_content_element   m-b-md wpb_custom_81a4f7ef9830bf958462581aa01150fb\"><div class=\"wpb_wrapper\">\r\n\t\t\t\r\n\t\t\t<div class=\"vc_single_image-wrapper   vc_box_border_grey\"><img decoding=\"async\" width=\"150\" height=\"150\" src=\"https:\/\/vaa.lt\/wp-content\/uploads\/2021\/11\/RK-150x150.jpg\" class=\"vc_single_image-img attachment-thumbnail\" alt=\"\" title=\"RK\" \/><\/div>\r\n\t\t<\/div>\r\n\t<\/div>\r\n<\/div><\/div><div class=\"vc_column_container col-md-6\"><div class=\"wpb_wrapper vc_column-inner\">\r\n\t<div class=\"wpb_single_image wpb_content_element vc_align_center wpb_content_element   m-b-md wpb_custom_81a4f7ef9830bf958462581aa01150fb\"><div class=\"wpb_wrapper\">\r\n\t\t\t\r\n\t\t\t<div class=\"vc_single_image-wrapper   vc_box_border_grey\"><img decoding=\"async\" width=\"150\" height=\"150\" src=\"https:\/\/vaa.lt\/wp-content\/uploads\/2022\/10\/hero-150x150.webp\" class=\"vc_single_image-img attachment-thumbnail\" alt=\"\" title=\"hero\" \/><\/div>\r\n\t\t<\/div>\r\n\t<\/div>\r\n\r\n\t<div class=\"wpb_single_image wpb_content_element vc_align_center wpb_content_element   m-b-md wpb_custom_81a4f7ef9830bf958462581aa01150fb\"><div class=\"wpb_wrapper\">\r\n\t\t\t\r\n\t\t\t<div class=\"vc_single_image-wrapper   vc_box_border_grey\"><img decoding=\"async\" width=\"150\" height=\"150\" src=\"https:\/\/vaa.lt\/wp-content\/uploads\/2022\/03\/A-150x150.jpg\" class=\"vc_single_image-img attachment-thumbnail\" alt=\"\" title=\"\" \/><\/div>\r\n\t\t<\/div>\r\n\t<\/div>\r\n<\/div><\/div><\/div><\/div><\/div><\/div><\/div><\/div><div class=\"vc_row-full-width vc_clearfix\"><\/div>\n<\/div>","protected":false},"excerpt":{"rendered":"Vidaus auditori\u0173 asociacijos valdyb\u0105 sudaro 5 nariaiAsociacijos valdybos nari\u0173 kadencijos laikas yra 2 (dveji) metai. Asociacijos valdybos narius renka ir at\u0161aukia Visuotinis nari\u0173 susirinkimas Rasa Kislovskien\u0117VALDYBOS PIRMININK\u0116rasa.kislovskiene@vaa.lt Linkedin Dalia Vaser\u0117VALDYBOS NAR\u0116dalia.vasere@vaa.lt Linkedin Donatas VitkusVALDYBOS NARYSdonatas.vitkus@vaa.lt Linkedin Agniet\u0117 Vorauskait\u0117 - Kliacevi\u010dien\u0117VALDYBOS NAR\u0116agniete.vorauskaite-kliaceviciene@vaa.lt Linkedin Rita Marti\u0161ien\u0117VALDYBOS NAR\u0116rita.martisiene@vaa.lt Linkedin Asta Taurosien\u0117VAA VADOV\u0116asta.taurosiene@vaa.lt Linkedin Savanoryst\u0117 Vidaus auditori\u0173 asociacija skatina [...]","protected":false},"author":7,"featured_media":0,"parent":0,"menu_order":0,"comment_status":"closed","ping_status":"closed","template":"","meta":{"footnotes":""},"class_list":["post-10126","page","type-page","status-publish","hentry"],"_links":{"self":[{"href":"https:\/\/vaa.lt\/en\/wp-json\/wp\/v2\/pages\/10126","targetHints":{"allow":["GET"]}}],"collection":[{"href":"https:\/\/vaa.lt\/en\/wp-json\/wp\/v2\/pages"}],"about":[{"href":"https:\/\/vaa.lt\/en\/wp-json\/wp\/v2\/types\/page"}],"author":[{"embeddable":true,"href":"https:\/\/vaa.lt\/en\/wp-json\/wp\/v2\/users\/7"}],"replies":[{"embeddable":true,"href":"https:\/\/vaa.lt\/en\/wp-json\/wp\/v2\/comments?post=10126"}],"version-history":[{"count":16,"href":"https:\/\/vaa.lt\/en\/wp-json\/wp\/v2\/pages\/10126\/revisions"}],"predecessor-version":[{"id":15343,"href":"https:\/\/vaa.lt\/en\/wp-json\/wp\/v2\/pages\/10126\/revisions\/15343"}],"wp:attachment":[{"href":"https:\/\/vaa.lt\/en\/wp-json\/wp\/v2\/media?parent=10126"}],"curies":[{"name":"wp","href":"https:\/\/api.w.org\/{rel}","templated":true}]}}